{"id":3587,"date":"2026-04-04T14:59:25","date_gmt":"2026-04-04T14:59:25","guid":{"rendered":"https:\/\/alpacaselcamino.com\/?post_type=product&#038;p=3587"},"modified":"2026-04-09T10:28:17","modified_gmt":"2026-04-09T10:28:17","slug":"alpacamix","status":"publish","type":"product","link":"https:\/\/alpacaselcamino.com\/en\/product\/alpacamix\/","title":{"rendered":"Del reba\u00f1o de alpacas"},"content":{"rendered":"<h5>El Camino se caracteriza por su trazabilidad individual en los reba\u00f1os.<\/h5>\n<p>Es decir, sabes desde el <strong>segundo 0<\/strong> de donde viene la fibra del hilo que estas usando. En este apartado vas a encontrar gran parte del reba\u00f1o de alpacas, su fibra la mezclo con merino para darle una memoria a la prenda y adem\u00e1s la mezclo con fibra de ortiga, aportando una resistencia al hilo.<\/p>\n<p>Con esta combinaci\u00f3n (50% Alpaca &#8211; 25% Merino &#8211; 25% Ortiga) el resultado es un hilo bastante versatil, que puede ser usado desde un chaqueta maravillosa como para los calcetines de andar por casa m\u00e1s c\u00f3modos del mundo.<\/p>\n<p>Entre las opciones vas a encontrar el nombre de cada animal, te he a\u00f1adido su color para que encuentres m\u00e1s r\u00e1pido lo que se ajusta a tu proyecto. La alpaca es de El Camino, el merino de cuadras espa\u00f1olas como puede ser Fuente de los Romeros y la fibra de ortiga es proveniente de \u00abHimalayan fibers\u00bb que es una empresa social que intenta que los m\u00e9todos y formas de vida tradicionales de Nepal no se pierdan.<\/p>\n<p>*Los ovillos son del color natural del animal, que al mezclarlo con fibras blancas ese color se va a \u00abdeslavar\u00bb, por eso un animal negro (por ejemplo) dar\u00e1 como resultado un ovillo gris oscuro.<\/p>\n<p>*Si no te corre prisa en animales blancos o beige te puedo te\u00f1ir el ovillo.<\/p>\n<p>&nbsp;<\/p>\n<p>&nbsp;<\/p>","protected":false},"excerpt":{"rendered":"<p>  [&#8230;]<\/p>\n","protected":false},"featured_media":3597,"comment_status":"closed","ping_status":"closed","template":"","meta":[],"product_brand":[],"product_cat":[29,167,31],"product_tag":[],"class_list":{"0":"post-3587","1":"product","2":"type-product","3":"status-publish","4":"has-post-thumbnail","6":"product_cat-alpaca","7":"product_cat-del-rebano","8":"product_cat-ovillos","10":"first","11":"instock","12":"sale","13":"shipping-taxable","14":"purchasable","15":"product-type-variable"},"yoast_head":"<!-- This site is optimized with the Yoast SEO plugin v27.3 - https:\/\/yoast.com\/product\/yoast-seo-wordpress\/ -->\n<title>Del reba\u00f1o de alpacas - Alpacas El Camino<\/title>\n<meta name=\"description\" content=\"Cosmian es uno de los sementales de El Camino, con una fibra maravillosa, de finura y largura constante por todo el cuerpo.\" \/>\n<meta name=\"robots\" content=\"index, follow, max-snippet:-1, max-image-preview:large, max-video-preview:-1\" \/>\n<link rel=\"canonical\" href=\"https:\/\/alpacaselcamino.com\/en\/product\/alpacamix\/\" \/>\n<meta property=\"og:locale\" content=\"en_GB\" \/>\n<meta property=\"og:type\" content=\"article\" \/>\n<meta property=\"og:title\" content=\"Del reba\u00f1o de alpacas - Alpacas El Camino\" \/>\n<meta property=\"og:description\" content=\"Cosmian es uno de los sementales de El Camino, con una fibra maravillosa, de finura y largura constante por todo el cuerpo.\" \/>\n<meta property=\"og:url\" content=\"https:\/\/alpacaselcamino.com\/en\/product\/alpacamix\/\" \/>\n<meta property=\"og:site_name\" content=\"Alpacas El Camino\" \/>\n<meta property=\"article:modified_time\" content=\"2026-04-09T10:28:17+00:00\" \/>\n<meta property=\"og:image\" content=\"https:\/\/alpacaselcamino.com\/wp-content\/uploads\/2026\/04\/1-1024x726.png\" \/>\n\t<meta property=\"og:image:width\" content=\"1024\" \/>\n\t<meta property=\"og:image:height\" content=\"726\" \/>\n\t<meta property=\"og:image:type\" content=\"image\/png\" \/>\n<meta name=\"twitter:card\" content=\"summary_large_image\" \/>\n<meta name=\"twitter:label1\" content=\"Estimated reading time\" \/>\n\t<meta name=\"twitter:data1\" content=\"2 minutes\" \/>\n<script type=\"application\/ld+json\" class=\"yoast-schema-graph\">{\"@context\":\"https:\\\/\\\/schema.org\",\"@graph\":[{\"@type\":\"WebPage\",\"@id\":\"https:\\\/\\\/alpacaselcamino.com\\\/producto\\\/alpacamix\\\/\",\"url\":\"https:\\\/\\\/alpacaselcamino.com\\\/producto\\\/alpacamix\\\/\",\"name\":\"Del reba\u00f1o de alpacas - Alpacas El Camino\",\"isPartOf\":{\"@id\":\"https:\\\/\\\/alpacaselcamino.com\\\/#website\"},\"primaryImageOfPage\":{\"@id\":\"https:\\\/\\\/alpacaselcamino.com\\\/producto\\\/alpacamix\\\/#primaryimage\"},\"image\":{\"@id\":\"https:\\\/\\\/alpacaselcamino.com\\\/producto\\\/alpacamix\\\/#primaryimage\"},\"thumbnailUrl\":\"https:\\\/\\\/alpacaselcamino.com\\\/wp-content\\\/uploads\\\/2026\\\/04\\\/1.png\",\"datePublished\":\"2026-04-04T14:59:25+00:00\",\"dateModified\":\"2026-04-09T10:28:17+00:00\",\"description\":\"Cosmian es uno de los sementales de El Camino, con una fibra maravillosa, de finura y largura constante por todo el cuerpo.\",\"breadcrumb\":{\"@id\":\"https:\\\/\\\/alpacaselcamino.com\\\/producto\\\/alpacamix\\\/#breadcrumb\"},\"inLanguage\":\"en-GB\",\"potentialAction\":[{\"@type\":\"ReadAction\",\"target\":[\"https:\\\/\\\/alpacaselcamino.com\\\/producto\\\/alpacamix\\\/\"]}]},{\"@type\":\"ImageObject\",\"inLanguage\":\"en-GB\",\"@id\":\"https:\\\/\\\/alpacaselcamino.com\\\/producto\\\/alpacamix\\\/#primaryimage\",\"url\":\"https:\\\/\\\/alpacaselcamino.com\\\/wp-content\\\/uploads\\\/2026\\\/04\\\/1.png\",\"contentUrl\":\"https:\\\/\\\/alpacaselcamino.com\\\/wp-content\\\/uploads\\\/2026\\\/04\\\/1.png\",\"width\":1748,\"height\":1240},{\"@type\":\"BreadcrumbList\",\"@id\":\"https:\\\/\\\/alpacaselcamino.com\\\/producto\\\/alpacamix\\\/#breadcrumb\",\"itemListElement\":[{\"@type\":\"ListItem\",\"position\":1,\"name\":\"Portada\",\"item\":\"https:\\\/\\\/alpacaselcamino.com\\\/\"},{\"@type\":\"ListItem\",\"position\":2,\"name\":\"Tienda\",\"item\":\"https:\\\/\\\/alpacaselcamino.com\\\/tienda\\\/\"},{\"@type\":\"ListItem\",\"position\":3,\"name\":\"Del reba\u00f1o de alpacas\"}]},{\"@type\":\"WebSite\",\"@id\":\"https:\\\/\\\/alpacaselcamino.com\\\/#website\",\"url\":\"https:\\\/\\\/alpacaselcamino.com\\\/\",\"name\":\"Alpacas El Camino\",\"description\":\"Ovillos de Alpaca y Cabra Mohair. Tambi\u00e9n huevos camperos y patos.\",\"publisher\":{\"@id\":\"https:\\\/\\\/alpacaselcamino.com\\\/#organization\"},\"potentialAction\":[{\"@type\":\"SearchAction\",\"target\":{\"@type\":\"EntryPoint\",\"urlTemplate\":\"https:\\\/\\\/alpacaselcamino.com\\\/?s={search_term_string}\"},\"query-input\":{\"@type\":\"PropertyValueSpecification\",\"valueRequired\":true,\"valueName\":\"search_term_string\"}}],\"inLanguage\":\"en-GB\"},{\"@type\":\"Organization\",\"@id\":\"https:\\\/\\\/alpacaselcamino.com\\\/#organization\",\"name\":\"Alpacas El Camino\",\"url\":\"https:\\\/\\\/alpacaselcamino.com\\\/\",\"logo\":{\"@type\":\"ImageObject\",\"inLanguage\":\"en-GB\",\"@id\":\"https:\\\/\\\/alpacaselcamino.com\\\/#\\\/schema\\\/logo\\\/image\\\/\",\"url\":\"https:\\\/\\\/alpacaselcamino.com\\\/wp-content\\\/uploads\\\/2022\\\/03\\\/Alpacas-El-Camino-2022-Logo.svg\",\"contentUrl\":\"https:\\\/\\\/alpacaselcamino.com\\\/wp-content\\\/uploads\\\/2022\\\/03\\\/Alpacas-El-Camino-2022-Logo.svg\",\"width\":290,\"height\":340,\"caption\":\"Alpacas El Camino\"},\"image\":{\"@id\":\"https:\\\/\\\/alpacaselcamino.com\\\/#\\\/schema\\\/logo\\\/image\\\/\"}}]}<\/script>\n<!-- \/ Yoast SEO plugin. -->","yoast_head_json":{"title":"Del reba\u00f1o de alpacas - Alpacas El Camino","description":"Cosmian es uno de los sementales de El Camino, con una fibra maravillosa, de finura y largura constante por todo el cuerpo.","robots":{"index":"index","follow":"follow","max-snippet":"max-snippet:-1","max-image-preview":"max-image-preview:large","max-video-preview":"max-video-preview:-1"},"canonical":"https:\/\/alpacaselcamino.com\/en\/product\/alpacamix\/","og_locale":"en_GB","og_type":"article","og_title":"Del reba\u00f1o de alpacas - Alpacas El Camino","og_description":"Cosmian es uno de los sementales de El Camino, con una fibra maravillosa, de finura y largura constante por todo el cuerpo.","og_url":"https:\/\/alpacaselcamino.com\/en\/product\/alpacamix\/","og_site_name":"Alpacas El Camino","article_modified_time":"2026-04-09T10:28:17+00:00","og_image":[{"width":1024,"height":726,"url":"https:\/\/alpacaselcamino.com\/wp-content\/uploads\/2026\/04\/1-1024x726.png","type":"image\/png"}],"twitter_card":"summary_large_image","twitter_misc":{"Estimated reading time":"2 minutes"},"schema":{"@context":"https:\/\/schema.org","@graph":[{"@type":"WebPage","@id":"https:\/\/alpacaselcamino.com\/producto\/alpacamix\/","url":"https:\/\/alpacaselcamino.com\/producto\/alpacamix\/","name":"Del reba\u00f1o de alpacas - Alpacas El Camino","isPartOf":{"@id":"https:\/\/alpacaselcamino.com\/#website"},"primaryImageOfPage":{"@id":"https:\/\/alpacaselcamino.com\/producto\/alpacamix\/#primaryimage"},"image":{"@id":"https:\/\/alpacaselcamino.com\/producto\/alpacamix\/#primaryimage"},"thumbnailUrl":"https:\/\/alpacaselcamino.com\/wp-content\/uploads\/2026\/04\/1.png","datePublished":"2026-04-04T14:59:25+00:00","dateModified":"2026-04-09T10:28:17+00:00","description":"Cosmian es uno de los sementales de El Camino, con una fibra maravillosa, de finura y largura constante por todo el cuerpo.","breadcrumb":{"@id":"https:\/\/alpacaselcamino.com\/producto\/alpacamix\/#breadcrumb"},"inLanguage":"en-GB","potentialAction":[{"@type":"ReadAction","target":["https:\/\/alpacaselcamino.com\/producto\/alpacamix\/"]}]},{"@type":"ImageObject","inLanguage":"en-GB","@id":"https:\/\/alpacaselcamino.com\/producto\/alpacamix\/#primaryimage","url":"https:\/\/alpacaselcamino.com\/wp-content\/uploads\/2026\/04\/1.png","contentUrl":"https:\/\/alpacaselcamino.com\/wp-content\/uploads\/2026\/04\/1.png","width":1748,"height":1240},{"@type":"BreadcrumbList","@id":"https:\/\/alpacaselcamino.com\/producto\/alpacamix\/#breadcrumb","itemListElement":[{"@type":"ListItem","position":1,"name":"Portada","item":"https:\/\/alpacaselcamino.com\/"},{"@type":"ListItem","position":2,"name":"Tienda","item":"https:\/\/alpacaselcamino.com\/tienda\/"},{"@type":"ListItem","position":3,"name":"Del reba\u00f1o de alpacas"}]},{"@type":"WebSite","@id":"https:\/\/alpacaselcamino.com\/#website","url":"https:\/\/alpacaselcamino.com\/","name":"Alpacas El Camino","description":"Ovillos de Alpaca y Cabra Mohair. Tambi\u00e9n huevos camperos y patos.","publisher":{"@id":"https:\/\/alpacaselcamino.com\/#organization"},"potentialAction":[{"@type":"SearchAction","target":{"@type":"EntryPoint","urlTemplate":"https:\/\/alpacaselcamino.com\/?s={search_term_string}"},"query-input":{"@type":"PropertyValueSpecification","valueRequired":true,"valueName":"search_term_string"}}],"inLanguage":"en-GB"},{"@type":"Organization","@id":"https:\/\/alpacaselcamino.com\/#organization","name":"Alpacas El Camino","url":"https:\/\/alpacaselcamino.com\/","logo":{"@type":"ImageObject","inLanguage":"en-GB","@id":"https:\/\/alpacaselcamino.com\/#\/schema\/logo\/image\/","url":"https:\/\/alpacaselcamino.com\/wp-content\/uploads\/2022\/03\/Alpacas-El-Camino-2022-Logo.svg","contentUrl":"https:\/\/alpacaselcamino.com\/wp-content\/uploads\/2022\/03\/Alpacas-El-Camino-2022-Logo.svg","width":290,"height":340,"caption":"Alpacas El Camino"},"image":{"@id":"https:\/\/alpacaselcamino.com\/#\/schema\/logo\/image\/"}}]}},"_links":{"self":[{"href":"https:\/\/alpacaselcamino.com\/en\/wp-json\/wp\/v2\/product\/3587","targetHints":{"allow":["GET"]}}],"collection":[{"href":"https:\/\/alpacaselcamino.com\/en\/wp-json\/wp\/v2\/product"}],"about":[{"href":"https:\/\/alpacaselcamino.com\/en\/wp-json\/wp\/v2\/types\/product"}],"replies":[{"embeddable":true,"href":"https:\/\/alpacaselcamino.com\/en\/wp-json\/wp\/v2\/comments?post=3587"}],"wp:featuredmedia":[{"embeddable":true,"href":"https:\/\/alpacaselcamino.com\/en\/wp-json\/wp\/v2\/media\/3597"}],"wp:attachment":[{"href":"https:\/\/alpacaselcamino.com\/en\/wp-json\/wp\/v2\/media?parent=3587"}],"wp:term":[{"taxonomy":"product_brand","embeddable":true,"href":"https:\/\/alpacaselcamino.com\/en\/wp-json\/wp\/v2\/product_brand?post=3587"},{"taxonomy":"product_cat","embeddable":true,"href":"https:\/\/alpacaselcamino.com\/en\/wp-json\/wp\/v2\/product_cat?post=3587"},{"taxonomy":"product_tag","embeddable":true,"href":"https:\/\/alpacaselcamino.com\/en\/wp-json\/wp\/v2\/product_tag?post=3587"}],"curies":[{"name":"wp","href":"https:\/\/api.w.org\/{rel}","templated":true}]}}