{"id":3381,"date":"2025-11-18T17:24:29","date_gmt":"2025-11-18T17:24:29","guid":{"rendered":"https:\/\/alpacaselcamino.com\/?post_type=product&#038;p=3381"},"modified":"2026-04-01T16:57:13","modified_gmt":"2026-04-01T16:57:13","slug":"bundles","status":"publish","type":"product","link":"https:\/\/alpacaselcamino.com\/en\/product\/bundles\/","title":{"rendered":"Bundles"},"content":{"rendered":"<p class=\"x_p2\"><span data-olk-copy-source=\"MessageBody\">Un bundle es un conjunto de piezas creadas para disfrutarse juntas. No es un simple \u201cpack\u201d, sino una peque\u00f1a experiencia: luz, aroma y tacto que se complementan para acompa\u00f1arte en un momento concreto del a\u00f1o. Cada elemento est\u00e1 hecho en la granja, con intenci\u00f3n y calma.<\/span><\/p>\n<p>&nbsp;<\/p>\n<h2 style=\"text-align: center;\"><em><strong>Bundles por estaci\u00f3n<\/strong><\/em><\/h2>\n<p style=\"text-align: left;\">A lo largo del a\u00f1o encontrar\u00e1s cuatro bundles, cada uno inspirado en una estaci\u00f3n.<\/p>\n<p style=\"text-align: left;\">Cada estaci\u00f3n trae una energ\u00eda distinta: el recogimiento del invierno, el despertar de la primavera, la abundancia del verano y la cosecha del oto\u00f1o.<\/p>\n<p style=\"text-align: left;\">Cada bundle recoge esos matices y los traduce en objetos sensoriales hechos a mano, pensados para vivir el ritmo de la naturaleza desde casa.<\/p>\n<p>&nbsp;<\/p>\n<p>&nbsp;<\/p>\n<p>&nbsp;<\/p>\n<h3 style=\"text-align: center;\">Homestead Bundle &#8211; Primavera<\/h3>\n<p style=\"text-align: center;\">Este bundle nace del placer de la primavera en casa, de ir del ritmo lento del invierno a celebrar las horas de luz que se suman d\u00eda a d\u00eda . Pensados para que te acompa\u00f1en en esas tardes que te invitan a crear con la manos, hay<span class=\"x_s1\" data-olk-copy-source=\"MessageBody\">\u00a0disponibles dos opciones<\/span><span class=\"x_s1\">:<\/span><\/p>\n<p class=\"x_p2\" style=\"text-align: center;\"><strong><span class=\"x_s1\">\u00a0<\/span><\/strong><span class=\"x_s1\"><strong>Original<\/strong> &#8211; incluye 5 ovillos de Laurentide, 8 velas peque\u00f1as verdes, un jab\u00f3n de lavanda y una receta de temporada de mi familia materna, Los Mundinos.<\/span><\/p>\n<p style=\"text-align: center;\"><strong>Plus<\/strong> &#8211; para el que quiera mimarse un poco m\u00e1s, incluye lo anterior y dos ovillos de Flavia (50% alpaca, 25% merino, 25% ortiga)<\/p>\n<p>&nbsp;<\/p>\n<h5>Nota importante: Si no me indicas que es tu primer bundle no incluir\u00e9 el recetario f\u00edsico &#8211; Hasta que Laurentide no est\u00e9 en casa no lo podr\u00e9 enviar<\/h5>\n<p>&nbsp;<\/p>","protected":false},"excerpt":{"rendered":"<p>  [&#8230;]<\/p>\n","protected":false},"featured_media":3475,"comment_status":"closed","ping_status":"closed","template":"","meta":[],"product_brand":[],"product_cat":[163],"product_tag":[],"class_list":{"0":"post-3381","1":"product","2":"type-product","3":"status-publish","4":"has-post-thumbnail","6":"product_cat-kits","8":"first","9":"instock","10":"shipping-taxable","11":"purchasable","12":"product-type-variable"},"yoast_head":"<!-- This site is optimized with the Yoast SEO plugin v27.2 - https:\/\/yoast.com\/product\/yoast-seo-wordpress\/ -->\n<title>Bundles - Alpacas El Camino<\/title>\n<meta name=\"description\" content=\"Nacido de la calma y de mis propias manos, para acompa\u00f1arte en las tardes m\u00e1s confortables con todo el mimo que una peque\u00f1a granja puede dar.\" \/>\n<meta name=\"robots\" content=\"index, follow, max-snippet:-1, max-image-preview:large, max-video-preview:-1\" \/>\n<link rel=\"canonical\" href=\"https:\/\/alpacaselcamino.com\/en\/product\/bundles\/\" \/>\n<meta property=\"og:locale\" content=\"en_GB\" \/>\n<meta property=\"og:type\" content=\"article\" \/>\n<meta property=\"og:title\" content=\"Bundles - Alpacas El Camino\" \/>\n<meta property=\"og:description\" content=\"Nacido de la calma y de mis propias manos, para acompa\u00f1arte en las tardes m\u00e1s confortables con todo el mimo que una peque\u00f1a granja puede dar.\" \/>\n<meta property=\"og:url\" content=\"https:\/\/alpacaselcamino.com\/en\/product\/bundles\/\" \/>\n<meta property=\"og:site_name\" content=\"Alpacas El Camino\" \/>\n<meta property=\"article:modified_time\" content=\"2026-04-01T16:57:13+00:00\" \/>\n<meta property=\"og:image\" content=\"https:\/\/alpacaselcamino.com\/wp-content\/uploads\/2025\/11\/2-819x1024.png\" \/>\n\t<meta property=\"og:image:width\" content=\"819\" \/>\n\t<meta property=\"og:image:height\" content=\"1024\" \/>\n\t<meta property=\"og:image:type\" content=\"image\/png\" \/>\n<meta name=\"twitter:card\" content=\"summary_large_image\" \/>\n<meta name=\"twitter:label1\" content=\"Estimated reading time\" \/>\n\t<meta name=\"twitter:data1\" content=\"2 minutes\" \/>\n<script type=\"application\/ld+json\" class=\"yoast-schema-graph\">{\"@context\":\"https:\/\/schema.org\",\"@graph\":[{\"@type\":\"WebPage\",\"@id\":\"https:\/\/alpacaselcamino.com\/producto\/bundles\/\",\"url\":\"https:\/\/alpacaselcamino.com\/producto\/bundles\/\",\"name\":\"Bundles - Alpacas El Camino\",\"isPartOf\":{\"@id\":\"https:\/\/alpacaselcamino.com\/#website\"},\"primaryImageOfPage\":{\"@id\":\"https:\/\/alpacaselcamino.com\/producto\/bundles\/#primaryimage\"},\"image\":{\"@id\":\"https:\/\/alpacaselcamino.com\/producto\/bundles\/#primaryimage\"},\"thumbnailUrl\":\"https:\/\/alpacaselcamino.com\/wp-content\/uploads\/2025\/11\/2.png\",\"datePublished\":\"2025-11-18T17:24:29+00:00\",\"dateModified\":\"2026-04-01T16:57:13+00:00\",\"description\":\"Nacido de la calma y de mis propias manos, para acompa\u00f1arte en las tardes m\u00e1s confortables con todo el mimo que una peque\u00f1a granja puede dar.\",\"breadcrumb\":{\"@id\":\"https:\/\/alpacaselcamino.com\/producto\/bundles\/#breadcrumb\"},\"inLanguage\":\"en-GB\",\"potentialAction\":[{\"@type\":\"ReadAction\",\"target\":[\"https:\/\/alpacaselcamino.com\/producto\/bundles\/\"]}]},{\"@type\":\"ImageObject\",\"inLanguage\":\"en-GB\",\"@id\":\"https:\/\/alpacaselcamino.com\/producto\/bundles\/#primaryimage\",\"url\":\"https:\/\/alpacaselcamino.com\/wp-content\/uploads\/2025\/11\/2.png\",\"contentUrl\":\"https:\/\/alpacaselcamino.com\/wp-content\/uploads\/2025\/11\/2.png\",\"width\":1080,\"height\":1350},{\"@type\":\"BreadcrumbList\",\"@id\":\"https:\/\/alpacaselcamino.com\/producto\/bundles\/#breadcrumb\",\"itemListElement\":[{\"@type\":\"ListItem\",\"position\":1,\"name\":\"Portada\",\"item\":\"https:\/\/alpacaselcamino.com\/\"},{\"@type\":\"ListItem\",\"position\":2,\"name\":\"Tienda\",\"item\":\"https:\/\/alpacaselcamino.com\/tienda\/\"},{\"@type\":\"ListItem\",\"position\":3,\"name\":\"Bundles\"}]},{\"@type\":\"WebSite\",\"@id\":\"https:\/\/alpacaselcamino.com\/#website\",\"url\":\"https:\/\/alpacaselcamino.com\/\",\"name\":\"Alpacas El Camino\",\"description\":\"Ovillos de Alpaca y Cabra Mohair. Tambi\u00e9n huevos camperos y patos.\",\"publisher\":{\"@id\":\"https:\/\/alpacaselcamino.com\/#organization\"},\"potentialAction\":[{\"@type\":\"SearchAction\",\"target\":{\"@type\":\"EntryPoint\",\"urlTemplate\":\"https:\/\/alpacaselcamino.com\/?s={search_term_string}\"},\"query-input\":{\"@type\":\"PropertyValueSpecification\",\"valueRequired\":true,\"valueName\":\"search_term_string\"}}],\"inLanguage\":\"en-GB\"},{\"@type\":\"Organization\",\"@id\":\"https:\/\/alpacaselcamino.com\/#organization\",\"name\":\"Alpacas El Camino\",\"url\":\"https:\/\/alpacaselcamino.com\/\",\"logo\":{\"@type\":\"ImageObject\",\"inLanguage\":\"en-GB\",\"@id\":\"https:\/\/alpacaselcamino.com\/#\/schema\/logo\/image\/\",\"url\":\"https:\/\/alpacaselcamino.com\/wp-content\/uploads\/2022\/03\/Alpacas-El-Camino-2022-Logo.svg\",\"contentUrl\":\"https:\/\/alpacaselcamino.com\/wp-content\/uploads\/2022\/03\/Alpacas-El-Camino-2022-Logo.svg\",\"width\":290,\"height\":340,\"caption\":\"Alpacas El Camino\"},\"image\":{\"@id\":\"https:\/\/alpacaselcamino.com\/#\/schema\/logo\/image\/\"}}]}<\/script>\n<!-- \/ Yoast SEO plugin. -->","yoast_head_json":{"title":"Bundles - Alpacas El Camino","description":"Nacido de la calma y de mis propias manos, para acompa\u00f1arte en las tardes m\u00e1s confortables con todo el mimo que una peque\u00f1a granja puede dar.","robots":{"index":"index","follow":"follow","max-snippet":"max-snippet:-1","max-image-preview":"max-image-preview:large","max-video-preview":"max-video-preview:-1"},"canonical":"https:\/\/alpacaselcamino.com\/en\/product\/bundles\/","og_locale":"en_GB","og_type":"article","og_title":"Bundles - Alpacas El Camino","og_description":"Nacido de la calma y de mis propias manos, para acompa\u00f1arte en las tardes m\u00e1s confortables con todo el mimo que una peque\u00f1a granja puede dar.","og_url":"https:\/\/alpacaselcamino.com\/en\/product\/bundles\/","og_site_name":"Alpacas El Camino","article_modified_time":"2026-04-01T16:57:13+00:00","og_image":[{"width":819,"height":1024,"url":"https:\/\/alpacaselcamino.com\/wp-content\/uploads\/2025\/11\/2-819x1024.png","type":"image\/png"}],"twitter_card":"summary_large_image","twitter_misc":{"Estimated reading time":"2 minutes"},"schema":{"@context":"https:\/\/schema.org","@graph":[{"@type":"WebPage","@id":"https:\/\/alpacaselcamino.com\/producto\/bundles\/","url":"https:\/\/alpacaselcamino.com\/producto\/bundles\/","name":"Bundles - Alpacas El Camino","isPartOf":{"@id":"https:\/\/alpacaselcamino.com\/#website"},"primaryImageOfPage":{"@id":"https:\/\/alpacaselcamino.com\/producto\/bundles\/#primaryimage"},"image":{"@id":"https:\/\/alpacaselcamino.com\/producto\/bundles\/#primaryimage"},"thumbnailUrl":"https:\/\/alpacaselcamino.com\/wp-content\/uploads\/2025\/11\/2.png","datePublished":"2025-11-18T17:24:29+00:00","dateModified":"2026-04-01T16:57:13+00:00","description":"Nacido de la calma y de mis propias manos, para acompa\u00f1arte en las tardes m\u00e1s confortables con todo el mimo que una peque\u00f1a granja puede dar.","breadcrumb":{"@id":"https:\/\/alpacaselcamino.com\/producto\/bundles\/#breadcrumb"},"inLanguage":"en-GB","potentialAction":[{"@type":"ReadAction","target":["https:\/\/alpacaselcamino.com\/producto\/bundles\/"]}]},{"@type":"ImageObject","inLanguage":"en-GB","@id":"https:\/\/alpacaselcamino.com\/producto\/bundles\/#primaryimage","url":"https:\/\/alpacaselcamino.com\/wp-content\/uploads\/2025\/11\/2.png","contentUrl":"https:\/\/alpacaselcamino.com\/wp-content\/uploads\/2025\/11\/2.png","width":1080,"height":1350},{"@type":"BreadcrumbList","@id":"https:\/\/alpacaselcamino.com\/producto\/bundles\/#breadcrumb","itemListElement":[{"@type":"ListItem","position":1,"name":"Portada","item":"https:\/\/alpacaselcamino.com\/"},{"@type":"ListItem","position":2,"name":"Tienda","item":"https:\/\/alpacaselcamino.com\/tienda\/"},{"@type":"ListItem","position":3,"name":"Bundles"}]},{"@type":"WebSite","@id":"https:\/\/alpacaselcamino.com\/#website","url":"https:\/\/alpacaselcamino.com\/","name":"Alpacas El Camino","description":"Ovillos de Alpaca y Cabra Mohair. Tambi\u00e9n huevos camperos y patos.","publisher":{"@id":"https:\/\/alpacaselcamino.com\/#organization"},"potentialAction":[{"@type":"SearchAction","target":{"@type":"EntryPoint","urlTemplate":"https:\/\/alpacaselcamino.com\/?s={search_term_string}"},"query-input":{"@type":"PropertyValueSpecification","valueRequired":true,"valueName":"search_term_string"}}],"inLanguage":"en-GB"},{"@type":"Organization","@id":"https:\/\/alpacaselcamino.com\/#organization","name":"Alpacas El Camino","url":"https:\/\/alpacaselcamino.com\/","logo":{"@type":"ImageObject","inLanguage":"en-GB","@id":"https:\/\/alpacaselcamino.com\/#\/schema\/logo\/image\/","url":"https:\/\/alpacaselcamino.com\/wp-content\/uploads\/2022\/03\/Alpacas-El-Camino-2022-Logo.svg","contentUrl":"https:\/\/alpacaselcamino.com\/wp-content\/uploads\/2022\/03\/Alpacas-El-Camino-2022-Logo.svg","width":290,"height":340,"caption":"Alpacas El Camino"},"image":{"@id":"https:\/\/alpacaselcamino.com\/#\/schema\/logo\/image\/"}}]}},"_links":{"self":[{"href":"https:\/\/alpacaselcamino.com\/en\/wp-json\/wp\/v2\/product\/3381","targetHints":{"allow":["GET"]}}],"collection":[{"href":"https:\/\/alpacaselcamino.com\/en\/wp-json\/wp\/v2\/product"}],"about":[{"href":"https:\/\/alpacaselcamino.com\/en\/wp-json\/wp\/v2\/types\/product"}],"replies":[{"embeddable":true,"href":"https:\/\/alpacaselcamino.com\/en\/wp-json\/wp\/v2\/comments?post=3381"}],"wp:featuredmedia":[{"embeddable":true,"href":"https:\/\/alpacaselcamino.com\/en\/wp-json\/wp\/v2\/media\/3475"}],"wp:attachment":[{"href":"https:\/\/alpacaselcamino.com\/en\/wp-json\/wp\/v2\/media?parent=3381"}],"wp:term":[{"taxonomy":"product_brand","embeddable":true,"href":"https:\/\/alpacaselcamino.com\/en\/wp-json\/wp\/v2\/product_brand?post=3381"},{"taxonomy":"product_cat","embeddable":true,"href":"https:\/\/alpacaselcamino.com\/en\/wp-json\/wp\/v2\/product_cat?post=3381"},{"taxonomy":"product_tag","embeddable":true,"href":"https:\/\/alpacaselcamino.com\/en\/wp-json\/wp\/v2\/product_tag?post=3381"}],"curies":[{"name":"wp","href":"https:\/\/api.w.org\/{rel}","templated":true}]}}