{"id":3338,"date":"2025-10-26T17:45:45","date_gmt":"2025-10-26T17:45:45","guid":{"rendered":"https:\/\/alpacaselcamino.com\/?post_type=product&#038;p=3338"},"modified":"2026-03-29T17:55:35","modified_gmt":"2026-03-29T17:55:35","slug":"laurentide","status":"publish","type":"product","link":"https:\/\/alpacaselcamino.com\/en\/product\/laurentide\/","title":{"rendered":"Laurentide &#8211; Preventa"},"content":{"rendered":"<p>Los mejores linos de Irlanda y Normand\u00eda han llegado a El Camino.<\/p>\n<p class=\"cvGsUA direction-ltr align-start para-style-body\"><span class=\"a_GcMg font-feature-liga-off font-feature-clig-off font-feature-calt-off text-decoration-none text-strikethrough-none\">Laurentide tiene como base el lino, siendo este una de las fibras vegetales m\u00e1s antiguas de la humanidad. Cultivada en la cuenca mediterr\u00e1nea y por toda Europa hace m\u00e1s de 6000 a\u00f1os. Se obtiene del tallo de la planta de lino (<\/span><span class=\"a_GcMg font-feature-liga-off font-feature-clig-off font-feature-calt-off text-decoration-none text-strikethrough-none\">Linum usitatissimum<\/span><span class=\"a_GcMg font-feature-liga-off font-feature-clig-off font-feature-calt-off text-decoration-none text-strikethrough-none\">) tras un proceso de encharcado (retting), secado, raspado y peinado.<\/span><\/p>\n<p class=\"cvGsUA direction-ltr align-start para-style-body\"><span class=\"a_GcMg font-feature-liga-off font-feature-clig-off font-feature-calt-off text-decoration-none text-strikethrough-none\">Son fibras largas y fuertes ultra resistentes a la tracci\u00f3n, siendo m\u00e1s fuertes que el algod\u00f3n con un brillo natural caracter\u00edstico. Ligero con una caida elegante, Laurentide tiene una excelente capacidad de absorci\u00f3n siendo maravilloso para el verano, adem\u00e1s de que con cada uso esos hilos ablandar\u00e1n y se embellecer\u00e1n sin perder su resistencia.<\/span><\/p>\n<p class=\"cvGsUA direction-ltr align-start para-style-body\"><span class=\"a_GcMg font-feature-liga-off font-feature-clig-off font-feature-calt-off text-decoration-none text-strikethrough-none\">Usos recomendados:<\/span><span class=\"a_GcMg font-feature-liga-off font-feature-clig-off font-feature-calt-off text-decoration-none text-strikethrough-none\"> Tejidos de verano, ropa fresca como camisetas, vestidos o pantalones ligeros. Laurentide est\u00e1 mezclado con lana Corriedale que ayudar\u00e1 a que tenga una textura m\u00e1s agradable desde el primer uso y que me permite aportarle color tal y como al resto de mis hilos.<\/span><\/p>\n<p>La composici\u00f3n de este hilo es 40% lino 60% Corriedale,\u00a0 vais a encontrar 350 m cada 100 gr.<\/p>\n<p><strong>PD: en esta primera edici\u00f3n si me dejas en comentarios en cual de mis colores lo quieres te lo hago con todo el cari\u00f1o del mundo. Te llegar\u00e1 pasado el Sevilla Teje (21\/03) si todo va seg\u00fan lo esperado (espero los molinos cumplan con los plazos, si no es as\u00ed y se atrasa encontrar\u00e1s un ovillo extra en compensaci\u00f3n por la paciencia)<\/strong><\/p>","protected":false},"excerpt":{"rendered":"<p>  [&#8230;]<\/p>\n","protected":false},"featured_media":3339,"comment_status":"closed","ping_status":"closed","template":"","meta":[],"product_brand":[],"product_cat":[223],"product_tag":[],"class_list":{"0":"post-3338","1":"product","2":"type-product","3":"status-publish","4":"has-post-thumbnail","6":"product_cat-los-sincronistas","8":"first","9":"instock","10":"shipping-taxable","11":"purchasable","12":"product-type-simple"},"yoast_head":"<!-- This site is optimized with the Yoast SEO plugin v27.2 - https:\/\/yoast.com\/product\/yoast-seo-wordpress\/ -->\n<title>Laurentide - Preventa - Alpacas El Camino<\/title>\n<meta name=\"description\" content=\"Hiraeth es una a\u00f1oranza o nostalgia hacia una situaci\u00f3n o un hogar, \u00bfte animas a que estos hilos single te transporten a ese lugar?\" \/>\n<meta name=\"robots\" content=\"index, follow, max-snippet:-1, max-image-preview:large, max-video-preview:-1\" \/>\n<link rel=\"canonical\" href=\"https:\/\/alpacaselcamino.com\/en\/product\/laurentide\/\" \/>\n<meta property=\"og:locale\" content=\"en_GB\" \/>\n<meta property=\"og:type\" content=\"article\" \/>\n<meta property=\"og:title\" content=\"Laurentide - Preventa - Alpacas El Camino\" \/>\n<meta property=\"og:description\" content=\"Hiraeth es una a\u00f1oranza o nostalgia hacia una situaci\u00f3n o un hogar, \u00bfte animas a que estos hilos single te transporten a ese lugar?\" \/>\n<meta property=\"og:url\" content=\"https:\/\/alpacaselcamino.com\/en\/product\/laurentide\/\" \/>\n<meta property=\"og:site_name\" content=\"Alpacas El Camino\" \/>\n<meta property=\"article:modified_time\" content=\"2026-03-29T17:55:35+00:00\" \/>\n<meta property=\"og:image\" content=\"https:\/\/alpacaselcamino.com\/wp-content\/uploads\/2025\/10\/14-1024x726.png\" \/>\n\t<meta property=\"og:image:width\" content=\"1024\" \/>\n\t<meta property=\"og:image:height\" content=\"726\" \/>\n\t<meta property=\"og:image:type\" content=\"image\/png\" \/>\n<meta name=\"twitter:card\" content=\"summary_large_image\" \/>\n<meta name=\"twitter:label1\" content=\"Estimated reading time\" \/>\n\t<meta name=\"twitter:data1\" content=\"2 minutes\" \/>\n<script type=\"application\/ld+json\" class=\"yoast-schema-graph\">{\"@context\":\"https:\/\/schema.org\",\"@graph\":[{\"@type\":\"WebPage\",\"@id\":\"https:\/\/alpacaselcamino.com\/producto\/laurentide\/\",\"url\":\"https:\/\/alpacaselcamino.com\/producto\/laurentide\/\",\"name\":\"Laurentide - Preventa - Alpacas El Camino\",\"isPartOf\":{\"@id\":\"https:\/\/alpacaselcamino.com\/#website\"},\"primaryImageOfPage\":{\"@id\":\"https:\/\/alpacaselcamino.com\/producto\/laurentide\/#primaryimage\"},\"image\":{\"@id\":\"https:\/\/alpacaselcamino.com\/producto\/laurentide\/#primaryimage\"},\"thumbnailUrl\":\"https:\/\/alpacaselcamino.com\/wp-content\/uploads\/2025\/10\/14.png\",\"datePublished\":\"2025-10-26T17:45:45+00:00\",\"dateModified\":\"2026-03-29T17:55:35+00:00\",\"description\":\"Hiraeth es una a\u00f1oranza o nostalgia hacia una situaci\u00f3n o un hogar, \u00bfte animas a que estos hilos single te transporten a ese lugar?\",\"breadcrumb\":{\"@id\":\"https:\/\/alpacaselcamino.com\/producto\/laurentide\/#breadcrumb\"},\"inLanguage\":\"en-GB\",\"potentialAction\":[{\"@type\":\"ReadAction\",\"target\":[\"https:\/\/alpacaselcamino.com\/producto\/laurentide\/\"]}]},{\"@type\":\"ImageObject\",\"inLanguage\":\"en-GB\",\"@id\":\"https:\/\/alpacaselcamino.com\/producto\/laurentide\/#primaryimage\",\"url\":\"https:\/\/alpacaselcamino.com\/wp-content\/uploads\/2025\/10\/14.png\",\"contentUrl\":\"https:\/\/alpacaselcamino.com\/wp-content\/uploads\/2025\/10\/14.png\",\"width\":1748,\"height\":1240},{\"@type\":\"BreadcrumbList\",\"@id\":\"https:\/\/alpacaselcamino.com\/producto\/laurentide\/#breadcrumb\",\"itemListElement\":[{\"@type\":\"ListItem\",\"position\":1,\"name\":\"Portada\",\"item\":\"https:\/\/alpacaselcamino.com\/\"},{\"@type\":\"ListItem\",\"position\":2,\"name\":\"Tienda\",\"item\":\"https:\/\/alpacaselcamino.com\/tienda\/\"},{\"@type\":\"ListItem\",\"position\":3,\"name\":\"Laurentide &#8211; Preventa\"}]},{\"@type\":\"WebSite\",\"@id\":\"https:\/\/alpacaselcamino.com\/#website\",\"url\":\"https:\/\/alpacaselcamino.com\/\",\"name\":\"Alpacas El Camino\",\"description\":\"Ovillos de Alpaca y Cabra Mohair. Tambi\u00e9n huevos camperos y patos.\",\"publisher\":{\"@id\":\"https:\/\/alpacaselcamino.com\/#organization\"},\"potentialAction\":[{\"@type\":\"SearchAction\",\"target\":{\"@type\":\"EntryPoint\",\"urlTemplate\":\"https:\/\/alpacaselcamino.com\/?s={search_term_string}\"},\"query-input\":{\"@type\":\"PropertyValueSpecification\",\"valueRequired\":true,\"valueName\":\"search_term_string\"}}],\"inLanguage\":\"en-GB\"},{\"@type\":\"Organization\",\"@id\":\"https:\/\/alpacaselcamino.com\/#organization\",\"name\":\"Alpacas El Camino\",\"url\":\"https:\/\/alpacaselcamino.com\/\",\"logo\":{\"@type\":\"ImageObject\",\"inLanguage\":\"en-GB\",\"@id\":\"https:\/\/alpacaselcamino.com\/#\/schema\/logo\/image\/\",\"url\":\"https:\/\/alpacaselcamino.com\/wp-content\/uploads\/2022\/03\/Alpacas-El-Camino-2022-Logo.svg\",\"contentUrl\":\"https:\/\/alpacaselcamino.com\/wp-content\/uploads\/2022\/03\/Alpacas-El-Camino-2022-Logo.svg\",\"width\":290,\"height\":340,\"caption\":\"Alpacas El Camino\"},\"image\":{\"@id\":\"https:\/\/alpacaselcamino.com\/#\/schema\/logo\/image\/\"}}]}<\/script>\n<!-- \/ Yoast SEO plugin. -->","yoast_head_json":{"title":"Laurentide - Preventa - Alpacas El Camino","description":"Hiraeth es una a\u00f1oranza o nostalgia hacia una situaci\u00f3n o un hogar, \u00bfte animas a que estos hilos single te transporten a ese lugar?","robots":{"index":"index","follow":"follow","max-snippet":"max-snippet:-1","max-image-preview":"max-image-preview:large","max-video-preview":"max-video-preview:-1"},"canonical":"https:\/\/alpacaselcamino.com\/en\/product\/laurentide\/","og_locale":"en_GB","og_type":"article","og_title":"Laurentide - Preventa - Alpacas El Camino","og_description":"Hiraeth es una a\u00f1oranza o nostalgia hacia una situaci\u00f3n o un hogar, \u00bfte animas a que estos hilos single te transporten a ese lugar?","og_url":"https:\/\/alpacaselcamino.com\/en\/product\/laurentide\/","og_site_name":"Alpacas El Camino","article_modified_time":"2026-03-29T17:55:35+00:00","og_image":[{"width":1024,"height":726,"url":"https:\/\/alpacaselcamino.com\/wp-content\/uploads\/2025\/10\/14-1024x726.png","type":"image\/png"}],"twitter_card":"summary_large_image","twitter_misc":{"Estimated reading time":"2 minutes"},"schema":{"@context":"https:\/\/schema.org","@graph":[{"@type":"WebPage","@id":"https:\/\/alpacaselcamino.com\/producto\/laurentide\/","url":"https:\/\/alpacaselcamino.com\/producto\/laurentide\/","name":"Laurentide - Preventa - Alpacas El Camino","isPartOf":{"@id":"https:\/\/alpacaselcamino.com\/#website"},"primaryImageOfPage":{"@id":"https:\/\/alpacaselcamino.com\/producto\/laurentide\/#primaryimage"},"image":{"@id":"https:\/\/alpacaselcamino.com\/producto\/laurentide\/#primaryimage"},"thumbnailUrl":"https:\/\/alpacaselcamino.com\/wp-content\/uploads\/2025\/10\/14.png","datePublished":"2025-10-26T17:45:45+00:00","dateModified":"2026-03-29T17:55:35+00:00","description":"Hiraeth es una a\u00f1oranza o nostalgia hacia una situaci\u00f3n o un hogar, \u00bfte animas a que estos hilos single te transporten a ese lugar?","breadcrumb":{"@id":"https:\/\/alpacaselcamino.com\/producto\/laurentide\/#breadcrumb"},"inLanguage":"en-GB","potentialAction":[{"@type":"ReadAction","target":["https:\/\/alpacaselcamino.com\/producto\/laurentide\/"]}]},{"@type":"ImageObject","inLanguage":"en-GB","@id":"https:\/\/alpacaselcamino.com\/producto\/laurentide\/#primaryimage","url":"https:\/\/alpacaselcamino.com\/wp-content\/uploads\/2025\/10\/14.png","contentUrl":"https:\/\/alpacaselcamino.com\/wp-content\/uploads\/2025\/10\/14.png","width":1748,"height":1240},{"@type":"BreadcrumbList","@id":"https:\/\/alpacaselcamino.com\/producto\/laurentide\/#breadcrumb","itemListElement":[{"@type":"ListItem","position":1,"name":"Portada","item":"https:\/\/alpacaselcamino.com\/"},{"@type":"ListItem","position":2,"name":"Tienda","item":"https:\/\/alpacaselcamino.com\/tienda\/"},{"@type":"ListItem","position":3,"name":"Laurentide &#8211; Preventa"}]},{"@type":"WebSite","@id":"https:\/\/alpacaselcamino.com\/#website","url":"https:\/\/alpacaselcamino.com\/","name":"Alpacas El Camino","description":"Ovillos de Alpaca y Cabra Mohair. Tambi\u00e9n huevos camperos y patos.","publisher":{"@id":"https:\/\/alpacaselcamino.com\/#organization"},"potentialAction":[{"@type":"SearchAction","target":{"@type":"EntryPoint","urlTemplate":"https:\/\/alpacaselcamino.com\/?s={search_term_string}"},"query-input":{"@type":"PropertyValueSpecification","valueRequired":true,"valueName":"search_term_string"}}],"inLanguage":"en-GB"},{"@type":"Organization","@id":"https:\/\/alpacaselcamino.com\/#organization","name":"Alpacas El Camino","url":"https:\/\/alpacaselcamino.com\/","logo":{"@type":"ImageObject","inLanguage":"en-GB","@id":"https:\/\/alpacaselcamino.com\/#\/schema\/logo\/image\/","url":"https:\/\/alpacaselcamino.com\/wp-content\/uploads\/2022\/03\/Alpacas-El-Camino-2022-Logo.svg","contentUrl":"https:\/\/alpacaselcamino.com\/wp-content\/uploads\/2022\/03\/Alpacas-El-Camino-2022-Logo.svg","width":290,"height":340,"caption":"Alpacas El Camino"},"image":{"@id":"https:\/\/alpacaselcamino.com\/#\/schema\/logo\/image\/"}}]}},"_links":{"self":[{"href":"https:\/\/alpacaselcamino.com\/en\/wp-json\/wp\/v2\/product\/3338","targetHints":{"allow":["GET"]}}],"collection":[{"href":"https:\/\/alpacaselcamino.com\/en\/wp-json\/wp\/v2\/product"}],"about":[{"href":"https:\/\/alpacaselcamino.com\/en\/wp-json\/wp\/v2\/types\/product"}],"replies":[{"embeddable":true,"href":"https:\/\/alpacaselcamino.com\/en\/wp-json\/wp\/v2\/comments?post=3338"}],"wp:featuredmedia":[{"embeddable":true,"href":"https:\/\/alpacaselcamino.com\/en\/wp-json\/wp\/v2\/media\/3339"}],"wp:attachment":[{"href":"https:\/\/alpacaselcamino.com\/en\/wp-json\/wp\/v2\/media?parent=3338"}],"wp:term":[{"taxonomy":"product_brand","embeddable":true,"href":"https:\/\/alpacaselcamino.com\/en\/wp-json\/wp\/v2\/product_brand?post=3338"},{"taxonomy":"product_cat","embeddable":true,"href":"https:\/\/alpacaselcamino.com\/en\/wp-json\/wp\/v2\/product_cat?post=3338"},{"taxonomy":"product_tag","embeddable":true,"href":"https:\/\/alpacaselcamino.com\/en\/wp-json\/wp\/v2\/product_tag?post=3338"}],"curies":[{"name":"wp","href":"https:\/\/api.w.org\/{rel}","templated":true}]}}