{"id":3260,"date":"2025-09-30T12:04:47","date_gmt":"2025-09-30T12:04:47","guid":{"rendered":"https:\/\/alpacaselcamino.com\/?post_type=product&#038;p=3260"},"modified":"2025-11-13T17:40:46","modified_gmt":"2025-11-13T17:40:46","slug":"visita-la-granja-de-alpacas-el-camino","status":"publish","type":"product","link":"https:\/\/alpacaselcamino.com\/en\/product\/visita-la-granja-de-alpacas-el-camino\/","title":{"rendered":"Visita la granja de alpacas El Camino"},"content":{"rendered":"<p><strong>Visita a la granja (60\u201390 minutos)<\/strong><\/p>\n<p>Cada temporada, un nuevo anfitri\u00f3n <strong>te abre las puertas de El Camino<\/strong>: puede ser una cabra curiosa, una alpaca tranquila o incluso una de nuestras vacas o gallinas. Ellos son los verdaderos protagonistas y quienes me han animado a contarte c\u00f3mo es el d\u00eda a d\u00eda en una peque\u00f1a granja.<\/p>\n<p>Durante la visita descubrir\u00e1s el trabajo que hay detr\u00e1s de cada producto, la <strong>vida en el campo<\/strong> y <strong>el cuidado<\/strong> que ponemos en cada animal. Tendr\u00e1s tambi\u00e9n la posibilidad de interactuar con algunos de ellos, siempre desde el respeto: ser\u00e1n ellos quienes decidan si quieren acercarse a saludarte.<\/p>\n<p>Es una experiencia pensada para <strong>conectar con la vida en el campo<\/strong> y llevarte contigo un momento agradable junto a mi y mis chicos y chicas, un mont\u00f3n de conocimiento nuevo y el saber realmente que hay detr\u00e1s de <strong>El Camino<\/strong>.<\/p>\n<div class=\"awb-gallery-wrapper awb-gallery-wrapper-1 button-span-no\" style=\"--more-btn-alignment:center;\" data-limit=\"10\" data-page=\"1\"><div style=\"margin:-5px;--awb-aspect-ratio:1 \/ 1;--awb-bordersize:0px;\" class=\"fusion-gallery fusion-gallery-container fusion-grid-3 fusion-columns-total-3 fusion-gallery-layout-grid fusion-gallery-1 has-aspect-ratio\"><div style=\"padding:5px;\" class=\"fusion-grid-column fusion-gallery-column fusion-gallery-column-3 hover-type-none\"><div class=\"fusion-gallery-image\"><a href=\"https:\/\/alpacaselcamino.com\/wp-content\/uploads\/2025\/09\/visitar-granja.jpg\" rel=\"noreferrer\" data-rel=\"iLightbox[gallery_image_1]\" class=\"fusion-lightbox\" target=\"_self\"><img decoding=\"async\" src=\"https:\/\/alpacaselcamino.com\/wp-content\/uploads\/2025\/09\/visitar-granja.jpg\" data-orig-src=\"https:\/\/alpacaselcamino.com\/wp-content\/uploads\/2025\/09\/visitar-granja.jpg\" width=\"750\" height=\"500\" alt=\"\" title=\"visitar-granja\" aria-label=\"visitar-granja\" class=\"lazyload img-responsive wp-image-3263\" srcset=\"data:image\/svg+xml,%3Csvg%20xmlns%3D%27http%3A%2F%2Fwww.w3.org%2F2000%2Fsvg%27%20width%3D%27750%27%20height%3D%27500%27%20viewBox%3D%270%200%20750%20500%27%3E%3Crect%20width%3D%27750%27%20height%3D%27500%27%20fill-opacity%3D%220%22%2F%3E%3C%2Fsvg%3E\" data-srcset=\"https:\/\/alpacaselcamino.com\/wp-content\/uploads\/2025\/09\/visitar-granja-200x133.jpg 200w, https:\/\/alpacaselcamino.com\/wp-content\/uploads\/2025\/09\/visitar-granja-400x267.jpg 400w, https:\/\/alpacaselcamino.com\/wp-content\/uploads\/2025\/09\/visitar-granja-600x400.jpg 600w, https:\/\/alpacaselcamino.com\/wp-content\/uploads\/2025\/09\/visitar-granja.jpg 750w\" data-sizes=\"auto\" data-orig-sizes=\"(min-width: 2200px) 100vw, (min-width: 784px) 363px, (min-width: 712px) 545px, (min-width: 640px) 712px, \" \/><\/a><\/div><\/div><div style=\"padding:5px;\" class=\"fusion-grid-column fusion-gallery-column fusion-gallery-column-3 hover-type-none\"><div class=\"fusion-gallery-image\"><a href=\"https:\/\/alpacaselcamino.com\/wp-content\/uploads\/2025\/09\/visitar-granja-alpacas.jpg\" rel=\"noreferrer\" data-rel=\"iLightbox[gallery_image_1]\" class=\"fusion-lightbox\" target=\"_self\"><img decoding=\"async\" src=\"https:\/\/alpacaselcamino.com\/wp-content\/uploads\/2025\/09\/visitar-granja-alpacas.jpg\" data-orig-src=\"https:\/\/alpacaselcamino.com\/wp-content\/uploads\/2025\/09\/visitar-granja-alpacas.jpg\" width=\"1315\" height=\"2016\" alt=\"\" title=\"visitar-granja-alpacas\" aria-label=\"visitar-granja-alpacas\" class=\"lazyload img-responsive wp-image-3262\" srcset=\"data:image\/svg+xml,%3Csvg%20xmlns%3D%27http%3A%2F%2Fwww.w3.org%2F2000%2Fsvg%27%20width%3D%271315%27%20height%3D%272016%27%20viewBox%3D%270%200%201315%202016%27%3E%3Crect%20width%3D%271315%27%20height%3D%272016%27%20fill-opacity%3D%220%22%2F%3E%3C%2Fsvg%3E\" data-srcset=\"https:\/\/alpacaselcamino.com\/wp-content\/uploads\/2025\/09\/visitar-granja-alpacas-200x307.jpg 200w, https:\/\/alpacaselcamino.com\/wp-content\/uploads\/2025\/09\/visitar-granja-alpacas-400x613.jpg 400w, https:\/\/alpacaselcamino.com\/wp-content\/uploads\/2025\/09\/visitar-granja-alpacas-600x920.jpg 600w, https:\/\/alpacaselcamino.com\/wp-content\/uploads\/2025\/09\/visitar-granja-alpacas-800x1226.jpg 800w, https:\/\/alpacaselcamino.com\/wp-content\/uploads\/2025\/09\/visitar-granja-alpacas-1200x1840.jpg 1200w, https:\/\/alpacaselcamino.com\/wp-content\/uploads\/2025\/09\/visitar-granja-alpacas.jpg 1315w\" data-sizes=\"auto\" data-orig-sizes=\"(min-width: 2200px) 100vw, (min-width: 784px) 363px, (min-width: 712px) 545px, (min-width: 640px) 712px, \" \/><\/a><\/div><\/div><div style=\"padding:5px;\" class=\"fusion-grid-column fusion-gallery-column fusion-gallery-column-3 hover-type-none\"><div class=\"fusion-gallery-image\"><a href=\"https:\/\/alpacaselcamino.com\/wp-content\/uploads\/2025\/09\/granja-cantabria.jpg\" rel=\"noreferrer\" data-rel=\"iLightbox[gallery_image_1]\" class=\"fusion-lightbox\" target=\"_self\"><img decoding=\"async\" src=\"https:\/\/alpacaselcamino.com\/wp-content\/uploads\/2025\/09\/granja-cantabria.jpg\" data-orig-src=\"https:\/\/alpacaselcamino.com\/wp-content\/uploads\/2025\/09\/granja-cantabria.jpg\" width=\"1512\" height=\"2016\" alt=\"\" title=\"granja-cantabria\" aria-label=\"granja-cantabria\" class=\"lazyload img-responsive wp-image-3261\" srcset=\"data:image\/svg+xml,%3Csvg%20xmlns%3D%27http%3A%2F%2Fwww.w3.org%2F2000%2Fsvg%27%20width%3D%271512%27%20height%3D%272016%27%20viewBox%3D%270%200%201512%202016%27%3E%3Crect%20width%3D%271512%27%20height%3D%272016%27%20fill-opacity%3D%220%22%2F%3E%3C%2Fsvg%3E\" data-srcset=\"https:\/\/alpacaselcamino.com\/wp-content\/uploads\/2025\/09\/granja-cantabria-200x267.jpg 200w, https:\/\/alpacaselcamino.com\/wp-content\/uploads\/2025\/09\/granja-cantabria-400x533.jpg 400w, https:\/\/alpacaselcamino.com\/wp-content\/uploads\/2025\/09\/granja-cantabria-600x800.jpg 600w, https:\/\/alpacaselcamino.com\/wp-content\/uploads\/2025\/09\/granja-cantabria-800x1067.jpg 800w, https:\/\/alpacaselcamino.com\/wp-content\/uploads\/2025\/09\/granja-cantabria-1200x1600.jpg 1200w, https:\/\/alpacaselcamino.com\/wp-content\/uploads\/2025\/09\/granja-cantabria.jpg 1512w\" data-sizes=\"auto\" data-orig-sizes=\"(min-width: 2200px) 100vw, (min-width: 784px) 363px, (min-width: 712px) 545px, (min-width: 640px) 712px, \" \/><\/a><\/div><\/div><div class=\"clearfix\"><\/div><\/div><\/div>\n","protected":false},"excerpt":{"rendered":"<p>  [&#8230;]<\/p>\n","protected":false},"featured_media":3264,"comment_status":"closed","ping_status":"closed","template":"","meta":[],"product_brand":[],"product_cat":[26],"product_tag":[],"class_list":{"0":"post-3260","1":"product","2":"type-product","3":"status-publish","4":"has-post-thumbnail","6":"product_cat-otros","8":"first","9":"instock","10":"virtual","11":"sold-individually","12":"purchasable","13":"product-type-simple"},"yoast_head":"<!-- This site is optimized with the Yoast SEO plugin v27.3 - https:\/\/yoast.com\/product\/yoast-seo-wordpress\/ -->\n<title>Visita la granja de alpacas El Camino - Alpacas El Camino<\/title>\n<meta name=\"robots\" content=\"index, follow, max-snippet:-1, max-image-preview:large, max-video-preview:-1\" \/>\n<link rel=\"canonical\" href=\"https:\/\/alpacaselcamino.com\/en\/product\/visita-la-granja-de-alpacas-el-camino\/\" \/>\n<meta property=\"og:locale\" content=\"en_GB\" \/>\n<meta property=\"og:type\" content=\"article\" \/>\n<meta property=\"og:title\" content=\"Visita la granja de alpacas El Camino - Alpacas El Camino\" \/>\n<meta property=\"og:description\" content=\"[...]\" \/>\n<meta property=\"og:url\" content=\"https:\/\/alpacaselcamino.com\/en\/product\/visita-la-granja-de-alpacas-el-camino\/\" \/>\n<meta property=\"og:site_name\" content=\"Alpacas El Camino\" \/>\n<meta property=\"article:modified_time\" content=\"2025-11-13T17:40:46+00:00\" \/>\n<meta property=\"og:image\" content=\"https:\/\/alpacaselcamino.com\/wp-content\/uploads\/2025\/09\/visitas-granja-cantabria.jpg\" \/>\n\t<meta property=\"og:image:width\" content=\"1024\" \/>\n\t<meta property=\"og:image:height\" content=\"768\" \/>\n\t<meta property=\"og:image:type\" content=\"image\/jpeg\" \/>\n<meta name=\"twitter:card\" content=\"summary_large_image\" \/>\n<meta name=\"twitter:label1\" content=\"Estimated reading time\" \/>\n\t<meta name=\"twitter:data1\" content=\"2 minutes\" \/>\n<script type=\"application\/ld+json\" class=\"yoast-schema-graph\">{\"@context\":\"https:\\\/\\\/schema.org\",\"@graph\":[{\"@type\":\"WebPage\",\"@id\":\"https:\\\/\\\/alpacaselcamino.com\\\/producto\\\/visita-la-granja-de-alpacas-el-camino\\\/\",\"url\":\"https:\\\/\\\/alpacaselcamino.com\\\/producto\\\/visita-la-granja-de-alpacas-el-camino\\\/\",\"name\":\"Visita la granja de alpacas El Camino - Alpacas El Camino\",\"isPartOf\":{\"@id\":\"https:\\\/\\\/alpacaselcamino.com\\\/#website\"},\"primaryImageOfPage\":{\"@id\":\"https:\\\/\\\/alpacaselcamino.com\\\/producto\\\/visita-la-granja-de-alpacas-el-camino\\\/#primaryimage\"},\"image\":{\"@id\":\"https:\\\/\\\/alpacaselcamino.com\\\/producto\\\/visita-la-granja-de-alpacas-el-camino\\\/#primaryimage\"},\"thumbnailUrl\":\"https:\\\/\\\/alpacaselcamino.com\\\/wp-content\\\/uploads\\\/2025\\\/09\\\/visitas-granja-cantabria.jpg\",\"datePublished\":\"2025-09-30T12:04:47+00:00\",\"dateModified\":\"2025-11-13T17:40:46+00:00\",\"breadcrumb\":{\"@id\":\"https:\\\/\\\/alpacaselcamino.com\\\/producto\\\/visita-la-granja-de-alpacas-el-camino\\\/#breadcrumb\"},\"inLanguage\":\"en-GB\",\"potentialAction\":[{\"@type\":\"ReadAction\",\"target\":[\"https:\\\/\\\/alpacaselcamino.com\\\/producto\\\/visita-la-granja-de-alpacas-el-camino\\\/\"]}]},{\"@type\":\"ImageObject\",\"inLanguage\":\"en-GB\",\"@id\":\"https:\\\/\\\/alpacaselcamino.com\\\/producto\\\/visita-la-granja-de-alpacas-el-camino\\\/#primaryimage\",\"url\":\"https:\\\/\\\/alpacaselcamino.com\\\/wp-content\\\/uploads\\\/2025\\\/09\\\/visitas-granja-cantabria.jpg\",\"contentUrl\":\"https:\\\/\\\/alpacaselcamino.com\\\/wp-content\\\/uploads\\\/2025\\\/09\\\/visitas-granja-cantabria.jpg\",\"width\":1024,\"height\":768},{\"@type\":\"BreadcrumbList\",\"@id\":\"https:\\\/\\\/alpacaselcamino.com\\\/producto\\\/visita-la-granja-de-alpacas-el-camino\\\/#breadcrumb\",\"itemListElement\":[{\"@type\":\"ListItem\",\"position\":1,\"name\":\"Portada\",\"item\":\"https:\\\/\\\/alpacaselcamino.com\\\/\"},{\"@type\":\"ListItem\",\"position\":2,\"name\":\"Tienda\",\"item\":\"https:\\\/\\\/alpacaselcamino.com\\\/tienda\\\/\"},{\"@type\":\"ListItem\",\"position\":3,\"name\":\"Visita la granja de alpacas El Camino\"}]},{\"@type\":\"WebSite\",\"@id\":\"https:\\\/\\\/alpacaselcamino.com\\\/#website\",\"url\":\"https:\\\/\\\/alpacaselcamino.com\\\/\",\"name\":\"Alpacas El Camino\",\"description\":\"Ovillos de Alpaca y Cabra Mohair. Tambi\u00e9n huevos camperos y patos.\",\"publisher\":{\"@id\":\"https:\\\/\\\/alpacaselcamino.com\\\/#organization\"},\"potentialAction\":[{\"@type\":\"SearchAction\",\"target\":{\"@type\":\"EntryPoint\",\"urlTemplate\":\"https:\\\/\\\/alpacaselcamino.com\\\/?s={search_term_string}\"},\"query-input\":{\"@type\":\"PropertyValueSpecification\",\"valueRequired\":true,\"valueName\":\"search_term_string\"}}],\"inLanguage\":\"en-GB\"},{\"@type\":\"Organization\",\"@id\":\"https:\\\/\\\/alpacaselcamino.com\\\/#organization\",\"name\":\"Alpacas El Camino\",\"url\":\"https:\\\/\\\/alpacaselcamino.com\\\/\",\"logo\":{\"@type\":\"ImageObject\",\"inLanguage\":\"en-GB\",\"@id\":\"https:\\\/\\\/alpacaselcamino.com\\\/#\\\/schema\\\/logo\\\/image\\\/\",\"url\":\"https:\\\/\\\/alpacaselcamino.com\\\/wp-content\\\/uploads\\\/2022\\\/03\\\/Alpacas-El-Camino-2022-Logo.svg\",\"contentUrl\":\"https:\\\/\\\/alpacaselcamino.com\\\/wp-content\\\/uploads\\\/2022\\\/03\\\/Alpacas-El-Camino-2022-Logo.svg\",\"width\":290,\"height\":340,\"caption\":\"Alpacas El Camino\"},\"image\":{\"@id\":\"https:\\\/\\\/alpacaselcamino.com\\\/#\\\/schema\\\/logo\\\/image\\\/\"}}]}<\/script>\n<!-- \/ Yoast SEO plugin. -->","yoast_head_json":{"title":"Visita la granja de alpacas El Camino - Alpacas El Camino","robots":{"index":"index","follow":"follow","max-snippet":"max-snippet:-1","max-image-preview":"max-image-preview:large","max-video-preview":"max-video-preview:-1"},"canonical":"https:\/\/alpacaselcamino.com\/en\/product\/visita-la-granja-de-alpacas-el-camino\/","og_locale":"en_GB","og_type":"article","og_title":"Visita la granja de alpacas El Camino - Alpacas El Camino","og_description":"[...]","og_url":"https:\/\/alpacaselcamino.com\/en\/product\/visita-la-granja-de-alpacas-el-camino\/","og_site_name":"Alpacas El Camino","article_modified_time":"2025-11-13T17:40:46+00:00","og_image":[{"width":1024,"height":768,"url":"https:\/\/alpacaselcamino.com\/wp-content\/uploads\/2025\/09\/visitas-granja-cantabria.jpg","type":"image\/jpeg"}],"twitter_card":"summary_large_image","twitter_misc":{"Estimated reading time":"2 minutes"},"schema":{"@context":"https:\/\/schema.org","@graph":[{"@type":"WebPage","@id":"https:\/\/alpacaselcamino.com\/producto\/visita-la-granja-de-alpacas-el-camino\/","url":"https:\/\/alpacaselcamino.com\/producto\/visita-la-granja-de-alpacas-el-camino\/","name":"Visita la granja de alpacas El Camino - Alpacas El Camino","isPartOf":{"@id":"https:\/\/alpacaselcamino.com\/#website"},"primaryImageOfPage":{"@id":"https:\/\/alpacaselcamino.com\/producto\/visita-la-granja-de-alpacas-el-camino\/#primaryimage"},"image":{"@id":"https:\/\/alpacaselcamino.com\/producto\/visita-la-granja-de-alpacas-el-camino\/#primaryimage"},"thumbnailUrl":"https:\/\/alpacaselcamino.com\/wp-content\/uploads\/2025\/09\/visitas-granja-cantabria.jpg","datePublished":"2025-09-30T12:04:47+00:00","dateModified":"2025-11-13T17:40:46+00:00","breadcrumb":{"@id":"https:\/\/alpacaselcamino.com\/producto\/visita-la-granja-de-alpacas-el-camino\/#breadcrumb"},"inLanguage":"en-GB","potentialAction":[{"@type":"ReadAction","target":["https:\/\/alpacaselcamino.com\/producto\/visita-la-granja-de-alpacas-el-camino\/"]}]},{"@type":"ImageObject","inLanguage":"en-GB","@id":"https:\/\/alpacaselcamino.com\/producto\/visita-la-granja-de-alpacas-el-camino\/#primaryimage","url":"https:\/\/alpacaselcamino.com\/wp-content\/uploads\/2025\/09\/visitas-granja-cantabria.jpg","contentUrl":"https:\/\/alpacaselcamino.com\/wp-content\/uploads\/2025\/09\/visitas-granja-cantabria.jpg","width":1024,"height":768},{"@type":"BreadcrumbList","@id":"https:\/\/alpacaselcamino.com\/producto\/visita-la-granja-de-alpacas-el-camino\/#breadcrumb","itemListElement":[{"@type":"ListItem","position":1,"name":"Portada","item":"https:\/\/alpacaselcamino.com\/"},{"@type":"ListItem","position":2,"name":"Tienda","item":"https:\/\/alpacaselcamino.com\/tienda\/"},{"@type":"ListItem","position":3,"name":"Visita la granja de alpacas El Camino"}]},{"@type":"WebSite","@id":"https:\/\/alpacaselcamino.com\/#website","url":"https:\/\/alpacaselcamino.com\/","name":"Alpacas El Camino","description":"Ovillos de Alpaca y Cabra Mohair. Tambi\u00e9n huevos camperos y patos.","publisher":{"@id":"https:\/\/alpacaselcamino.com\/#organization"},"potentialAction":[{"@type":"SearchAction","target":{"@type":"EntryPoint","urlTemplate":"https:\/\/alpacaselcamino.com\/?s={search_term_string}"},"query-input":{"@type":"PropertyValueSpecification","valueRequired":true,"valueName":"search_term_string"}}],"inLanguage":"en-GB"},{"@type":"Organization","@id":"https:\/\/alpacaselcamino.com\/#organization","name":"Alpacas El Camino","url":"https:\/\/alpacaselcamino.com\/","logo":{"@type":"ImageObject","inLanguage":"en-GB","@id":"https:\/\/alpacaselcamino.com\/#\/schema\/logo\/image\/","url":"https:\/\/alpacaselcamino.com\/wp-content\/uploads\/2022\/03\/Alpacas-El-Camino-2022-Logo.svg","contentUrl":"https:\/\/alpacaselcamino.com\/wp-content\/uploads\/2022\/03\/Alpacas-El-Camino-2022-Logo.svg","width":290,"height":340,"caption":"Alpacas El Camino"},"image":{"@id":"https:\/\/alpacaselcamino.com\/#\/schema\/logo\/image\/"}}]}},"_links":{"self":[{"href":"https:\/\/alpacaselcamino.com\/en\/wp-json\/wp\/v2\/product\/3260","targetHints":{"allow":["GET"]}}],"collection":[{"href":"https:\/\/alpacaselcamino.com\/en\/wp-json\/wp\/v2\/product"}],"about":[{"href":"https:\/\/alpacaselcamino.com\/en\/wp-json\/wp\/v2\/types\/product"}],"replies":[{"embeddable":true,"href":"https:\/\/alpacaselcamino.com\/en\/wp-json\/wp\/v2\/comments?post=3260"}],"wp:featuredmedia":[{"embeddable":true,"href":"https:\/\/alpacaselcamino.com\/en\/wp-json\/wp\/v2\/media\/3264"}],"wp:attachment":[{"href":"https:\/\/alpacaselcamino.com\/en\/wp-json\/wp\/v2\/media?parent=3260"}],"wp:term":[{"taxonomy":"product_brand","embeddable":true,"href":"https:\/\/alpacaselcamino.com\/en\/wp-json\/wp\/v2\/product_brand?post=3260"},{"taxonomy":"product_cat","embeddable":true,"href":"https:\/\/alpacaselcamino.com\/en\/wp-json\/wp\/v2\/product_cat?post=3260"},{"taxonomy":"product_tag","embeddable":true,"href":"https:\/\/alpacaselcamino.com\/en\/wp-json\/wp\/v2\/product_tag?post=3260"}],"curies":[{"name":"wp","href":"https:\/\/api.w.org\/{rel}","templated":true}]}}