{"id":3057,"date":"2025-07-03T20:03:35","date_gmt":"2025-07-03T20:03:35","guid":{"rendered":"https:\/\/alpacaselcamino.com\/?post_type=product&#038;p=3057"},"modified":"2026-04-01T17:15:42","modified_gmt":"2026-04-01T17:15:42","slug":"dauria","status":"publish","type":"product","link":"https:\/\/alpacaselcamino.com\/en\/product\/dauria\/","title":{"rendered":"Dauria"},"content":{"rendered":"<p>Dauria es la nueva presentaci\u00f3n para la fibra de camello que encontrareis en El Camino.<\/p>\n<p>Proveniente de los reba\u00f1os n\u00f3madas amparados por la MONES estos hilos son un extra excepcional a esos proyectos en los que hace falta una doble hebra o un hilo de apoyo para el hilo principal.<\/p>\n<p>Si la decides acompa\u00f1ar con:<\/p>\n<p>Lana &#8211; aportar\u00e1 m\u00e1s calidez adem\u00e1s de ser menos irritante. (ideal para hilos r\u00fasticos).<\/p>\n<p>Cachemir &#8211; aportar\u00e1 resistencia y ayudar\u00e1 a que se enrede menos.<\/p>\n<p>Seda &#8211; aportar\u00e1 mejor regulaci\u00f3n t\u00e9rmica.<\/p>\n<p>Mohair &#8211; aportar\u00e1 mayor poder aislante.<\/p>\n<p>Algod\u00f3n &#8211; aportar\u00e1 estructura.<\/p>\n<p>&nbsp;<\/p>\n<p>La composici\u00f3n de este hilo es 100% camello y vais a encontrar 265 m cada 25 gr.<\/p>\n<p>&nbsp;<\/p>","protected":false},"excerpt":{"rendered":"<p>  [&#8230;]<\/p>\n","protected":false},"featured_media":3324,"comment_status":"closed","ping_status":"closed","template":"","meta":[],"product_brand":[],"product_cat":[223],"product_tag":[],"class_list":{"0":"post-3057","1":"product","2":"type-product","3":"status-publish","4":"has-post-thumbnail","6":"product_cat-los-sincronistas","8":"first","9":"outofstock","10":"shipping-taxable","11":"purchasable","12":"product-type-simple"},"yoast_head":"<!-- This site is optimized with the Yoast SEO plugin v27.2 - https:\/\/yoast.com\/product\/yoast-seo-wordpress\/ -->\n<title>Dauria - Alpacas El Camino<\/title>\n<meta name=\"description\" content=\"Proveniente de los reba\u00f1os n\u00f3madas amparados por la MONES estos hilos son un extra excepcional a esos proyectos en los que hace falta un hilo de apoyo.\" \/>\n<meta name=\"robots\" content=\"index, follow, max-snippet:-1, max-image-preview:large, max-video-preview:-1\" \/>\n<link rel=\"canonical\" href=\"https:\/\/alpacaselcamino.com\/en\/product\/dauria\/\" \/>\n<meta property=\"og:locale\" content=\"en_GB\" \/>\n<meta property=\"og:type\" content=\"article\" \/>\n<meta property=\"og:title\" content=\"Dauria - Alpacas El Camino\" \/>\n<meta property=\"og:description\" content=\"Proveniente de los reba\u00f1os n\u00f3madas amparados por la MONES estos hilos son un extra excepcional a esos proyectos en los que hace falta un hilo de apoyo.\" \/>\n<meta property=\"og:url\" content=\"https:\/\/alpacaselcamino.com\/en\/product\/dauria\/\" \/>\n<meta property=\"og:site_name\" content=\"Alpacas El Camino\" \/>\n<meta property=\"article:modified_time\" content=\"2026-04-01T17:15:42+00:00\" \/>\n<meta property=\"og:image\" content=\"https:\/\/alpacaselcamino.com\/wp-content\/uploads\/2025\/07\/Know-your-Sheep.-Whitefaced-Woodland-21-e1761504392524.png\" \/>\n\t<meta property=\"og:image:width\" content=\"1748\" \/>\n\t<meta property=\"og:image:height\" content=\"1206\" \/>\n\t<meta property=\"og:image:type\" content=\"image\/png\" \/>\n<meta name=\"twitter:card\" content=\"summary_large_image\" \/>\n<meta name=\"twitter:label1\" content=\"Estimated reading time\" \/>\n\t<meta name=\"twitter:data1\" content=\"1 minute\" \/>\n<script type=\"application\/ld+json\" class=\"yoast-schema-graph\">{\"@context\":\"https:\/\/schema.org\",\"@graph\":[{\"@type\":\"WebPage\",\"@id\":\"https:\/\/alpacaselcamino.com\/producto\/dauria\/\",\"url\":\"https:\/\/alpacaselcamino.com\/producto\/dauria\/\",\"name\":\"Dauria - Alpacas El Camino\",\"isPartOf\":{\"@id\":\"https:\/\/alpacaselcamino.com\/#website\"},\"primaryImageOfPage\":{\"@id\":\"https:\/\/alpacaselcamino.com\/producto\/dauria\/#primaryimage\"},\"image\":{\"@id\":\"https:\/\/alpacaselcamino.com\/producto\/dauria\/#primaryimage\"},\"thumbnailUrl\":\"https:\/\/alpacaselcamino.com\/wp-content\/uploads\/2025\/07\/Know-your-Sheep.-Whitefaced-Woodland-21-e1761504392524.png\",\"datePublished\":\"2025-07-03T20:03:35+00:00\",\"dateModified\":\"2026-04-01T17:15:42+00:00\",\"description\":\"Proveniente de los reba\u00f1os n\u00f3madas amparados por la MONES estos hilos son un extra excepcional a esos proyectos en los que hace falta un hilo de apoyo.\",\"breadcrumb\":{\"@id\":\"https:\/\/alpacaselcamino.com\/producto\/dauria\/#breadcrumb\"},\"inLanguage\":\"en-GB\",\"potentialAction\":[{\"@type\":\"ReadAction\",\"target\":[\"https:\/\/alpacaselcamino.com\/producto\/dauria\/\"]}]},{\"@type\":\"ImageObject\",\"inLanguage\":\"en-GB\",\"@id\":\"https:\/\/alpacaselcamino.com\/producto\/dauria\/#primaryimage\",\"url\":\"https:\/\/alpacaselcamino.com\/wp-content\/uploads\/2025\/07\/Know-your-Sheep.-Whitefaced-Woodland-21-e1761504392524.png\",\"contentUrl\":\"https:\/\/alpacaselcamino.com\/wp-content\/uploads\/2025\/07\/Know-your-Sheep.-Whitefaced-Woodland-21-e1761504392524.png\",\"width\":1748,\"height\":1206},{\"@type\":\"BreadcrumbList\",\"@id\":\"https:\/\/alpacaselcamino.com\/producto\/dauria\/#breadcrumb\",\"itemListElement\":[{\"@type\":\"ListItem\",\"position\":1,\"name\":\"Portada\",\"item\":\"https:\/\/alpacaselcamino.com\/\"},{\"@type\":\"ListItem\",\"position\":2,\"name\":\"Tienda\",\"item\":\"https:\/\/alpacaselcamino.com\/tienda\/\"},{\"@type\":\"ListItem\",\"position\":3,\"name\":\"Dauria\"}]},{\"@type\":\"WebSite\",\"@id\":\"https:\/\/alpacaselcamino.com\/#website\",\"url\":\"https:\/\/alpacaselcamino.com\/\",\"name\":\"Alpacas El Camino\",\"description\":\"Ovillos de Alpaca y Cabra Mohair. Tambi\u00e9n huevos camperos y patos.\",\"publisher\":{\"@id\":\"https:\/\/alpacaselcamino.com\/#organization\"},\"potentialAction\":[{\"@type\":\"SearchAction\",\"target\":{\"@type\":\"EntryPoint\",\"urlTemplate\":\"https:\/\/alpacaselcamino.com\/?s={search_term_string}\"},\"query-input\":{\"@type\":\"PropertyValueSpecification\",\"valueRequired\":true,\"valueName\":\"search_term_string\"}}],\"inLanguage\":\"en-GB\"},{\"@type\":\"Organization\",\"@id\":\"https:\/\/alpacaselcamino.com\/#organization\",\"name\":\"Alpacas El Camino\",\"url\":\"https:\/\/alpacaselcamino.com\/\",\"logo\":{\"@type\":\"ImageObject\",\"inLanguage\":\"en-GB\",\"@id\":\"https:\/\/alpacaselcamino.com\/#\/schema\/logo\/image\/\",\"url\":\"https:\/\/alpacaselcamino.com\/wp-content\/uploads\/2022\/03\/Alpacas-El-Camino-2022-Logo.svg\",\"contentUrl\":\"https:\/\/alpacaselcamino.com\/wp-content\/uploads\/2022\/03\/Alpacas-El-Camino-2022-Logo.svg\",\"width\":290,\"height\":340,\"caption\":\"Alpacas El Camino\"},\"image\":{\"@id\":\"https:\/\/alpacaselcamino.com\/#\/schema\/logo\/image\/\"}}]}<\/script>\n<!-- \/ Yoast SEO plugin. -->","yoast_head_json":{"title":"Dauria - Alpacas El Camino","description":"Proveniente de los reba\u00f1os n\u00f3madas amparados por la MONES estos hilos son un extra excepcional a esos proyectos en los que hace falta un hilo de apoyo.","robots":{"index":"index","follow":"follow","max-snippet":"max-snippet:-1","max-image-preview":"max-image-preview:large","max-video-preview":"max-video-preview:-1"},"canonical":"https:\/\/alpacaselcamino.com\/en\/product\/dauria\/","og_locale":"en_GB","og_type":"article","og_title":"Dauria - Alpacas El Camino","og_description":"Proveniente de los reba\u00f1os n\u00f3madas amparados por la MONES estos hilos son un extra excepcional a esos proyectos en los que hace falta un hilo de apoyo.","og_url":"https:\/\/alpacaselcamino.com\/en\/product\/dauria\/","og_site_name":"Alpacas El Camino","article_modified_time":"2026-04-01T17:15:42+00:00","og_image":[{"width":1748,"height":1206,"url":"https:\/\/alpacaselcamino.com\/wp-content\/uploads\/2025\/07\/Know-your-Sheep.-Whitefaced-Woodland-21-e1761504392524.png","type":"image\/png"}],"twitter_card":"summary_large_image","twitter_misc":{"Estimated reading time":"1 minute"},"schema":{"@context":"https:\/\/schema.org","@graph":[{"@type":"WebPage","@id":"https:\/\/alpacaselcamino.com\/producto\/dauria\/","url":"https:\/\/alpacaselcamino.com\/producto\/dauria\/","name":"Dauria - Alpacas El Camino","isPartOf":{"@id":"https:\/\/alpacaselcamino.com\/#website"},"primaryImageOfPage":{"@id":"https:\/\/alpacaselcamino.com\/producto\/dauria\/#primaryimage"},"image":{"@id":"https:\/\/alpacaselcamino.com\/producto\/dauria\/#primaryimage"},"thumbnailUrl":"https:\/\/alpacaselcamino.com\/wp-content\/uploads\/2025\/07\/Know-your-Sheep.-Whitefaced-Woodland-21-e1761504392524.png","datePublished":"2025-07-03T20:03:35+00:00","dateModified":"2026-04-01T17:15:42+00:00","description":"Proveniente de los reba\u00f1os n\u00f3madas amparados por la MONES estos hilos son un extra excepcional a esos proyectos en los que hace falta un hilo de apoyo.","breadcrumb":{"@id":"https:\/\/alpacaselcamino.com\/producto\/dauria\/#breadcrumb"},"inLanguage":"en-GB","potentialAction":[{"@type":"ReadAction","target":["https:\/\/alpacaselcamino.com\/producto\/dauria\/"]}]},{"@type":"ImageObject","inLanguage":"en-GB","@id":"https:\/\/alpacaselcamino.com\/producto\/dauria\/#primaryimage","url":"https:\/\/alpacaselcamino.com\/wp-content\/uploads\/2025\/07\/Know-your-Sheep.-Whitefaced-Woodland-21-e1761504392524.png","contentUrl":"https:\/\/alpacaselcamino.com\/wp-content\/uploads\/2025\/07\/Know-your-Sheep.-Whitefaced-Woodland-21-e1761504392524.png","width":1748,"height":1206},{"@type":"BreadcrumbList","@id":"https:\/\/alpacaselcamino.com\/producto\/dauria\/#breadcrumb","itemListElement":[{"@type":"ListItem","position":1,"name":"Portada","item":"https:\/\/alpacaselcamino.com\/"},{"@type":"ListItem","position":2,"name":"Tienda","item":"https:\/\/alpacaselcamino.com\/tienda\/"},{"@type":"ListItem","position":3,"name":"Dauria"}]},{"@type":"WebSite","@id":"https:\/\/alpacaselcamino.com\/#website","url":"https:\/\/alpacaselcamino.com\/","name":"Alpacas El Camino","description":"Ovillos de Alpaca y Cabra Mohair. Tambi\u00e9n huevos camperos y patos.","publisher":{"@id":"https:\/\/alpacaselcamino.com\/#organization"},"potentialAction":[{"@type":"SearchAction","target":{"@type":"EntryPoint","urlTemplate":"https:\/\/alpacaselcamino.com\/?s={search_term_string}"},"query-input":{"@type":"PropertyValueSpecification","valueRequired":true,"valueName":"search_term_string"}}],"inLanguage":"en-GB"},{"@type":"Organization","@id":"https:\/\/alpacaselcamino.com\/#organization","name":"Alpacas El Camino","url":"https:\/\/alpacaselcamino.com\/","logo":{"@type":"ImageObject","inLanguage":"en-GB","@id":"https:\/\/alpacaselcamino.com\/#\/schema\/logo\/image\/","url":"https:\/\/alpacaselcamino.com\/wp-content\/uploads\/2022\/03\/Alpacas-El-Camino-2022-Logo.svg","contentUrl":"https:\/\/alpacaselcamino.com\/wp-content\/uploads\/2022\/03\/Alpacas-El-Camino-2022-Logo.svg","width":290,"height":340,"caption":"Alpacas El Camino"},"image":{"@id":"https:\/\/alpacaselcamino.com\/#\/schema\/logo\/image\/"}}]}},"_links":{"self":[{"href":"https:\/\/alpacaselcamino.com\/en\/wp-json\/wp\/v2\/product\/3057","targetHints":{"allow":["GET"]}}],"collection":[{"href":"https:\/\/alpacaselcamino.com\/en\/wp-json\/wp\/v2\/product"}],"about":[{"href":"https:\/\/alpacaselcamino.com\/en\/wp-json\/wp\/v2\/types\/product"}],"replies":[{"embeddable":true,"href":"https:\/\/alpacaselcamino.com\/en\/wp-json\/wp\/v2\/comments?post=3057"}],"wp:featuredmedia":[{"embeddable":true,"href":"https:\/\/alpacaselcamino.com\/en\/wp-json\/wp\/v2\/media\/3324"}],"wp:attachment":[{"href":"https:\/\/alpacaselcamino.com\/en\/wp-json\/wp\/v2\/media?parent=3057"}],"wp:term":[{"taxonomy":"product_brand","embeddable":true,"href":"https:\/\/alpacaselcamino.com\/en\/wp-json\/wp\/v2\/product_brand?post=3057"},{"taxonomy":"product_cat","embeddable":true,"href":"https:\/\/alpacaselcamino.com\/en\/wp-json\/wp\/v2\/product_cat?post=3057"},{"taxonomy":"product_tag","embeddable":true,"href":"https:\/\/alpacaselcamino.com\/en\/wp-json\/wp\/v2\/product_tag?post=3057"}],"curies":[{"name":"wp","href":"https:\/\/api.w.org\/{rel}","templated":true}]}}