{"id":2936,"date":"2025-02-28T11:27:14","date_gmt":"2025-02-28T11:27:14","guid":{"rendered":"https:\/\/alpacaselcamino.com\/?post_type=product&#038;p=2936"},"modified":"2026-01-31T13:49:15","modified_gmt":"2026-01-31T13:49:15","slug":"chuches","status":"publish","type":"product","link":"https:\/\/alpacaselcamino.com\/en\/product\/chuches\/","title":{"rendered":"Chuches para alpaca"},"content":{"rendered":"<p>Una gran ayuda para tener a mis reba\u00f1os contentos despu\u00e9s de ser el \u00abmalo\u00bb y haberlos vacunado, desparasitado, arreglado u\u00f1as&#8230; de verdad&#8230; \u00bfC\u00f3mo se me ocurre hacer eso por ellos? \u00bfen que momento?<\/p>","protected":false},"excerpt":{"rendered":"<p>  [&#8230;]<\/p>\n","protected":false},"featured_media":3496,"comment_status":"closed","ping_status":"closed","template":"","meta":[],"product_brand":[],"product_cat":[26],"product_tag":[177],"class_list":{"0":"post-2936","1":"product","2":"type-product","3":"status-publish","4":"has-post-thumbnail","6":"product_cat-otros","7":"product_tag-hilar","9":"first","10":"instock","11":"virtual","12":"purchasable","13":"product-type-simple"},"yoast_head":"<!-- This site is optimized with the Yoast SEO plugin v27.2 - https:\/\/yoast.com\/product\/yoast-seo-wordpress\/ -->\n<title>Chuches para alpaca - Alpacas El Camino<\/title>\n<meta name=\"description\" content=\"Una gran ayuda para tener a mis reba\u00f1os contentos despu\u00e9s de ser el &quot;malo&quot; y haberlos vacunado, desparasitado, arreglado u\u00f1as... de verdad... \u00bfC\u00f3mo se me ocurre hacer eso?\" \/>\n<meta name=\"robots\" content=\"index, follow, max-snippet:-1, max-image-preview:large, max-video-preview:-1\" \/>\n<link rel=\"canonical\" href=\"https:\/\/alpacaselcamino.com\/en\/product\/chuches\/\" \/>\n<meta property=\"og:locale\" content=\"en_GB\" \/>\n<meta property=\"og:type\" content=\"article\" \/>\n<meta property=\"og:title\" content=\"Chuches para alpaca - Alpacas El Camino\" \/>\n<meta property=\"og:description\" content=\"Una gran ayuda para tener a mis reba\u00f1os contentos despu\u00e9s de ser el &quot;malo&quot; y haberlos vacunado, desparasitado, arreglado u\u00f1as... de verdad... \u00bfC\u00f3mo se me ocurre hacer eso?\" \/>\n<meta property=\"og:url\" content=\"https:\/\/alpacaselcamino.com\/en\/product\/chuches\/\" \/>\n<meta property=\"og:site_name\" content=\"Alpacas El Camino\" \/>\n<meta property=\"article:modified_time\" content=\"2026-01-31T13:49:15+00:00\" \/>\n<meta property=\"og:image\" content=\"https:\/\/alpacaselcamino.com\/wp-content\/uploads\/2025\/02\/Know-your-Sheep.-Whitefaced-Woodland-24.png\" \/>\n\t<meta property=\"og:image:width\" content=\"1748\" \/>\n\t<meta property=\"og:image:height\" content=\"1240\" \/>\n\t<meta property=\"og:image:type\" content=\"image\/png\" \/>\n<meta name=\"twitter:card\" content=\"summary_large_image\" \/>\n<meta name=\"twitter:label1\" content=\"Estimated reading time\" \/>\n\t<meta name=\"twitter:data1\" content=\"1 minute\" \/>\n<script type=\"application\/ld+json\" class=\"yoast-schema-graph\">{\"@context\":\"https:\/\/schema.org\",\"@graph\":[{\"@type\":\"WebPage\",\"@id\":\"https:\/\/alpacaselcamino.com\/producto\/chuches\/\",\"url\":\"https:\/\/alpacaselcamino.com\/producto\/chuches\/\",\"name\":\"Chuches para alpaca - Alpacas El Camino\",\"isPartOf\":{\"@id\":\"https:\/\/alpacaselcamino.com\/#website\"},\"primaryImageOfPage\":{\"@id\":\"https:\/\/alpacaselcamino.com\/producto\/chuches\/#primaryimage\"},\"image\":{\"@id\":\"https:\/\/alpacaselcamino.com\/producto\/chuches\/#primaryimage\"},\"thumbnailUrl\":\"https:\/\/alpacaselcamino.com\/wp-content\/uploads\/2025\/02\/Know-your-Sheep.-Whitefaced-Woodland-24.png\",\"datePublished\":\"2025-02-28T11:27:14+00:00\",\"dateModified\":\"2026-01-31T13:49:15+00:00\",\"description\":\"Una gran ayuda para tener a mis reba\u00f1os contentos despu\u00e9s de ser el \\\"malo\\\" y haberlos vacunado, desparasitado, arreglado u\u00f1as... de verdad... \u00bfC\u00f3mo se me ocurre hacer eso?\",\"breadcrumb\":{\"@id\":\"https:\/\/alpacaselcamino.com\/producto\/chuches\/#breadcrumb\"},\"inLanguage\":\"en-GB\",\"potentialAction\":[{\"@type\":\"ReadAction\",\"target\":[\"https:\/\/alpacaselcamino.com\/producto\/chuches\/\"]}]},{\"@type\":\"ImageObject\",\"inLanguage\":\"en-GB\",\"@id\":\"https:\/\/alpacaselcamino.com\/producto\/chuches\/#primaryimage\",\"url\":\"https:\/\/alpacaselcamino.com\/wp-content\/uploads\/2025\/02\/Know-your-Sheep.-Whitefaced-Woodland-24.png\",\"contentUrl\":\"https:\/\/alpacaselcamino.com\/wp-content\/uploads\/2025\/02\/Know-your-Sheep.-Whitefaced-Woodland-24.png\",\"width\":1748,\"height\":1240},{\"@type\":\"BreadcrumbList\",\"@id\":\"https:\/\/alpacaselcamino.com\/producto\/chuches\/#breadcrumb\",\"itemListElement\":[{\"@type\":\"ListItem\",\"position\":1,\"name\":\"Portada\",\"item\":\"https:\/\/alpacaselcamino.com\/\"},{\"@type\":\"ListItem\",\"position\":2,\"name\":\"Tienda\",\"item\":\"https:\/\/alpacaselcamino.com\/tienda\/\"},{\"@type\":\"ListItem\",\"position\":3,\"name\":\"Chuches para alpaca\"}]},{\"@type\":\"WebSite\",\"@id\":\"https:\/\/alpacaselcamino.com\/#website\",\"url\":\"https:\/\/alpacaselcamino.com\/\",\"name\":\"Alpacas El Camino\",\"description\":\"Ovillos de Alpaca y Cabra Mohair. Tambi\u00e9n huevos camperos y patos.\",\"publisher\":{\"@id\":\"https:\/\/alpacaselcamino.com\/#organization\"},\"potentialAction\":[{\"@type\":\"SearchAction\",\"target\":{\"@type\":\"EntryPoint\",\"urlTemplate\":\"https:\/\/alpacaselcamino.com\/?s={search_term_string}\"},\"query-input\":{\"@type\":\"PropertyValueSpecification\",\"valueRequired\":true,\"valueName\":\"search_term_string\"}}],\"inLanguage\":\"en-GB\"},{\"@type\":\"Organization\",\"@id\":\"https:\/\/alpacaselcamino.com\/#organization\",\"name\":\"Alpacas El Camino\",\"url\":\"https:\/\/alpacaselcamino.com\/\",\"logo\":{\"@type\":\"ImageObject\",\"inLanguage\":\"en-GB\",\"@id\":\"https:\/\/alpacaselcamino.com\/#\/schema\/logo\/image\/\",\"url\":\"https:\/\/alpacaselcamino.com\/wp-content\/uploads\/2022\/03\/Alpacas-El-Camino-2022-Logo.svg\",\"contentUrl\":\"https:\/\/alpacaselcamino.com\/wp-content\/uploads\/2022\/03\/Alpacas-El-Camino-2022-Logo.svg\",\"width\":290,\"height\":340,\"caption\":\"Alpacas El Camino\"},\"image\":{\"@id\":\"https:\/\/alpacaselcamino.com\/#\/schema\/logo\/image\/\"}}]}<\/script>\n<!-- \/ Yoast SEO plugin. -->","yoast_head_json":{"title":"Chuches para alpaca - Alpacas El Camino","description":"Una gran ayuda para tener a mis reba\u00f1os contentos despu\u00e9s de ser el \"malo\" y haberlos vacunado, desparasitado, arreglado u\u00f1as... de verdad... \u00bfC\u00f3mo se me ocurre hacer eso?","robots":{"index":"index","follow":"follow","max-snippet":"max-snippet:-1","max-image-preview":"max-image-preview:large","max-video-preview":"max-video-preview:-1"},"canonical":"https:\/\/alpacaselcamino.com\/en\/product\/chuches\/","og_locale":"en_GB","og_type":"article","og_title":"Chuches para alpaca - Alpacas El Camino","og_description":"Una gran ayuda para tener a mis reba\u00f1os contentos despu\u00e9s de ser el \"malo\" y haberlos vacunado, desparasitado, arreglado u\u00f1as... de verdad... \u00bfC\u00f3mo se me ocurre hacer eso?","og_url":"https:\/\/alpacaselcamino.com\/en\/product\/chuches\/","og_site_name":"Alpacas El Camino","article_modified_time":"2026-01-31T13:49:15+00:00","og_image":[{"width":1748,"height":1240,"url":"https:\/\/alpacaselcamino.com\/wp-content\/uploads\/2025\/02\/Know-your-Sheep.-Whitefaced-Woodland-24.png","type":"image\/png"}],"twitter_card":"summary_large_image","twitter_misc":{"Estimated reading time":"1 minute"},"schema":{"@context":"https:\/\/schema.org","@graph":[{"@type":"WebPage","@id":"https:\/\/alpacaselcamino.com\/producto\/chuches\/","url":"https:\/\/alpacaselcamino.com\/producto\/chuches\/","name":"Chuches para alpaca - Alpacas El Camino","isPartOf":{"@id":"https:\/\/alpacaselcamino.com\/#website"},"primaryImageOfPage":{"@id":"https:\/\/alpacaselcamino.com\/producto\/chuches\/#primaryimage"},"image":{"@id":"https:\/\/alpacaselcamino.com\/producto\/chuches\/#primaryimage"},"thumbnailUrl":"https:\/\/alpacaselcamino.com\/wp-content\/uploads\/2025\/02\/Know-your-Sheep.-Whitefaced-Woodland-24.png","datePublished":"2025-02-28T11:27:14+00:00","dateModified":"2026-01-31T13:49:15+00:00","description":"Una gran ayuda para tener a mis reba\u00f1os contentos despu\u00e9s de ser el \"malo\" y haberlos vacunado, desparasitado, arreglado u\u00f1as... de verdad... \u00bfC\u00f3mo se me ocurre hacer eso?","breadcrumb":{"@id":"https:\/\/alpacaselcamino.com\/producto\/chuches\/#breadcrumb"},"inLanguage":"en-GB","potentialAction":[{"@type":"ReadAction","target":["https:\/\/alpacaselcamino.com\/producto\/chuches\/"]}]},{"@type":"ImageObject","inLanguage":"en-GB","@id":"https:\/\/alpacaselcamino.com\/producto\/chuches\/#primaryimage","url":"https:\/\/alpacaselcamino.com\/wp-content\/uploads\/2025\/02\/Know-your-Sheep.-Whitefaced-Woodland-24.png","contentUrl":"https:\/\/alpacaselcamino.com\/wp-content\/uploads\/2025\/02\/Know-your-Sheep.-Whitefaced-Woodland-24.png","width":1748,"height":1240},{"@type":"BreadcrumbList","@id":"https:\/\/alpacaselcamino.com\/producto\/chuches\/#breadcrumb","itemListElement":[{"@type":"ListItem","position":1,"name":"Portada","item":"https:\/\/alpacaselcamino.com\/"},{"@type":"ListItem","position":2,"name":"Tienda","item":"https:\/\/alpacaselcamino.com\/tienda\/"},{"@type":"ListItem","position":3,"name":"Chuches para alpaca"}]},{"@type":"WebSite","@id":"https:\/\/alpacaselcamino.com\/#website","url":"https:\/\/alpacaselcamino.com\/","name":"Alpacas El Camino","description":"Ovillos de Alpaca y Cabra Mohair. Tambi\u00e9n huevos camperos y patos.","publisher":{"@id":"https:\/\/alpacaselcamino.com\/#organization"},"potentialAction":[{"@type":"SearchAction","target":{"@type":"EntryPoint","urlTemplate":"https:\/\/alpacaselcamino.com\/?s={search_term_string}"},"query-input":{"@type":"PropertyValueSpecification","valueRequired":true,"valueName":"search_term_string"}}],"inLanguage":"en-GB"},{"@type":"Organization","@id":"https:\/\/alpacaselcamino.com\/#organization","name":"Alpacas El Camino","url":"https:\/\/alpacaselcamino.com\/","logo":{"@type":"ImageObject","inLanguage":"en-GB","@id":"https:\/\/alpacaselcamino.com\/#\/schema\/logo\/image\/","url":"https:\/\/alpacaselcamino.com\/wp-content\/uploads\/2022\/03\/Alpacas-El-Camino-2022-Logo.svg","contentUrl":"https:\/\/alpacaselcamino.com\/wp-content\/uploads\/2022\/03\/Alpacas-El-Camino-2022-Logo.svg","width":290,"height":340,"caption":"Alpacas El Camino"},"image":{"@id":"https:\/\/alpacaselcamino.com\/#\/schema\/logo\/image\/"}}]}},"_links":{"self":[{"href":"https:\/\/alpacaselcamino.com\/en\/wp-json\/wp\/v2\/product\/2936","targetHints":{"allow":["GET"]}}],"collection":[{"href":"https:\/\/alpacaselcamino.com\/en\/wp-json\/wp\/v2\/product"}],"about":[{"href":"https:\/\/alpacaselcamino.com\/en\/wp-json\/wp\/v2\/types\/product"}],"replies":[{"embeddable":true,"href":"https:\/\/alpacaselcamino.com\/en\/wp-json\/wp\/v2\/comments?post=2936"}],"wp:featuredmedia":[{"embeddable":true,"href":"https:\/\/alpacaselcamino.com\/en\/wp-json\/wp\/v2\/media\/3496"}],"wp:attachment":[{"href":"https:\/\/alpacaselcamino.com\/en\/wp-json\/wp\/v2\/media?parent=2936"}],"wp:term":[{"taxonomy":"product_brand","embeddable":true,"href":"https:\/\/alpacaselcamino.com\/en\/wp-json\/wp\/v2\/product_brand?post=2936"},{"taxonomy":"product_cat","embeddable":true,"href":"https:\/\/alpacaselcamino.com\/en\/wp-json\/wp\/v2\/product_cat?post=2936"},{"taxonomy":"product_tag","embeddable":true,"href":"https:\/\/alpacaselcamino.com\/en\/wp-json\/wp\/v2\/product_tag?post=2936"}],"curies":[{"name":"wp","href":"https:\/\/api.w.org\/{rel}","templated":true}]}}