{"id":2800,"date":"2025-01-01T12:52:15","date_gmt":"2025-01-01T12:52:15","guid":{"rendered":"https:\/\/alpacaselcamino.com\/?post_type=product&#038;p=2800"},"modified":"2026-04-04T14:01:27","modified_gmt":"2026-04-04T14:01:27","slug":"100-efra","status":"publish","type":"product","link":"https:\/\/alpacaselcamino.com\/en\/product\/100-efra\/","title":{"rendered":"Efra"},"content":{"rendered":"<p style=\"padding-left: 40px;\">Primeros hilos 100% alpaca, los animales seleccionados son aquellos cuyos vellones han sobresalido sobre todos los dem\u00e1s dando lugar a la idea de esta nueva colecci\u00f3n. En los ovillos de Efra encontrar\u00e1s 173 mt en 50 gr, ideal para agujas del 3.<\/p>\n<p>&nbsp;<\/p>\n<p>&nbsp;<\/p>","protected":false},"excerpt":{"rendered":"<p>  [&#8230;]<\/p>\n","protected":false},"featured_media":3350,"comment_status":"closed","ping_status":"closed","template":"","meta":[],"product_brand":[],"product_cat":[165],"product_tag":[],"class_list":{"0":"post-2800","1":"product","2":"type-product","3":"status-publish","4":"has-post-thumbnail","6":"product_cat-the-pure-edition","8":"first","9":"instock","10":"shipping-taxable","11":"purchasable","12":"product-type-simple"},"yoast_head":"<!-- This site is optimized with the Yoast SEO plugin v27.2 - https:\/\/yoast.com\/product\/yoast-seo-wordpress\/ -->\n<title>Efra - Alpacas El Camino<\/title>\n<meta name=\"robots\" content=\"index, follow, max-snippet:-1, max-image-preview:large, max-video-preview:-1\" \/>\n<link rel=\"canonical\" href=\"https:\/\/alpacaselcamino.com\/en\/product\/100-efra\/\" \/>\n<meta property=\"og:locale\" content=\"en_GB\" \/>\n<meta property=\"og:type\" content=\"article\" \/>\n<meta property=\"og:title\" content=\"Efra - Alpacas El Camino\" \/>\n<meta property=\"og:description\" content=\"[...]\" \/>\n<meta property=\"og:url\" content=\"https:\/\/alpacaselcamino.com\/en\/product\/100-efra\/\" \/>\n<meta property=\"og:site_name\" content=\"Alpacas El Camino\" \/>\n<meta property=\"article:modified_time\" content=\"2026-04-04T14:01:27+00:00\" \/>\n<meta property=\"og:image\" content=\"https:\/\/alpacaselcamino.com\/wp-content\/uploads\/2025\/01\/Know-your-Sheep.-Whitefaced-Woodland-15-1024x726.png\" \/>\n\t<meta property=\"og:image:width\" content=\"1024\" \/>\n\t<meta property=\"og:image:height\" content=\"726\" \/>\n\t<meta property=\"og:image:type\" content=\"image\/png\" \/>\n<meta name=\"twitter:card\" content=\"summary_large_image\" \/>\n<meta name=\"twitter:label1\" content=\"Estimated reading time\" \/>\n\t<meta name=\"twitter:data1\" content=\"1 minute\" \/>\n<script type=\"application\/ld+json\" class=\"yoast-schema-graph\">{\"@context\":\"https:\/\/schema.org\",\"@graph\":[{\"@type\":\"WebPage\",\"@id\":\"https:\/\/alpacaselcamino.com\/producto\/100-efra\/\",\"url\":\"https:\/\/alpacaselcamino.com\/producto\/100-efra\/\",\"name\":\"Efra - Alpacas El Camino\",\"isPartOf\":{\"@id\":\"https:\/\/alpacaselcamino.com\/#website\"},\"primaryImageOfPage\":{\"@id\":\"https:\/\/alpacaselcamino.com\/producto\/100-efra\/#primaryimage\"},\"image\":{\"@id\":\"https:\/\/alpacaselcamino.com\/producto\/100-efra\/#primaryimage\"},\"thumbnailUrl\":\"https:\/\/alpacaselcamino.com\/wp-content\/uploads\/2025\/01\/Know-your-Sheep.-Whitefaced-Woodland-15.png\",\"datePublished\":\"2025-01-01T12:52:15+00:00\",\"dateModified\":\"2026-04-04T14:01:27+00:00\",\"breadcrumb\":{\"@id\":\"https:\/\/alpacaselcamino.com\/producto\/100-efra\/#breadcrumb\"},\"inLanguage\":\"en-GB\",\"potentialAction\":[{\"@type\":\"ReadAction\",\"target\":[\"https:\/\/alpacaselcamino.com\/producto\/100-efra\/\"]}]},{\"@type\":\"ImageObject\",\"inLanguage\":\"en-GB\",\"@id\":\"https:\/\/alpacaselcamino.com\/producto\/100-efra\/#primaryimage\",\"url\":\"https:\/\/alpacaselcamino.com\/wp-content\/uploads\/2025\/01\/Know-your-Sheep.-Whitefaced-Woodland-15.png\",\"contentUrl\":\"https:\/\/alpacaselcamino.com\/wp-content\/uploads\/2025\/01\/Know-your-Sheep.-Whitefaced-Woodland-15.png\",\"width\":1748,\"height\":1240},{\"@type\":\"BreadcrumbList\",\"@id\":\"https:\/\/alpacaselcamino.com\/producto\/100-efra\/#breadcrumb\",\"itemListElement\":[{\"@type\":\"ListItem\",\"position\":1,\"name\":\"Portada\",\"item\":\"https:\/\/alpacaselcamino.com\/\"},{\"@type\":\"ListItem\",\"position\":2,\"name\":\"Tienda\",\"item\":\"https:\/\/alpacaselcamino.com\/tienda\/\"},{\"@type\":\"ListItem\",\"position\":3,\"name\":\"Efra\"}]},{\"@type\":\"WebSite\",\"@id\":\"https:\/\/alpacaselcamino.com\/#website\",\"url\":\"https:\/\/alpacaselcamino.com\/\",\"name\":\"Alpacas El Camino\",\"description\":\"Ovillos de Alpaca y Cabra Mohair. Tambi\u00e9n huevos camperos y patos.\",\"publisher\":{\"@id\":\"https:\/\/alpacaselcamino.com\/#organization\"},\"potentialAction\":[{\"@type\":\"SearchAction\",\"target\":{\"@type\":\"EntryPoint\",\"urlTemplate\":\"https:\/\/alpacaselcamino.com\/?s={search_term_string}\"},\"query-input\":{\"@type\":\"PropertyValueSpecification\",\"valueRequired\":true,\"valueName\":\"search_term_string\"}}],\"inLanguage\":\"en-GB\"},{\"@type\":\"Organization\",\"@id\":\"https:\/\/alpacaselcamino.com\/#organization\",\"name\":\"Alpacas El Camino\",\"url\":\"https:\/\/alpacaselcamino.com\/\",\"logo\":{\"@type\":\"ImageObject\",\"inLanguage\":\"en-GB\",\"@id\":\"https:\/\/alpacaselcamino.com\/#\/schema\/logo\/image\/\",\"url\":\"https:\/\/alpacaselcamino.com\/wp-content\/uploads\/2022\/03\/Alpacas-El-Camino-2022-Logo.svg\",\"contentUrl\":\"https:\/\/alpacaselcamino.com\/wp-content\/uploads\/2022\/03\/Alpacas-El-Camino-2022-Logo.svg\",\"width\":290,\"height\":340,\"caption\":\"Alpacas El Camino\"},\"image\":{\"@id\":\"https:\/\/alpacaselcamino.com\/#\/schema\/logo\/image\/\"}}]}<\/script>\n<!-- \/ Yoast SEO plugin. -->","yoast_head_json":{"title":"Efra - Alpacas El Camino","robots":{"index":"index","follow":"follow","max-snippet":"max-snippet:-1","max-image-preview":"max-image-preview:large","max-video-preview":"max-video-preview:-1"},"canonical":"https:\/\/alpacaselcamino.com\/en\/product\/100-efra\/","og_locale":"en_GB","og_type":"article","og_title":"Efra - Alpacas El Camino","og_description":"[...]","og_url":"https:\/\/alpacaselcamino.com\/en\/product\/100-efra\/","og_site_name":"Alpacas El Camino","article_modified_time":"2026-04-04T14:01:27+00:00","og_image":[{"width":1024,"height":726,"url":"https:\/\/alpacaselcamino.com\/wp-content\/uploads\/2025\/01\/Know-your-Sheep.-Whitefaced-Woodland-15-1024x726.png","type":"image\/png"}],"twitter_card":"summary_large_image","twitter_misc":{"Estimated reading time":"1 minute"},"schema":{"@context":"https:\/\/schema.org","@graph":[{"@type":"WebPage","@id":"https:\/\/alpacaselcamino.com\/producto\/100-efra\/","url":"https:\/\/alpacaselcamino.com\/producto\/100-efra\/","name":"Efra - Alpacas El Camino","isPartOf":{"@id":"https:\/\/alpacaselcamino.com\/#website"},"primaryImageOfPage":{"@id":"https:\/\/alpacaselcamino.com\/producto\/100-efra\/#primaryimage"},"image":{"@id":"https:\/\/alpacaselcamino.com\/producto\/100-efra\/#primaryimage"},"thumbnailUrl":"https:\/\/alpacaselcamino.com\/wp-content\/uploads\/2025\/01\/Know-your-Sheep.-Whitefaced-Woodland-15.png","datePublished":"2025-01-01T12:52:15+00:00","dateModified":"2026-04-04T14:01:27+00:00","breadcrumb":{"@id":"https:\/\/alpacaselcamino.com\/producto\/100-efra\/#breadcrumb"},"inLanguage":"en-GB","potentialAction":[{"@type":"ReadAction","target":["https:\/\/alpacaselcamino.com\/producto\/100-efra\/"]}]},{"@type":"ImageObject","inLanguage":"en-GB","@id":"https:\/\/alpacaselcamino.com\/producto\/100-efra\/#primaryimage","url":"https:\/\/alpacaselcamino.com\/wp-content\/uploads\/2025\/01\/Know-your-Sheep.-Whitefaced-Woodland-15.png","contentUrl":"https:\/\/alpacaselcamino.com\/wp-content\/uploads\/2025\/01\/Know-your-Sheep.-Whitefaced-Woodland-15.png","width":1748,"height":1240},{"@type":"BreadcrumbList","@id":"https:\/\/alpacaselcamino.com\/producto\/100-efra\/#breadcrumb","itemListElement":[{"@type":"ListItem","position":1,"name":"Portada","item":"https:\/\/alpacaselcamino.com\/"},{"@type":"ListItem","position":2,"name":"Tienda","item":"https:\/\/alpacaselcamino.com\/tienda\/"},{"@type":"ListItem","position":3,"name":"Efra"}]},{"@type":"WebSite","@id":"https:\/\/alpacaselcamino.com\/#website","url":"https:\/\/alpacaselcamino.com\/","name":"Alpacas El Camino","description":"Ovillos de Alpaca y Cabra Mohair. Tambi\u00e9n huevos camperos y patos.","publisher":{"@id":"https:\/\/alpacaselcamino.com\/#organization"},"potentialAction":[{"@type":"SearchAction","target":{"@type":"EntryPoint","urlTemplate":"https:\/\/alpacaselcamino.com\/?s={search_term_string}"},"query-input":{"@type":"PropertyValueSpecification","valueRequired":true,"valueName":"search_term_string"}}],"inLanguage":"en-GB"},{"@type":"Organization","@id":"https:\/\/alpacaselcamino.com\/#organization","name":"Alpacas El Camino","url":"https:\/\/alpacaselcamino.com\/","logo":{"@type":"ImageObject","inLanguage":"en-GB","@id":"https:\/\/alpacaselcamino.com\/#\/schema\/logo\/image\/","url":"https:\/\/alpacaselcamino.com\/wp-content\/uploads\/2022\/03\/Alpacas-El-Camino-2022-Logo.svg","contentUrl":"https:\/\/alpacaselcamino.com\/wp-content\/uploads\/2022\/03\/Alpacas-El-Camino-2022-Logo.svg","width":290,"height":340,"caption":"Alpacas El Camino"},"image":{"@id":"https:\/\/alpacaselcamino.com\/#\/schema\/logo\/image\/"}}]}},"_links":{"self":[{"href":"https:\/\/alpacaselcamino.com\/en\/wp-json\/wp\/v2\/product\/2800","targetHints":{"allow":["GET"]}}],"collection":[{"href":"https:\/\/alpacaselcamino.com\/en\/wp-json\/wp\/v2\/product"}],"about":[{"href":"https:\/\/alpacaselcamino.com\/en\/wp-json\/wp\/v2\/types\/product"}],"replies":[{"embeddable":true,"href":"https:\/\/alpacaselcamino.com\/en\/wp-json\/wp\/v2\/comments?post=2800"}],"wp:featuredmedia":[{"embeddable":true,"href":"https:\/\/alpacaselcamino.com\/en\/wp-json\/wp\/v2\/media\/3350"}],"wp:attachment":[{"href":"https:\/\/alpacaselcamino.com\/en\/wp-json\/wp\/v2\/media?parent=2800"}],"wp:term":[{"taxonomy":"product_brand","embeddable":true,"href":"https:\/\/alpacaselcamino.com\/en\/wp-json\/wp\/v2\/product_brand?post=2800"},{"taxonomy":"product_cat","embeddable":true,"href":"https:\/\/alpacaselcamino.com\/en\/wp-json\/wp\/v2\/product_cat?post=2800"},{"taxonomy":"product_tag","embeddable":true,"href":"https:\/\/alpacaselcamino.com\/en\/wp-json\/wp\/v2\/product_tag?post=2800"}],"curies":[{"name":"wp","href":"https:\/\/api.w.org\/{rel}","templated":true}]}}