{"id":2137,"date":"2024-12-07T15:30:26","date_gmt":"2024-12-07T15:30:26","guid":{"rendered":"https:\/\/alpacaselcamino.com\/?post_type=product&#038;p=2137"},"modified":"2026-04-04T18:01:02","modified_gmt":"2026-04-04T18:01:02","slug":"perpetua","status":"publish","type":"product","link":"https:\/\/alpacaselcamino.com\/en\/product\/perpetua\/","title":{"rendered":"Perpetua"},"content":{"rendered":"<p class=\"cvGsUA direction-ltr align-start para-style-body\"><span class=\"a_GcMg font-feature-liga-off font-feature-clig-off font-feature-calt-off text-decoration-none text-strikethrough-none\">Tradicional de Myanmar y Camboya, Perpetua proviene del trabajo del \u201cGrupo Samatoa\u201d, d\u00f3nde se extraen los filamentos de la m\u00e9dula del tallo de la flor de loto. Por su rareza y laboriosidad es considerada una de las fibras mas exclusivas del mundo.<\/span><\/p>\n<p class=\"cvGsUA direction-ltr align-start para-style-body\">Samatoa es una empresa social que se centra en los valores del comercio justo, el desarrollo sostenible y la producci\u00f3n \u00e9tica.<\/p>\n<p class=\"cvGsUA direction-ltr align-start para-style-body\"><span class=\"a_GcMg font-feature-liga-off font-feature-clig-off font-feature-calt-off text-decoration-none text-strikethrough-none\">Perpetua debido a su composici\u00f3n mezcla lo mejor de las propiedades del merino espa\u00f1ol con las de la flor de loto. Teniendo un tacto muy similar a la de la seda cruda con un leve brillo mate, estos hilos tienen propiedades antibacterianas naturales.<\/span><\/p>\n<p class=\"cvGsUA direction-ltr align-start para-style-body\"><span class=\"a_GcMg font-feature-liga-off font-feature-clig-off font-feature-calt-off text-decoration-none text-strikethrough-none\">A diferencia de otras fibras provenientes del tallo de las plantas, la flor de loto no necesita tallos extra largos para ser una fibra viable para su uso. Con 20 &#8211; 30 cm son suficientes para poder tener esas fibras listas para su uso textil.<\/span><\/p>\n<p class=\"cvGsUA direction-ltr align-start para-style-body\"><span class=\"a_GcMg font-feature-liga-off font-feature-clig-off font-feature-calt-off text-decoration-none text-strikethrough-none\">Usos recomendados:<\/span><span class=\"a_GcMg font-feature-liga-off font-feature-clig-off font-feature-calt-off text-decoration-none text-strikethrough-none\"> Accesorios delicados o piezas que busquen una exclusividad.<\/span> <span class=\"a_GcMg font-feature-liga-off font-feature-clig-off font-feature-calt-off text-decoration-none text-strikethrough-none\">Esencial para prendas de entre tiempo que necesiten que haya intercambio de temperatura con el medio pero mantengan el calor corporal.<\/span><\/p>\n<p>&nbsp;<\/p>\n<p>La composici\u00f3n de este hilo es 63% Merino espa\u00f1ol, 37% Flor de loto y vais a encontrar 185 m cada 100 gr.<\/p>\n<p>*Los colores pueden variar de lo que captura la c\u00e1mara a la realidad.<\/p>\n<p>&nbsp;<\/p>","protected":false},"excerpt":{"rendered":"<p>  [&#8230;]<\/p>\n","protected":false},"featured_media":3325,"comment_status":"closed","ping_status":"closed","template":"","meta":[],"product_brand":[],"product_cat":[223],"product_tag":[],"class_list":{"0":"post-2137","1":"product","2":"type-product","3":"status-publish","4":"has-post-thumbnail","6":"product_cat-los-sincronistas","8":"first","9":"instock","10":"shipping-taxable","11":"purchasable","12":"product-type-variable"},"yoast_head":"<!-- This site is optimized with the Yoast SEO plugin v27.2 - https:\/\/yoast.com\/product\/yoast-seo-wordpress\/ -->\n<title>Perpetua - Alpacas El Camino<\/title>\n<meta name=\"description\" content=\"Desde El Camino hemos ideado una composici\u00f3n para la eternidad, Perpetua, esta composici\u00f3n de merino y flor de loto har\u00e1 magia en tus proyectos mas especiales.\" \/>\n<meta name=\"robots\" content=\"index, follow, max-snippet:-1, max-image-preview:large, max-video-preview:-1\" \/>\n<link rel=\"canonical\" href=\"https:\/\/alpacaselcamino.com\/en\/product\/perpetua\/\" \/>\n<meta property=\"og:locale\" content=\"en_GB\" \/>\n<meta property=\"og:type\" content=\"article\" \/>\n<meta property=\"og:title\" content=\"Perpetua - Alpacas El Camino\" \/>\n<meta property=\"og:description\" content=\"Desde El Camino hemos ideado una composici\u00f3n para la eternidad, Perpetua, esta composici\u00f3n de merino y flor de loto har\u00e1 magia en tus proyectos mas especiales.\" \/>\n<meta property=\"og:url\" content=\"https:\/\/alpacaselcamino.com\/en\/product\/perpetua\/\" \/>\n<meta property=\"og:site_name\" content=\"Alpacas El Camino\" \/>\n<meta property=\"article:modified_time\" content=\"2026-04-04T18:01:02+00:00\" \/>\n<meta property=\"og:image\" content=\"https:\/\/alpacaselcamino.com\/wp-content\/uploads\/2024\/12\/Know-your-Sheep.-Whitefaced-Woodland-18.png\" \/>\n\t<meta property=\"og:image:width\" content=\"1748\" \/>\n\t<meta property=\"og:image:height\" content=\"1240\" \/>\n\t<meta property=\"og:image:type\" content=\"image\/png\" \/>\n<meta name=\"twitter:card\" content=\"summary_large_image\" \/>\n<meta name=\"twitter:label1\" content=\"Estimated reading time\" \/>\n\t<meta name=\"twitter:data1\" content=\"2 minutes\" \/>\n<script type=\"application\/ld+json\" class=\"yoast-schema-graph\">{\"@context\":\"https:\/\/schema.org\",\"@graph\":[{\"@type\":\"WebPage\",\"@id\":\"https:\/\/alpacaselcamino.com\/producto\/perpetua\/\",\"url\":\"https:\/\/alpacaselcamino.com\/producto\/perpetua\/\",\"name\":\"Perpetua - Alpacas El Camino\",\"isPartOf\":{\"@id\":\"https:\/\/alpacaselcamino.com\/#website\"},\"primaryImageOfPage\":{\"@id\":\"https:\/\/alpacaselcamino.com\/producto\/perpetua\/#primaryimage\"},\"image\":{\"@id\":\"https:\/\/alpacaselcamino.com\/producto\/perpetua\/#primaryimage\"},\"thumbnailUrl\":\"https:\/\/alpacaselcamino.com\/wp-content\/uploads\/2024\/12\/Know-your-Sheep.-Whitefaced-Woodland-18.png\",\"datePublished\":\"2024-12-07T15:30:26+00:00\",\"dateModified\":\"2026-04-04T18:01:02+00:00\",\"description\":\"Desde El Camino hemos ideado una composici\u00f3n para la eternidad, Perpetua, esta composici\u00f3n de merino y flor de loto har\u00e1 magia en tus proyectos mas especiales.\",\"breadcrumb\":{\"@id\":\"https:\/\/alpacaselcamino.com\/producto\/perpetua\/#breadcrumb\"},\"inLanguage\":\"en-GB\",\"potentialAction\":[{\"@type\":\"ReadAction\",\"target\":[\"https:\/\/alpacaselcamino.com\/producto\/perpetua\/\"]}]},{\"@type\":\"ImageObject\",\"inLanguage\":\"en-GB\",\"@id\":\"https:\/\/alpacaselcamino.com\/producto\/perpetua\/#primaryimage\",\"url\":\"https:\/\/alpacaselcamino.com\/wp-content\/uploads\/2024\/12\/Know-your-Sheep.-Whitefaced-Woodland-18.png\",\"contentUrl\":\"https:\/\/alpacaselcamino.com\/wp-content\/uploads\/2024\/12\/Know-your-Sheep.-Whitefaced-Woodland-18.png\",\"width\":1748,\"height\":1240},{\"@type\":\"BreadcrumbList\",\"@id\":\"https:\/\/alpacaselcamino.com\/producto\/perpetua\/#breadcrumb\",\"itemListElement\":[{\"@type\":\"ListItem\",\"position\":1,\"name\":\"Portada\",\"item\":\"https:\/\/alpacaselcamino.com\/\"},{\"@type\":\"ListItem\",\"position\":2,\"name\":\"Tienda\",\"item\":\"https:\/\/alpacaselcamino.com\/tienda\/\"},{\"@type\":\"ListItem\",\"position\":3,\"name\":\"Perpetua\"}]},{\"@type\":\"WebSite\",\"@id\":\"https:\/\/alpacaselcamino.com\/#website\",\"url\":\"https:\/\/alpacaselcamino.com\/\",\"name\":\"Alpacas El Camino\",\"description\":\"Ovillos de Alpaca y Cabra Mohair. Tambi\u00e9n huevos camperos y patos.\",\"publisher\":{\"@id\":\"https:\/\/alpacaselcamino.com\/#organization\"},\"potentialAction\":[{\"@type\":\"SearchAction\",\"target\":{\"@type\":\"EntryPoint\",\"urlTemplate\":\"https:\/\/alpacaselcamino.com\/?s={search_term_string}\"},\"query-input\":{\"@type\":\"PropertyValueSpecification\",\"valueRequired\":true,\"valueName\":\"search_term_string\"}}],\"inLanguage\":\"en-GB\"},{\"@type\":\"Organization\",\"@id\":\"https:\/\/alpacaselcamino.com\/#organization\",\"name\":\"Alpacas El Camino\",\"url\":\"https:\/\/alpacaselcamino.com\/\",\"logo\":{\"@type\":\"ImageObject\",\"inLanguage\":\"en-GB\",\"@id\":\"https:\/\/alpacaselcamino.com\/#\/schema\/logo\/image\/\",\"url\":\"https:\/\/alpacaselcamino.com\/wp-content\/uploads\/2022\/03\/Alpacas-El-Camino-2022-Logo.svg\",\"contentUrl\":\"https:\/\/alpacaselcamino.com\/wp-content\/uploads\/2022\/03\/Alpacas-El-Camino-2022-Logo.svg\",\"width\":290,\"height\":340,\"caption\":\"Alpacas El Camino\"},\"image\":{\"@id\":\"https:\/\/alpacaselcamino.com\/#\/schema\/logo\/image\/\"}}]}<\/script>\n<!-- \/ Yoast SEO plugin. -->","yoast_head_json":{"title":"Perpetua - Alpacas El Camino","description":"Desde El Camino hemos ideado una composici\u00f3n para la eternidad, Perpetua, esta composici\u00f3n de merino y flor de loto har\u00e1 magia en tus proyectos mas especiales.","robots":{"index":"index","follow":"follow","max-snippet":"max-snippet:-1","max-image-preview":"max-image-preview:large","max-video-preview":"max-video-preview:-1"},"canonical":"https:\/\/alpacaselcamino.com\/en\/product\/perpetua\/","og_locale":"en_GB","og_type":"article","og_title":"Perpetua - Alpacas El Camino","og_description":"Desde El Camino hemos ideado una composici\u00f3n para la eternidad, Perpetua, esta composici\u00f3n de merino y flor de loto har\u00e1 magia en tus proyectos mas especiales.","og_url":"https:\/\/alpacaselcamino.com\/en\/product\/perpetua\/","og_site_name":"Alpacas El Camino","article_modified_time":"2026-04-04T18:01:02+00:00","og_image":[{"width":1748,"height":1240,"url":"https:\/\/alpacaselcamino.com\/wp-content\/uploads\/2024\/12\/Know-your-Sheep.-Whitefaced-Woodland-18.png","type":"image\/png"}],"twitter_card":"summary_large_image","twitter_misc":{"Estimated reading time":"2 minutes"},"schema":{"@context":"https:\/\/schema.org","@graph":[{"@type":"WebPage","@id":"https:\/\/alpacaselcamino.com\/producto\/perpetua\/","url":"https:\/\/alpacaselcamino.com\/producto\/perpetua\/","name":"Perpetua - Alpacas El Camino","isPartOf":{"@id":"https:\/\/alpacaselcamino.com\/#website"},"primaryImageOfPage":{"@id":"https:\/\/alpacaselcamino.com\/producto\/perpetua\/#primaryimage"},"image":{"@id":"https:\/\/alpacaselcamino.com\/producto\/perpetua\/#primaryimage"},"thumbnailUrl":"https:\/\/alpacaselcamino.com\/wp-content\/uploads\/2024\/12\/Know-your-Sheep.-Whitefaced-Woodland-18.png","datePublished":"2024-12-07T15:30:26+00:00","dateModified":"2026-04-04T18:01:02+00:00","description":"Desde El Camino hemos ideado una composici\u00f3n para la eternidad, Perpetua, esta composici\u00f3n de merino y flor de loto har\u00e1 magia en tus proyectos mas especiales.","breadcrumb":{"@id":"https:\/\/alpacaselcamino.com\/producto\/perpetua\/#breadcrumb"},"inLanguage":"en-GB","potentialAction":[{"@type":"ReadAction","target":["https:\/\/alpacaselcamino.com\/producto\/perpetua\/"]}]},{"@type":"ImageObject","inLanguage":"en-GB","@id":"https:\/\/alpacaselcamino.com\/producto\/perpetua\/#primaryimage","url":"https:\/\/alpacaselcamino.com\/wp-content\/uploads\/2024\/12\/Know-your-Sheep.-Whitefaced-Woodland-18.png","contentUrl":"https:\/\/alpacaselcamino.com\/wp-content\/uploads\/2024\/12\/Know-your-Sheep.-Whitefaced-Woodland-18.png","width":1748,"height":1240},{"@type":"BreadcrumbList","@id":"https:\/\/alpacaselcamino.com\/producto\/perpetua\/#breadcrumb","itemListElement":[{"@type":"ListItem","position":1,"name":"Portada","item":"https:\/\/alpacaselcamino.com\/"},{"@type":"ListItem","position":2,"name":"Tienda","item":"https:\/\/alpacaselcamino.com\/tienda\/"},{"@type":"ListItem","position":3,"name":"Perpetua"}]},{"@type":"WebSite","@id":"https:\/\/alpacaselcamino.com\/#website","url":"https:\/\/alpacaselcamino.com\/","name":"Alpacas El Camino","description":"Ovillos de Alpaca y Cabra Mohair. Tambi\u00e9n huevos camperos y patos.","publisher":{"@id":"https:\/\/alpacaselcamino.com\/#organization"},"potentialAction":[{"@type":"SearchAction","target":{"@type":"EntryPoint","urlTemplate":"https:\/\/alpacaselcamino.com\/?s={search_term_string}"},"query-input":{"@type":"PropertyValueSpecification","valueRequired":true,"valueName":"search_term_string"}}],"inLanguage":"en-GB"},{"@type":"Organization","@id":"https:\/\/alpacaselcamino.com\/#organization","name":"Alpacas El Camino","url":"https:\/\/alpacaselcamino.com\/","logo":{"@type":"ImageObject","inLanguage":"en-GB","@id":"https:\/\/alpacaselcamino.com\/#\/schema\/logo\/image\/","url":"https:\/\/alpacaselcamino.com\/wp-content\/uploads\/2022\/03\/Alpacas-El-Camino-2022-Logo.svg","contentUrl":"https:\/\/alpacaselcamino.com\/wp-content\/uploads\/2022\/03\/Alpacas-El-Camino-2022-Logo.svg","width":290,"height":340,"caption":"Alpacas El Camino"},"image":{"@id":"https:\/\/alpacaselcamino.com\/#\/schema\/logo\/image\/"}}]}},"_links":{"self":[{"href":"https:\/\/alpacaselcamino.com\/en\/wp-json\/wp\/v2\/product\/2137","targetHints":{"allow":["GET"]}}],"collection":[{"href":"https:\/\/alpacaselcamino.com\/en\/wp-json\/wp\/v2\/product"}],"about":[{"href":"https:\/\/alpacaselcamino.com\/en\/wp-json\/wp\/v2\/types\/product"}],"replies":[{"embeddable":true,"href":"https:\/\/alpacaselcamino.com\/en\/wp-json\/wp\/v2\/comments?post=2137"}],"wp:featuredmedia":[{"embeddable":true,"href":"https:\/\/alpacaselcamino.com\/en\/wp-json\/wp\/v2\/media\/3325"}],"wp:attachment":[{"href":"https:\/\/alpacaselcamino.com\/en\/wp-json\/wp\/v2\/media?parent=2137"}],"wp:term":[{"taxonomy":"product_brand","embeddable":true,"href":"https:\/\/alpacaselcamino.com\/en\/wp-json\/wp\/v2\/product_brand?post=2137"},{"taxonomy":"product_cat","embeddable":true,"href":"https:\/\/alpacaselcamino.com\/en\/wp-json\/wp\/v2\/product_cat?post=2137"},{"taxonomy":"product_tag","embeddable":true,"href":"https:\/\/alpacaselcamino.com\/en\/wp-json\/wp\/v2\/product_tag?post=2137"}],"curies":[{"name":"wp","href":"https:\/\/api.w.org\/{rel}","templated":true}]}}