{"id":1973,"date":"2024-02-16T10:34:21","date_gmt":"2024-02-16T10:34:21","guid":{"rendered":"https:\/\/alpacaselcamino.com\/?post_type=product&#038;p=1973"},"modified":"2026-03-28T13:39:42","modified_gmt":"2026-03-28T13:39:42","slug":"know-your-sheep","status":"publish","type":"product","link":"https:\/\/alpacaselcamino.com\/en\/product\/know-your-sheep\/","title":{"rendered":"Know your sheep &#8211; un mes, una raza"},"content":{"rendered":"<p class=\"x_p2\"><span class=\"x_s1\" data-olk-copy-source=\"MessageBody\">El mundo de la lana es mucho m\u00e1s amplio de lo que solemos encontrar en tiendas. Existen razas ovinas con historias \u00fanicas, lanas con texturas sorprendentes y propiedades que hacen que cada prenda sea especial.<\/span><\/p>\n<p class=\"x_p2\"><span class=\"x_s1\">Desde\u00a0<\/span><span class=\"x_s3\">El Camino<\/span><span class=\"x_s1\"> quiero acercaros a esas fibras menos conocidas, esas que merecen un espacio en tus proyectos y en tus manos.<\/span><\/p>\n<p>&nbsp;<\/p>\n<p class=\"x_p2\" style=\"text-align: center;\"><span class=\"x_s1\" data-olk-copy-source=\"MessageBody\">Siendo disponibles en tienda web <\/span><span class=\"x_s2\">el kit<\/span><span class=\"x_s1\">:<\/span><\/p>\n<p class=\"x_p3\" style=\"text-align: center;\"><span class=\"x_s1\">\u2022 <\/span><span class=\"x_s2\">4 ovillos de 350 mt &#8211; 100 gr grosor sport<\/span><span class=\"x_s1\">\u00a0listos para tejer.<\/span><\/p>\n<p style=\"text-align: center;\">Para hilanderos doy opci\u00f3n a preparar un kit especial pero necesito que me lo hag\u00e1is saber, tardara un poco mas y encontrar\u00e1s:<\/p>\n<p class=\"x_p3\" style=\"text-align: center;\"><span class=\"x_s1\">\u2022 <\/span><span class=\"x_s2\">400 g de fibra para hilar a mano<\/span><\/p>\n<p>&nbsp;<\/p>\n<p class=\"x_p2\" style=\"text-align: center;\"><strong><span class=\"x_s1\" data-olk-copy-source=\"MessageBody\">La segunda edici\u00f3n, la Kent Romney<\/span><span class=\"x_s2\">.<\/span><\/strong><\/p>\n<p class=\"x_p2\"><span class=\"x_s1\">Una oveja creada literalmente para sobrevivir a la humedad y el barro, una raza de lana brillante apreciada por su combinaci\u00f3n perfecta de suavidad y resistencia. Perfecta para proyectos calidos con caida, esta oveja del S. XVIII dar\u00e1 que hablar&#8230;<\/span><\/p>\n<p>&nbsp;<\/p>\n<p>Por cierto, si en color natural (blanco) no os convence no tengo problema en te\u00f1irlo, en indicaciones me dejas escrito cual de mis colores te gusta y te lo hago con todo el cari\u00f1o del mundo.<\/p>\n<h5>Nota importante: esto no es una suscripci\u00f3n, no hace falta haber comprado una edici\u00f3n anterior o una edici\u00f3n futura para disfrutar la raza que mas te guste.<\/h5>\n<p>&nbsp;<\/p>","protected":false},"excerpt":{"rendered":"<p>  [&#8230;]<\/p>\n","protected":false},"featured_media":3495,"comment_status":"closed","ping_status":"closed","template":"","meta":[],"product_brand":[],"product_cat":[163],"product_tag":[],"class_list":{"0":"post-1973","1":"product","2":"type-product","3":"status-publish","4":"has-post-thumbnail","6":"product_cat-kits","8":"first","9":"outofstock","10":"shipping-taxable","11":"purchasable","12":"product-type-simple"},"yoast_head":"<!-- This site is optimized with the Yoast SEO plugin v27.2 - https:\/\/yoast.com\/product\/yoast-seo-wordpress\/ -->\n<title>Know your sheep - un mes, una raza - Alpacas El Camino<\/title>\n<meta name=\"description\" content=\"Un mes, una raza. \u00bfTe animas a probar algo completamente nuevo en tus manos? si es as\u00ed, Know your sheep es para ti...\" \/>\n<meta name=\"robots\" content=\"index, follow, max-snippet:-1, max-image-preview:large, max-video-preview:-1\" \/>\n<link rel=\"canonical\" href=\"https:\/\/alpacaselcamino.com\/en\/product\/know-your-sheep\/\" \/>\n<meta property=\"og:locale\" content=\"en_GB\" \/>\n<meta property=\"og:type\" content=\"article\" \/>\n<meta property=\"og:title\" content=\"Know your sheep - un mes, una raza - Alpacas El Camino\" \/>\n<meta property=\"og:description\" content=\"Un mes, una raza. \u00bfTe animas a probar algo completamente nuevo en tus manos? si es as\u00ed, Know your sheep es para ti...\" \/>\n<meta property=\"og:url\" content=\"https:\/\/alpacaselcamino.com\/en\/product\/know-your-sheep\/\" \/>\n<meta property=\"og:site_name\" content=\"Alpacas El Camino\" \/>\n<meta property=\"article:modified_time\" content=\"2026-03-28T13:39:42+00:00\" \/>\n<meta property=\"og:image\" content=\"https:\/\/alpacaselcamino.com\/wp-content\/uploads\/2024\/02\/Know-your-Sheep.-Whitefaced-Woodland-23.png\" \/>\n\t<meta property=\"og:image:width\" content=\"1748\" \/>\n\t<meta property=\"og:image:height\" content=\"1240\" \/>\n\t<meta property=\"og:image:type\" content=\"image\/png\" \/>\n<meta name=\"twitter:card\" content=\"summary_large_image\" \/>\n<meta name=\"twitter:label1\" content=\"Estimated reading time\" \/>\n\t<meta name=\"twitter:data1\" content=\"2 minutes\" \/>\n<script type=\"application\/ld+json\" class=\"yoast-schema-graph\">{\"@context\":\"https:\/\/schema.org\",\"@graph\":[{\"@type\":\"WebPage\",\"@id\":\"https:\/\/alpacaselcamino.com\/producto\/know-your-sheep\/\",\"url\":\"https:\/\/alpacaselcamino.com\/producto\/know-your-sheep\/\",\"name\":\"Know your sheep - un mes, una raza - Alpacas El Camino\",\"isPartOf\":{\"@id\":\"https:\/\/alpacaselcamino.com\/#website\"},\"primaryImageOfPage\":{\"@id\":\"https:\/\/alpacaselcamino.com\/producto\/know-your-sheep\/#primaryimage\"},\"image\":{\"@id\":\"https:\/\/alpacaselcamino.com\/producto\/know-your-sheep\/#primaryimage\"},\"thumbnailUrl\":\"https:\/\/alpacaselcamino.com\/wp-content\/uploads\/2024\/02\/Know-your-Sheep.-Whitefaced-Woodland-23.png\",\"datePublished\":\"2024-02-16T10:34:21+00:00\",\"dateModified\":\"2026-03-28T13:39:42+00:00\",\"description\":\"Un mes, una raza. \u00bfTe animas a probar algo completamente nuevo en tus manos? si es as\u00ed, Know your sheep es para ti...\",\"breadcrumb\":{\"@id\":\"https:\/\/alpacaselcamino.com\/producto\/know-your-sheep\/#breadcrumb\"},\"inLanguage\":\"en-GB\",\"potentialAction\":[{\"@type\":\"ReadAction\",\"target\":[\"https:\/\/alpacaselcamino.com\/producto\/know-your-sheep\/\"]}]},{\"@type\":\"ImageObject\",\"inLanguage\":\"en-GB\",\"@id\":\"https:\/\/alpacaselcamino.com\/producto\/know-your-sheep\/#primaryimage\",\"url\":\"https:\/\/alpacaselcamino.com\/wp-content\/uploads\/2024\/02\/Know-your-Sheep.-Whitefaced-Woodland-23.png\",\"contentUrl\":\"https:\/\/alpacaselcamino.com\/wp-content\/uploads\/2024\/02\/Know-your-Sheep.-Whitefaced-Woodland-23.png\",\"width\":1748,\"height\":1240},{\"@type\":\"BreadcrumbList\",\"@id\":\"https:\/\/alpacaselcamino.com\/producto\/know-your-sheep\/#breadcrumb\",\"itemListElement\":[{\"@type\":\"ListItem\",\"position\":1,\"name\":\"Portada\",\"item\":\"https:\/\/alpacaselcamino.com\/\"},{\"@type\":\"ListItem\",\"position\":2,\"name\":\"Tienda\",\"item\":\"https:\/\/alpacaselcamino.com\/tienda\/\"},{\"@type\":\"ListItem\",\"position\":3,\"name\":\"Know your sheep &#8211; un mes, una raza\"}]},{\"@type\":\"WebSite\",\"@id\":\"https:\/\/alpacaselcamino.com\/#website\",\"url\":\"https:\/\/alpacaselcamino.com\/\",\"name\":\"Alpacas El Camino\",\"description\":\"Ovillos de Alpaca y Cabra Mohair. Tambi\u00e9n huevos camperos y patos.\",\"publisher\":{\"@id\":\"https:\/\/alpacaselcamino.com\/#organization\"},\"potentialAction\":[{\"@type\":\"SearchAction\",\"target\":{\"@type\":\"EntryPoint\",\"urlTemplate\":\"https:\/\/alpacaselcamino.com\/?s={search_term_string}\"},\"query-input\":{\"@type\":\"PropertyValueSpecification\",\"valueRequired\":true,\"valueName\":\"search_term_string\"}}],\"inLanguage\":\"en-GB\"},{\"@type\":\"Organization\",\"@id\":\"https:\/\/alpacaselcamino.com\/#organization\",\"name\":\"Alpacas El Camino\",\"url\":\"https:\/\/alpacaselcamino.com\/\",\"logo\":{\"@type\":\"ImageObject\",\"inLanguage\":\"en-GB\",\"@id\":\"https:\/\/alpacaselcamino.com\/#\/schema\/logo\/image\/\",\"url\":\"https:\/\/alpacaselcamino.com\/wp-content\/uploads\/2022\/03\/Alpacas-El-Camino-2022-Logo.svg\",\"contentUrl\":\"https:\/\/alpacaselcamino.com\/wp-content\/uploads\/2022\/03\/Alpacas-El-Camino-2022-Logo.svg\",\"width\":290,\"height\":340,\"caption\":\"Alpacas El Camino\"},\"image\":{\"@id\":\"https:\/\/alpacaselcamino.com\/#\/schema\/logo\/image\/\"}}]}<\/script>\n<!-- \/ Yoast SEO plugin. -->","yoast_head_json":{"title":"Know your sheep - un mes, una raza - Alpacas El Camino","description":"Un mes, una raza. \u00bfTe animas a probar algo completamente nuevo en tus manos? si es as\u00ed, Know your sheep es para ti...","robots":{"index":"index","follow":"follow","max-snippet":"max-snippet:-1","max-image-preview":"max-image-preview:large","max-video-preview":"max-video-preview:-1"},"canonical":"https:\/\/alpacaselcamino.com\/en\/product\/know-your-sheep\/","og_locale":"en_GB","og_type":"article","og_title":"Know your sheep - un mes, una raza - Alpacas El Camino","og_description":"Un mes, una raza. \u00bfTe animas a probar algo completamente nuevo en tus manos? si es as\u00ed, Know your sheep es para ti...","og_url":"https:\/\/alpacaselcamino.com\/en\/product\/know-your-sheep\/","og_site_name":"Alpacas El Camino","article_modified_time":"2026-03-28T13:39:42+00:00","og_image":[{"width":1748,"height":1240,"url":"https:\/\/alpacaselcamino.com\/wp-content\/uploads\/2024\/02\/Know-your-Sheep.-Whitefaced-Woodland-23.png","type":"image\/png"}],"twitter_card":"summary_large_image","twitter_misc":{"Estimated reading time":"2 minutes"},"schema":{"@context":"https:\/\/schema.org","@graph":[{"@type":"WebPage","@id":"https:\/\/alpacaselcamino.com\/producto\/know-your-sheep\/","url":"https:\/\/alpacaselcamino.com\/producto\/know-your-sheep\/","name":"Know your sheep - un mes, una raza - Alpacas El Camino","isPartOf":{"@id":"https:\/\/alpacaselcamino.com\/#website"},"primaryImageOfPage":{"@id":"https:\/\/alpacaselcamino.com\/producto\/know-your-sheep\/#primaryimage"},"image":{"@id":"https:\/\/alpacaselcamino.com\/producto\/know-your-sheep\/#primaryimage"},"thumbnailUrl":"https:\/\/alpacaselcamino.com\/wp-content\/uploads\/2024\/02\/Know-your-Sheep.-Whitefaced-Woodland-23.png","datePublished":"2024-02-16T10:34:21+00:00","dateModified":"2026-03-28T13:39:42+00:00","description":"Un mes, una raza. \u00bfTe animas a probar algo completamente nuevo en tus manos? si es as\u00ed, Know your sheep es para ti...","breadcrumb":{"@id":"https:\/\/alpacaselcamino.com\/producto\/know-your-sheep\/#breadcrumb"},"inLanguage":"en-GB","potentialAction":[{"@type":"ReadAction","target":["https:\/\/alpacaselcamino.com\/producto\/know-your-sheep\/"]}]},{"@type":"ImageObject","inLanguage":"en-GB","@id":"https:\/\/alpacaselcamino.com\/producto\/know-your-sheep\/#primaryimage","url":"https:\/\/alpacaselcamino.com\/wp-content\/uploads\/2024\/02\/Know-your-Sheep.-Whitefaced-Woodland-23.png","contentUrl":"https:\/\/alpacaselcamino.com\/wp-content\/uploads\/2024\/02\/Know-your-Sheep.-Whitefaced-Woodland-23.png","width":1748,"height":1240},{"@type":"BreadcrumbList","@id":"https:\/\/alpacaselcamino.com\/producto\/know-your-sheep\/#breadcrumb","itemListElement":[{"@type":"ListItem","position":1,"name":"Portada","item":"https:\/\/alpacaselcamino.com\/"},{"@type":"ListItem","position":2,"name":"Tienda","item":"https:\/\/alpacaselcamino.com\/tienda\/"},{"@type":"ListItem","position":3,"name":"Know your sheep &#8211; un mes, una raza"}]},{"@type":"WebSite","@id":"https:\/\/alpacaselcamino.com\/#website","url":"https:\/\/alpacaselcamino.com\/","name":"Alpacas El Camino","description":"Ovillos de Alpaca y Cabra Mohair. Tambi\u00e9n huevos camperos y patos.","publisher":{"@id":"https:\/\/alpacaselcamino.com\/#organization"},"potentialAction":[{"@type":"SearchAction","target":{"@type":"EntryPoint","urlTemplate":"https:\/\/alpacaselcamino.com\/?s={search_term_string}"},"query-input":{"@type":"PropertyValueSpecification","valueRequired":true,"valueName":"search_term_string"}}],"inLanguage":"en-GB"},{"@type":"Organization","@id":"https:\/\/alpacaselcamino.com\/#organization","name":"Alpacas El Camino","url":"https:\/\/alpacaselcamino.com\/","logo":{"@type":"ImageObject","inLanguage":"en-GB","@id":"https:\/\/alpacaselcamino.com\/#\/schema\/logo\/image\/","url":"https:\/\/alpacaselcamino.com\/wp-content\/uploads\/2022\/03\/Alpacas-El-Camino-2022-Logo.svg","contentUrl":"https:\/\/alpacaselcamino.com\/wp-content\/uploads\/2022\/03\/Alpacas-El-Camino-2022-Logo.svg","width":290,"height":340,"caption":"Alpacas El Camino"},"image":{"@id":"https:\/\/alpacaselcamino.com\/#\/schema\/logo\/image\/"}}]}},"_links":{"self":[{"href":"https:\/\/alpacaselcamino.com\/en\/wp-json\/wp\/v2\/product\/1973","targetHints":{"allow":["GET"]}}],"collection":[{"href":"https:\/\/alpacaselcamino.com\/en\/wp-json\/wp\/v2\/product"}],"about":[{"href":"https:\/\/alpacaselcamino.com\/en\/wp-json\/wp\/v2\/types\/product"}],"replies":[{"embeddable":true,"href":"https:\/\/alpacaselcamino.com\/en\/wp-json\/wp\/v2\/comments?post=1973"}],"wp:featuredmedia":[{"embeddable":true,"href":"https:\/\/alpacaselcamino.com\/en\/wp-json\/wp\/v2\/media\/3495"}],"wp:attachment":[{"href":"https:\/\/alpacaselcamino.com\/en\/wp-json\/wp\/v2\/media?parent=1973"}],"wp:term":[{"taxonomy":"product_brand","embeddable":true,"href":"https:\/\/alpacaselcamino.com\/en\/wp-json\/wp\/v2\/product_brand?post=1973"},{"taxonomy":"product_cat","embeddable":true,"href":"https:\/\/alpacaselcamino.com\/en\/wp-json\/wp\/v2\/product_cat?post=1973"},{"taxonomy":"product_tag","embeddable":true,"href":"https:\/\/alpacaselcamino.com\/en\/wp-json\/wp\/v2\/product_tag?post=1973"}],"curies":[{"name":"wp","href":"https:\/\/api.w.org\/{rel}","templated":true}]}}