{"id":1797,"date":"2023-10-20T19:17:08","date_gmt":"2023-10-20T19:17:08","guid":{"rendered":"https:\/\/alpacaselcamino.com\/?post_type=product&#038;p=1797"},"modified":"2026-03-31T14:14:59","modified_gmt":"2026-03-31T14:14:59","slug":"escondido-2","status":"publish","type":"product","link":"https:\/\/alpacaselcamino.com\/en\/product\/escondido-2\/","title":{"rendered":"Escondido"},"content":{"rendered":"<p>Desde El Camino os deseamos de todo coraz\u00f3n que Escondido os ayude a ocultar, a difuminar todas vuestras intenciones, recordad&#8230; nadie se debe de enterar.<\/p>\n<p class=\"cvGsUA direction-ltr align-start para-style-body\"><span class=\"a_GcMg font-feature-liga-off font-feature-clig-off font-feature-calt-off text-decoration-none text-strikethrough-none\">El algod\u00f3n egipcio naci\u00f3 gracias a la introducci\u00f3n de semillas de algod\u00f3n de Mauricio y otras variedades de Sudam\u00e9rica al valle del Nilo.<\/span><\/p>\n<p class=\"cvGsUA direction-ltr align-start para-style-body\"><span class=\"a_GcMg font-feature-liga-off font-feature-clig-off font-feature-calt-off text-decoration-none text-strikethrough-none\">Las plantas se cruzaron entre si y se adaptaron sensacionalmente, naciendo as\u00ed en el S.XIX lo que conocemos hoy en d\u00eda como algod\u00f3n egipcio<\/span><\/p>\n<p class=\"cvGsUA direction-ltr align-start para-style-body\">Es la fibra natural m\u00e1s utilizada del mundo, gracias a la capacidad termorreguladora que ofrece y su poder de regular iones de hidrogeno (PH) ha ganado adeptos r\u00e1pidamente. Debido a su crecimiento veloz como planta es de las fibras naturales que menor coste econ\u00f3mico presenta en mercado, por lo tanto, es la mas presente en nuestros textiles.<\/p>\n<p class=\"cvGsUA direction-ltr align-start para-style-body\"><span class=\"a_GcMg font-feature-liga-off font-feature-clig-off font-feature-calt-off text-decoration-none text-strikethrough-none\">Entre las mas de 40 especies reconocidas de algod\u00f3n, el egipcio es la mas suave y con mas fama. del genero <\/span><span class=\"a_GcMg font-feature-liga-off font-feature-clig-off font-feature-calt-off text-decoration-none text-strikethrough-none\">Gossypium<\/span><span class=\"a_GcMg font-feature-liga-off font-feature-clig-off font-feature-calt-off text-decoration-none text-strikethrough-none\"> es la que presenta mayor largura de fibras, dando lugar a hilos mas suaves y fuertes.<\/span><\/p>\n<p class=\"cvGsUA direction-ltr align-start para-style-body\"><span class=\"a_GcMg font-feature-liga-off font-feature-clig-off font-feature-calt-off text-decoration-none text-strikethrough-none\"> Escondido es sin\u00f3nimo de lujo, comodidad y durabilidad.<\/span><\/p>\n<p class=\"cvGsUA direction-ltr align-start para-style-body\"><span class=\"a_GcMg font-feature-liga-off font-feature-clig-off font-feature-calt-off text-decoration-none text-strikethrough-none\">Especial para tejidos veraniegos por su gran porosidad, es de los hilos de El Camino el que mas respira y la mejor opci\u00f3n a esas labores en clima c\u00e1lido.<\/span><\/p>\n<p>&nbsp;<\/p>\n<p>La composici\u00f3n de este hilo es 100% Algod\u00f3n Egipcio,\u00a0 vais a encontrar 290 m cada 100 gr.<\/p>\n<p>&nbsp;<\/p>","protected":false},"excerpt":{"rendered":"<p>  [&#8230;]<\/p>\n","protected":false},"featured_media":3328,"comment_status":"closed","ping_status":"closed","template":"","meta":[],"product_brand":[],"product_cat":[223],"product_tag":[],"class_list":{"0":"post-1797","1":"product","2":"type-product","3":"status-publish","4":"has-post-thumbnail","6":"product_cat-los-sincronistas","8":"first","9":"instock","10":"shipping-taxable","11":"purchasable","12":"product-type-variable"},"yoast_head":"<!-- This site is optimized with the Yoast SEO plugin v27.2 - https:\/\/yoast.com\/product\/yoast-seo-wordpress\/ -->\n<title>Escondido - Alpacas El Camino<\/title>\n<meta name=\"description\" content=\"Que nadie se entere de tus intenciones- Escondido es un hilo 100% algod\u00f3n egipcio con un trasfondo tan interesante que nadie se dar\u00e1 cuenta que piensas.\" \/>\n<meta name=\"robots\" content=\"index, follow, max-snippet:-1, max-image-preview:large, max-video-preview:-1\" \/>\n<link rel=\"canonical\" href=\"https:\/\/alpacaselcamino.com\/en\/product\/escondido-2\/\" \/>\n<meta property=\"og:locale\" content=\"en_GB\" \/>\n<meta property=\"og:type\" content=\"article\" \/>\n<meta property=\"og:title\" content=\"Escondido - Alpacas El Camino\" \/>\n<meta property=\"og:description\" content=\"Que nadie se entere de tus intenciones- Escondido es un hilo 100% algod\u00f3n egipcio con un trasfondo tan interesante que nadie se dar\u00e1 cuenta que piensas.\" \/>\n<meta property=\"og:url\" content=\"https:\/\/alpacaselcamino.com\/en\/product\/escondido-2\/\" \/>\n<meta property=\"og:site_name\" content=\"Alpacas El Camino\" \/>\n<meta property=\"article:modified_time\" content=\"2026-03-31T14:14:59+00:00\" \/>\n<meta property=\"og:image\" content=\"https:\/\/alpacaselcamino.com\/wp-content\/uploads\/2023\/10\/18.png\" \/>\n\t<meta property=\"og:image:width\" content=\"1748\" \/>\n\t<meta property=\"og:image:height\" content=\"1240\" \/>\n\t<meta property=\"og:image:type\" content=\"image\/png\" \/>\n<meta name=\"twitter:card\" content=\"summary_large_image\" \/>\n<meta name=\"twitter:label1\" content=\"Estimated reading time\" \/>\n\t<meta name=\"twitter:data1\" content=\"2 minutes\" \/>\n<script type=\"application\/ld+json\" class=\"yoast-schema-graph\">{\"@context\":\"https:\/\/schema.org\",\"@graph\":[{\"@type\":\"WebPage\",\"@id\":\"https:\/\/alpacaselcamino.com\/producto\/escondido-2\/\",\"url\":\"https:\/\/alpacaselcamino.com\/producto\/escondido-2\/\",\"name\":\"Escondido - Alpacas El Camino\",\"isPartOf\":{\"@id\":\"https:\/\/alpacaselcamino.com\/#website\"},\"primaryImageOfPage\":{\"@id\":\"https:\/\/alpacaselcamino.com\/producto\/escondido-2\/#primaryimage\"},\"image\":{\"@id\":\"https:\/\/alpacaselcamino.com\/producto\/escondido-2\/#primaryimage\"},\"thumbnailUrl\":\"https:\/\/alpacaselcamino.com\/wp-content\/uploads\/2023\/10\/18.png\",\"datePublished\":\"2023-10-20T19:17:08+00:00\",\"dateModified\":\"2026-03-31T14:14:59+00:00\",\"description\":\"Que nadie se entere de tus intenciones- Escondido es un hilo 100% algod\u00f3n egipcio con un trasfondo tan interesante que nadie se dar\u00e1 cuenta que piensas.\",\"breadcrumb\":{\"@id\":\"https:\/\/alpacaselcamino.com\/producto\/escondido-2\/#breadcrumb\"},\"inLanguage\":\"en-GB\",\"potentialAction\":[{\"@type\":\"ReadAction\",\"target\":[\"https:\/\/alpacaselcamino.com\/producto\/escondido-2\/\"]}]},{\"@type\":\"ImageObject\",\"inLanguage\":\"en-GB\",\"@id\":\"https:\/\/alpacaselcamino.com\/producto\/escondido-2\/#primaryimage\",\"url\":\"https:\/\/alpacaselcamino.com\/wp-content\/uploads\/2023\/10\/18.png\",\"contentUrl\":\"https:\/\/alpacaselcamino.com\/wp-content\/uploads\/2023\/10\/18.png\",\"width\":1748,\"height\":1240},{\"@type\":\"BreadcrumbList\",\"@id\":\"https:\/\/alpacaselcamino.com\/producto\/escondido-2\/#breadcrumb\",\"itemListElement\":[{\"@type\":\"ListItem\",\"position\":1,\"name\":\"Portada\",\"item\":\"https:\/\/alpacaselcamino.com\/\"},{\"@type\":\"ListItem\",\"position\":2,\"name\":\"Tienda\",\"item\":\"https:\/\/alpacaselcamino.com\/tienda\/\"},{\"@type\":\"ListItem\",\"position\":3,\"name\":\"Escondido\"}]},{\"@type\":\"WebSite\",\"@id\":\"https:\/\/alpacaselcamino.com\/#website\",\"url\":\"https:\/\/alpacaselcamino.com\/\",\"name\":\"Alpacas El Camino\",\"description\":\"Ovillos de Alpaca y Cabra Mohair. Tambi\u00e9n huevos camperos y patos.\",\"publisher\":{\"@id\":\"https:\/\/alpacaselcamino.com\/#organization\"},\"potentialAction\":[{\"@type\":\"SearchAction\",\"target\":{\"@type\":\"EntryPoint\",\"urlTemplate\":\"https:\/\/alpacaselcamino.com\/?s={search_term_string}\"},\"query-input\":{\"@type\":\"PropertyValueSpecification\",\"valueRequired\":true,\"valueName\":\"search_term_string\"}}],\"inLanguage\":\"en-GB\"},{\"@type\":\"Organization\",\"@id\":\"https:\/\/alpacaselcamino.com\/#organization\",\"name\":\"Alpacas El Camino\",\"url\":\"https:\/\/alpacaselcamino.com\/\",\"logo\":{\"@type\":\"ImageObject\",\"inLanguage\":\"en-GB\",\"@id\":\"https:\/\/alpacaselcamino.com\/#\/schema\/logo\/image\/\",\"url\":\"https:\/\/alpacaselcamino.com\/wp-content\/uploads\/2022\/03\/Alpacas-El-Camino-2022-Logo.svg\",\"contentUrl\":\"https:\/\/alpacaselcamino.com\/wp-content\/uploads\/2022\/03\/Alpacas-El-Camino-2022-Logo.svg\",\"width\":290,\"height\":340,\"caption\":\"Alpacas El Camino\"},\"image\":{\"@id\":\"https:\/\/alpacaselcamino.com\/#\/schema\/logo\/image\/\"}}]}<\/script>\n<!-- \/ Yoast SEO plugin. -->","yoast_head_json":{"title":"Escondido - Alpacas El Camino","description":"Que nadie se entere de tus intenciones- Escondido es un hilo 100% algod\u00f3n egipcio con un trasfondo tan interesante que nadie se dar\u00e1 cuenta que piensas.","robots":{"index":"index","follow":"follow","max-snippet":"max-snippet:-1","max-image-preview":"max-image-preview:large","max-video-preview":"max-video-preview:-1"},"canonical":"https:\/\/alpacaselcamino.com\/en\/product\/escondido-2\/","og_locale":"en_GB","og_type":"article","og_title":"Escondido - Alpacas El Camino","og_description":"Que nadie se entere de tus intenciones- Escondido es un hilo 100% algod\u00f3n egipcio con un trasfondo tan interesante que nadie se dar\u00e1 cuenta que piensas.","og_url":"https:\/\/alpacaselcamino.com\/en\/product\/escondido-2\/","og_site_name":"Alpacas El Camino","article_modified_time":"2026-03-31T14:14:59+00:00","og_image":[{"width":1748,"height":1240,"url":"https:\/\/alpacaselcamino.com\/wp-content\/uploads\/2023\/10\/18.png","type":"image\/png"}],"twitter_card":"summary_large_image","twitter_misc":{"Estimated reading time":"2 minutes"},"schema":{"@context":"https:\/\/schema.org","@graph":[{"@type":"WebPage","@id":"https:\/\/alpacaselcamino.com\/producto\/escondido-2\/","url":"https:\/\/alpacaselcamino.com\/producto\/escondido-2\/","name":"Escondido - Alpacas El Camino","isPartOf":{"@id":"https:\/\/alpacaselcamino.com\/#website"},"primaryImageOfPage":{"@id":"https:\/\/alpacaselcamino.com\/producto\/escondido-2\/#primaryimage"},"image":{"@id":"https:\/\/alpacaselcamino.com\/producto\/escondido-2\/#primaryimage"},"thumbnailUrl":"https:\/\/alpacaselcamino.com\/wp-content\/uploads\/2023\/10\/18.png","datePublished":"2023-10-20T19:17:08+00:00","dateModified":"2026-03-31T14:14:59+00:00","description":"Que nadie se entere de tus intenciones- Escondido es un hilo 100% algod\u00f3n egipcio con un trasfondo tan interesante que nadie se dar\u00e1 cuenta que piensas.","breadcrumb":{"@id":"https:\/\/alpacaselcamino.com\/producto\/escondido-2\/#breadcrumb"},"inLanguage":"en-GB","potentialAction":[{"@type":"ReadAction","target":["https:\/\/alpacaselcamino.com\/producto\/escondido-2\/"]}]},{"@type":"ImageObject","inLanguage":"en-GB","@id":"https:\/\/alpacaselcamino.com\/producto\/escondido-2\/#primaryimage","url":"https:\/\/alpacaselcamino.com\/wp-content\/uploads\/2023\/10\/18.png","contentUrl":"https:\/\/alpacaselcamino.com\/wp-content\/uploads\/2023\/10\/18.png","width":1748,"height":1240},{"@type":"BreadcrumbList","@id":"https:\/\/alpacaselcamino.com\/producto\/escondido-2\/#breadcrumb","itemListElement":[{"@type":"ListItem","position":1,"name":"Portada","item":"https:\/\/alpacaselcamino.com\/"},{"@type":"ListItem","position":2,"name":"Tienda","item":"https:\/\/alpacaselcamino.com\/tienda\/"},{"@type":"ListItem","position":3,"name":"Escondido"}]},{"@type":"WebSite","@id":"https:\/\/alpacaselcamino.com\/#website","url":"https:\/\/alpacaselcamino.com\/","name":"Alpacas El Camino","description":"Ovillos de Alpaca y Cabra Mohair. Tambi\u00e9n huevos camperos y patos.","publisher":{"@id":"https:\/\/alpacaselcamino.com\/#organization"},"potentialAction":[{"@type":"SearchAction","target":{"@type":"EntryPoint","urlTemplate":"https:\/\/alpacaselcamino.com\/?s={search_term_string}"},"query-input":{"@type":"PropertyValueSpecification","valueRequired":true,"valueName":"search_term_string"}}],"inLanguage":"en-GB"},{"@type":"Organization","@id":"https:\/\/alpacaselcamino.com\/#organization","name":"Alpacas El Camino","url":"https:\/\/alpacaselcamino.com\/","logo":{"@type":"ImageObject","inLanguage":"en-GB","@id":"https:\/\/alpacaselcamino.com\/#\/schema\/logo\/image\/","url":"https:\/\/alpacaselcamino.com\/wp-content\/uploads\/2022\/03\/Alpacas-El-Camino-2022-Logo.svg","contentUrl":"https:\/\/alpacaselcamino.com\/wp-content\/uploads\/2022\/03\/Alpacas-El-Camino-2022-Logo.svg","width":290,"height":340,"caption":"Alpacas El Camino"},"image":{"@id":"https:\/\/alpacaselcamino.com\/#\/schema\/logo\/image\/"}}]}},"_links":{"self":[{"href":"https:\/\/alpacaselcamino.com\/en\/wp-json\/wp\/v2\/product\/1797","targetHints":{"allow":["GET"]}}],"collection":[{"href":"https:\/\/alpacaselcamino.com\/en\/wp-json\/wp\/v2\/product"}],"about":[{"href":"https:\/\/alpacaselcamino.com\/en\/wp-json\/wp\/v2\/types\/product"}],"replies":[{"embeddable":true,"href":"https:\/\/alpacaselcamino.com\/en\/wp-json\/wp\/v2\/comments?post=1797"}],"wp:featuredmedia":[{"embeddable":true,"href":"https:\/\/alpacaselcamino.com\/en\/wp-json\/wp\/v2\/media\/3328"}],"wp:attachment":[{"href":"https:\/\/alpacaselcamino.com\/en\/wp-json\/wp\/v2\/media?parent=1797"}],"wp:term":[{"taxonomy":"product_brand","embeddable":true,"href":"https:\/\/alpacaselcamino.com\/en\/wp-json\/wp\/v2\/product_brand?post=1797"},{"taxonomy":"product_cat","embeddable":true,"href":"https:\/\/alpacaselcamino.com\/en\/wp-json\/wp\/v2\/product_cat?post=1797"},{"taxonomy":"product_tag","embeddable":true,"href":"https:\/\/alpacaselcamino.com\/en\/wp-json\/wp\/v2\/product_tag?post=1797"}],"curies":[{"name":"wp","href":"https:\/\/api.w.org\/{rel}","templated":true}]}}