{"id":1736,"date":"2023-03-27T19:55:15","date_gmt":"2023-03-27T19:55:15","guid":{"rendered":"https:\/\/alpacaselcamino.com\/?post_type=product&#038;p=1736"},"modified":"2026-04-24T20:08:58","modified_gmt":"2026-04-24T20:08:58","slug":"hiraeth","status":"publish","type":"product","link":"https:\/\/alpacaselcamino.com\/en\/product\/hiraeth\/","title":{"rendered":"Hiraeth"},"content":{"rendered":"<p class=\"cvGsUA direction-ltr align-start para-style-body\"><span class=\"a_GcMg font-feature-liga-off font-feature-clig-off font-feature-calt-off text-decoration-none text-strikethrough-none\">Hiraeth, mi favorita&#8230;<\/span><\/p>\n<p class=\"cvGsUA direction-ltr align-start para-style-body\"><span class=\"a_GcMg font-feature-liga-off font-feature-clig-off font-feature-calt-off text-decoration-none text-strikethrough-none\">Estos hilos\u00a0<\/span>100% Cordero Ryeland,\u00a0 son hilos single con 200 m en cada ovillo de 100 gr. Al ser hilo de una sola hebra, lo ideal es usarlo para prendas de poco roce, y la Ryeland es muy respetuosa contigo, por lo tanto no hay problemas si hay contacto con la piel ya que la mayor\u00eda de las pieles sensibles lo toleran.<\/p>\n<p>Hiraeth es una palabra especial en ga\u00e9lico, es una especie de a\u00f1oranza, nostalgia hacia un hogar o situaci\u00f3n que ya fue o que nunca ha sido. Me parece un significado precioso que unido a esta sensaci\u00f3n de pureza y bondad del cordero dan a estos hilos una personalidad \u00fanica.<\/p>\n<p><span class=\"a_GcMg font-feature-liga-off font-feature-clig-off font-feature-calt-off text-decoration-none text-strikethrough-none\">Estos hilos provienen de la raza ovina<\/span><span class=\"a_GcMg font-feature-liga-off font-feature-clig-off font-feature-calt-off text-decoration-none text-strikethrough-none\"> Ryeland, esta fue criada por los cl\u00e9rigos de Herefordshire a base de centeno, de ah\u00ed su nombre.<\/span><\/p>\n<p class=\"cvGsUA direction-ltr align-start para-style-body\"><span class=\"a_GcMg font-feature-liga-off font-feature-clig-off font-feature-calt-off text-decoration-none text-strikethrough-none\">Siendo un s\u00edmbolo de prosperidad y riqueza para los monjes y frailes de toda Inglaterra hace 7 siglos.<\/span><\/p>\n<p class=\"cvGsUA direction-ltr align-start para-style-body\"><span class=\"a_GcMg font-feature-liga-off font-feature-clig-off font-feature-calt-off text-decoration-none text-strikethrough-none\">Aunque su poblaci\u00f3n es bastante estable en Inglaterra, en Australia se intenta proteger mas debido a que es considerada una de las 9 razas \u201cfundadoras\u201d del continente, y por la presi\u00f3n comercial se tiende a ignorar como opci\u00f3n.<\/span><\/p>\n<p class=\"cvGsUA direction-ltr align-start para-style-body\"><span class=\"a_GcMg font-feature-liga-off font-feature-clig-off font-feature-calt-off text-decoration-none text-strikethrough-none\">Su lana es de<\/span><span class=\"a_GcMg font-feature-liga-off font-feature-clig-off font-feature-calt-off text-decoration-none text-strikethrough-none\"> 24-28 micrones, creando un hilo muy agradecido al uso, depende del proyecto se puede evitar el bloqueo. Con un poder calefactor alto y un gusto especial al tacto.<\/span><\/p>\n<p>Los colores son te\u00f1idos de manera manual en la misma granja, por lo tanto puede haber variaciones de ovillo a ovillo.<\/p>","protected":false},"excerpt":{"rendered":"<p>  [&#8230;]<\/p>\n","protected":false},"featured_media":3329,"comment_status":"closed","ping_status":"closed","template":"","meta":[],"product_brand":[],"product_cat":[510,506,511,223,505],"product_tag":[],"class_list":{"0":"post-1736","1":"product","2":"type-product","3":"status-publish","4":"has-post-thumbnail","6":"product_cat-chales-y-bufandas","7":"product_cat-invierno","8":"product_cat-jerseys","9":"product_cat-los-sincronistas","10":"product_cat-otono","12":"first","13":"instock","14":"shipping-taxable","15":"purchasable","16":"product-type-variable"},"yoast_head":"<!-- This site is optimized with the Yoast SEO plugin v27.4 - https:\/\/yoast.com\/product\/yoast-seo-wordpress\/ -->\n<title>Hiraeth - Alpacas El Camino<\/title>\n<meta name=\"description\" content=\"Hiraeth es una a\u00f1oranza o nostalgia hacia una situaci\u00f3n o un hogar, \u00bfte animas a que estos hilos single te transporten a ese lugar?\" \/>\n<meta name=\"robots\" content=\"index, follow, max-snippet:-1, max-image-preview:large, max-video-preview:-1\" \/>\n<link rel=\"canonical\" href=\"https:\/\/alpacaselcamino.com\/en\/product\/hiraeth\/\" \/>\n<meta property=\"og:locale\" content=\"en_GB\" \/>\n<meta property=\"og:type\" content=\"article\" \/>\n<meta property=\"og:title\" content=\"Hiraeth - Alpacas El Camino\" \/>\n<meta property=\"og:description\" content=\"Hiraeth es una a\u00f1oranza o nostalgia hacia una situaci\u00f3n o un hogar, \u00bfte animas a que estos hilos single te transporten a ese lugar?\" \/>\n<meta property=\"og:url\" content=\"https:\/\/alpacaselcamino.com\/en\/product\/hiraeth\/\" \/>\n<meta property=\"og:site_name\" content=\"Alpacas El Camino\" \/>\n<meta property=\"article:modified_time\" content=\"2026-04-24T20:08:58+00:00\" \/>\n<meta property=\"og:image\" content=\"https:\/\/alpacaselcamino.com\/wp-content\/uploads\/2023\/03\/6-e1761504457773-1024x688.png\" \/>\n\t<meta property=\"og:image:width\" content=\"1024\" \/>\n\t<meta property=\"og:image:height\" content=\"688\" \/>\n\t<meta property=\"og:image:type\" content=\"image\/png\" \/>\n<meta name=\"twitter:card\" content=\"summary_large_image\" \/>\n<meta name=\"twitter:label1\" content=\"Estimated reading time\" \/>\n\t<meta name=\"twitter:data1\" content=\"2 minutes\" \/>\n<script type=\"application\/ld+json\" class=\"yoast-schema-graph\">{\"@context\":\"https:\\\/\\\/schema.org\",\"@graph\":[{\"@type\":\"WebPage\",\"@id\":\"https:\\\/\\\/alpacaselcamino.com\\\/producto\\\/hiraeth\\\/\",\"url\":\"https:\\\/\\\/alpacaselcamino.com\\\/producto\\\/hiraeth\\\/\",\"name\":\"Hiraeth - Alpacas El Camino\",\"isPartOf\":{\"@id\":\"https:\\\/\\\/alpacaselcamino.com\\\/#website\"},\"primaryImageOfPage\":{\"@id\":\"https:\\\/\\\/alpacaselcamino.com\\\/producto\\\/hiraeth\\\/#primaryimage\"},\"image\":{\"@id\":\"https:\\\/\\\/alpacaselcamino.com\\\/producto\\\/hiraeth\\\/#primaryimage\"},\"thumbnailUrl\":\"https:\\\/\\\/alpacaselcamino.com\\\/wp-content\\\/uploads\\\/2023\\\/03\\\/6-e1761504457773.png\",\"datePublished\":\"2023-03-27T19:55:15+00:00\",\"dateModified\":\"2026-04-24T20:08:58+00:00\",\"description\":\"Hiraeth es una a\u00f1oranza o nostalgia hacia una situaci\u00f3n o un hogar, \u00bfte animas a que estos hilos single te transporten a ese lugar?\",\"breadcrumb\":{\"@id\":\"https:\\\/\\\/alpacaselcamino.com\\\/producto\\\/hiraeth\\\/#breadcrumb\"},\"inLanguage\":\"en-GB\",\"potentialAction\":[{\"@type\":\"ReadAction\",\"target\":[\"https:\\\/\\\/alpacaselcamino.com\\\/producto\\\/hiraeth\\\/\"]}]},{\"@type\":\"ImageObject\",\"inLanguage\":\"en-GB\",\"@id\":\"https:\\\/\\\/alpacaselcamino.com\\\/producto\\\/hiraeth\\\/#primaryimage\",\"url\":\"https:\\\/\\\/alpacaselcamino.com\\\/wp-content\\\/uploads\\\/2023\\\/03\\\/6-e1761504457773.png\",\"contentUrl\":\"https:\\\/\\\/alpacaselcamino.com\\\/wp-content\\\/uploads\\\/2023\\\/03\\\/6-e1761504457773.png\",\"width\":1748,\"height\":1174},{\"@type\":\"BreadcrumbList\",\"@id\":\"https:\\\/\\\/alpacaselcamino.com\\\/producto\\\/hiraeth\\\/#breadcrumb\",\"itemListElement\":[{\"@type\":\"ListItem\",\"position\":1,\"name\":\"Portada\",\"item\":\"https:\\\/\\\/alpacaselcamino.com\\\/\"},{\"@type\":\"ListItem\",\"position\":2,\"name\":\"Tienda\",\"item\":\"https:\\\/\\\/alpacaselcamino.com\\\/tienda\\\/\"},{\"@type\":\"ListItem\",\"position\":3,\"name\":\"Hiraeth\"}]},{\"@type\":\"WebSite\",\"@id\":\"https:\\\/\\\/alpacaselcamino.com\\\/#website\",\"url\":\"https:\\\/\\\/alpacaselcamino.com\\\/\",\"name\":\"Alpacas El Camino\",\"description\":\"Ovillos de Alpaca y Cabra Mohair. Tambi\u00e9n huevos camperos y patos.\",\"publisher\":{\"@id\":\"https:\\\/\\\/alpacaselcamino.com\\\/#organization\"},\"potentialAction\":[{\"@type\":\"SearchAction\",\"target\":{\"@type\":\"EntryPoint\",\"urlTemplate\":\"https:\\\/\\\/alpacaselcamino.com\\\/?s={search_term_string}\"},\"query-input\":{\"@type\":\"PropertyValueSpecification\",\"valueRequired\":true,\"valueName\":\"search_term_string\"}}],\"inLanguage\":\"en-GB\"},{\"@type\":\"Organization\",\"@id\":\"https:\\\/\\\/alpacaselcamino.com\\\/#organization\",\"name\":\"Alpacas El Camino\",\"url\":\"https:\\\/\\\/alpacaselcamino.com\\\/\",\"logo\":{\"@type\":\"ImageObject\",\"inLanguage\":\"en-GB\",\"@id\":\"https:\\\/\\\/alpacaselcamino.com\\\/#\\\/schema\\\/logo\\\/image\\\/\",\"url\":\"https:\\\/\\\/alpacaselcamino.com\\\/wp-content\\\/uploads\\\/2022\\\/03\\\/Alpacas-El-Camino-2022-Logo.svg\",\"contentUrl\":\"https:\\\/\\\/alpacaselcamino.com\\\/wp-content\\\/uploads\\\/2022\\\/03\\\/Alpacas-El-Camino-2022-Logo.svg\",\"width\":290,\"height\":340,\"caption\":\"Alpacas El Camino\"},\"image\":{\"@id\":\"https:\\\/\\\/alpacaselcamino.com\\\/#\\\/schema\\\/logo\\\/image\\\/\"}}]}<\/script>\n<!-- \/ Yoast SEO plugin. -->","yoast_head_json":{"title":"Hiraeth - Alpacas El Camino","description":"Hiraeth es una a\u00f1oranza o nostalgia hacia una situaci\u00f3n o un hogar, \u00bfte animas a que estos hilos single te transporten a ese lugar?","robots":{"index":"index","follow":"follow","max-snippet":"max-snippet:-1","max-image-preview":"max-image-preview:large","max-video-preview":"max-video-preview:-1"},"canonical":"https:\/\/alpacaselcamino.com\/en\/product\/hiraeth\/","og_locale":"en_GB","og_type":"article","og_title":"Hiraeth - Alpacas El Camino","og_description":"Hiraeth es una a\u00f1oranza o nostalgia hacia una situaci\u00f3n o un hogar, \u00bfte animas a que estos hilos single te transporten a ese lugar?","og_url":"https:\/\/alpacaselcamino.com\/en\/product\/hiraeth\/","og_site_name":"Alpacas El Camino","article_modified_time":"2026-04-24T20:08:58+00:00","og_image":[{"width":1024,"height":688,"url":"https:\/\/alpacaselcamino.com\/wp-content\/uploads\/2023\/03\/6-e1761504457773-1024x688.png","type":"image\/png"}],"twitter_card":"summary_large_image","twitter_misc":{"Estimated reading time":"2 minutes"},"schema":{"@context":"https:\/\/schema.org","@graph":[{"@type":"WebPage","@id":"https:\/\/alpacaselcamino.com\/producto\/hiraeth\/","url":"https:\/\/alpacaselcamino.com\/producto\/hiraeth\/","name":"Hiraeth - Alpacas El Camino","isPartOf":{"@id":"https:\/\/alpacaselcamino.com\/#website"},"primaryImageOfPage":{"@id":"https:\/\/alpacaselcamino.com\/producto\/hiraeth\/#primaryimage"},"image":{"@id":"https:\/\/alpacaselcamino.com\/producto\/hiraeth\/#primaryimage"},"thumbnailUrl":"https:\/\/alpacaselcamino.com\/wp-content\/uploads\/2023\/03\/6-e1761504457773.png","datePublished":"2023-03-27T19:55:15+00:00","dateModified":"2026-04-24T20:08:58+00:00","description":"Hiraeth es una a\u00f1oranza o nostalgia hacia una situaci\u00f3n o un hogar, \u00bfte animas a que estos hilos single te transporten a ese lugar?","breadcrumb":{"@id":"https:\/\/alpacaselcamino.com\/producto\/hiraeth\/#breadcrumb"},"inLanguage":"en-GB","potentialAction":[{"@type":"ReadAction","target":["https:\/\/alpacaselcamino.com\/producto\/hiraeth\/"]}]},{"@type":"ImageObject","inLanguage":"en-GB","@id":"https:\/\/alpacaselcamino.com\/producto\/hiraeth\/#primaryimage","url":"https:\/\/alpacaselcamino.com\/wp-content\/uploads\/2023\/03\/6-e1761504457773.png","contentUrl":"https:\/\/alpacaselcamino.com\/wp-content\/uploads\/2023\/03\/6-e1761504457773.png","width":1748,"height":1174},{"@type":"BreadcrumbList","@id":"https:\/\/alpacaselcamino.com\/producto\/hiraeth\/#breadcrumb","itemListElement":[{"@type":"ListItem","position":1,"name":"Portada","item":"https:\/\/alpacaselcamino.com\/"},{"@type":"ListItem","position":2,"name":"Tienda","item":"https:\/\/alpacaselcamino.com\/tienda\/"},{"@type":"ListItem","position":3,"name":"Hiraeth"}]},{"@type":"WebSite","@id":"https:\/\/alpacaselcamino.com\/#website","url":"https:\/\/alpacaselcamino.com\/","name":"Alpacas El Camino","description":"Ovillos de Alpaca y Cabra Mohair. Tambi\u00e9n huevos camperos y patos.","publisher":{"@id":"https:\/\/alpacaselcamino.com\/#organization"},"potentialAction":[{"@type":"SearchAction","target":{"@type":"EntryPoint","urlTemplate":"https:\/\/alpacaselcamino.com\/?s={search_term_string}"},"query-input":{"@type":"PropertyValueSpecification","valueRequired":true,"valueName":"search_term_string"}}],"inLanguage":"en-GB"},{"@type":"Organization","@id":"https:\/\/alpacaselcamino.com\/#organization","name":"Alpacas El Camino","url":"https:\/\/alpacaselcamino.com\/","logo":{"@type":"ImageObject","inLanguage":"en-GB","@id":"https:\/\/alpacaselcamino.com\/#\/schema\/logo\/image\/","url":"https:\/\/alpacaselcamino.com\/wp-content\/uploads\/2022\/03\/Alpacas-El-Camino-2022-Logo.svg","contentUrl":"https:\/\/alpacaselcamino.com\/wp-content\/uploads\/2022\/03\/Alpacas-El-Camino-2022-Logo.svg","width":290,"height":340,"caption":"Alpacas El Camino"},"image":{"@id":"https:\/\/alpacaselcamino.com\/#\/schema\/logo\/image\/"}}]}},"_links":{"self":[{"href":"https:\/\/alpacaselcamino.com\/en\/wp-json\/wp\/v2\/product\/1736","targetHints":{"allow":["GET"]}}],"collection":[{"href":"https:\/\/alpacaselcamino.com\/en\/wp-json\/wp\/v2\/product"}],"about":[{"href":"https:\/\/alpacaselcamino.com\/en\/wp-json\/wp\/v2\/types\/product"}],"replies":[{"embeddable":true,"href":"https:\/\/alpacaselcamino.com\/en\/wp-json\/wp\/v2\/comments?post=1736"}],"wp:featuredmedia":[{"embeddable":true,"href":"https:\/\/alpacaselcamino.com\/en\/wp-json\/wp\/v2\/media\/3329"}],"wp:attachment":[{"href":"https:\/\/alpacaselcamino.com\/en\/wp-json\/wp\/v2\/media?parent=1736"}],"wp:term":[{"taxonomy":"product_brand","embeddable":true,"href":"https:\/\/alpacaselcamino.com\/en\/wp-json\/wp\/v2\/product_brand?post=1736"},{"taxonomy":"product_cat","embeddable":true,"href":"https:\/\/alpacaselcamino.com\/en\/wp-json\/wp\/v2\/product_cat?post=1736"},{"taxonomy":"product_tag","embeddable":true,"href":"https:\/\/alpacaselcamino.com\/en\/wp-json\/wp\/v2\/product_tag?post=1736"}],"curies":[{"name":"wp","href":"https:\/\/api.w.org\/{rel}","templated":true}]}}