{"id":1690,"date":"2023-03-13T18:50:37","date_gmt":"2023-03-13T18:50:37","guid":{"rendered":"https:\/\/alpacaselcamino.com\/?post_type=product&#038;p=1690"},"modified":"2026-04-04T18:02:04","modified_gmt":"2026-04-04T18:02:04","slug":"frontera","status":"publish","type":"product","link":"https:\/\/alpacaselcamino.com\/en\/product\/frontera\/","title":{"rendered":"Frontera"},"content":{"rendered":"<p style=\"padding-left: 40px;\">Estos hilos 100% Portland forman gustosamente parte de la colecci\u00f3n de Los Sincronistas.<\/p>\n<p class=\"cvGsUA direction-ltr align-start para-style-body\"><span class=\"a_GcMg font-feature-liga-off font-feature-clig-off font-feature-calt-off text-decoration-none text-strikethrough-none\">La oveja de Portland es una raza inglesa antigua, originaria de la Isla de Portland (Dorset, UK).<\/span><\/p>\n<p class=\"cvGsUA direction-ltr align-start para-style-body\"><span class=\"a_GcMg font-feature-liga-off font-feature-clig-off font-feature-calt-off text-decoration-none text-strikethrough-none\">Se potencio mucho durante el S.XVII por su faceta multiprop\u00f3sito, ya que producen buena carne, aptitudes lechera decentes y una lana gustosa.<\/span><\/p>\n<p>En los a\u00f1os &#8217;70 estuvo al borde de la extinci\u00f3n con menos de 100 ejemplares restantes. Ahora esta raza est\u00e1 m\u00e1s extendida con mas de 1500 ejemplares en m\u00e1s de 100 reba\u00f1os distintos, <span class=\"a_GcMg font-feature-liga-off font-feature-clig-off font-feature-calt-off text-decoration-none text-strikethrough-none\">, esta raza esta protegida para conservar su gen\u00e9tica \u00fanica.<\/span><\/p>\n<p>\u00bfY que hace especial a la raza portland? Su \u00abpureza\u00bb, ya que su desarrollo no ha sido influenciado por los criterios de producci\u00f3n de carne o lana modernos, si no que sigue fiel a sus formas, prop\u00f3sitos y valores iniciales.<\/p>\n<p>Su lana va de <span class=\"a_GcMg font-feature-liga-off font-feature-clig-off font-feature-calt-off text-decoration-none text-strikethrough-none\">25-30 micrones, hilo resistentes que cambian mucho al bloquear haciendo que gane suavidad. No tiene gran poder calefactor ya que carece de tantas escamas en comparaci\u00f3n a otras razas ovinas de la misma rama familiar (Dorset group)<\/span><\/p>\n<p>Est\u00e1n justo en la \u00abFrontera\u00bb entre la producci\u00f3n en el mundo moderno y la fidelidad pero riesgo a desaparici\u00f3n de lo que realmente eres.<\/p>\n<p>&nbsp;<\/p>\n<p class=\"cvGsUA direction-ltr align-start para-style-body\"><span class=\"a_GcMg font-feature-liga-off font-feature-clig-off font-feature-calt-off text-decoration-none text-strikethrough-none\">Usos recomendados:<\/span><span class=\"a_GcMg font-feature-liga-off font-feature-clig-off font-feature-calt-off text-decoration-none text-strikethrough-none\"> Prendas del d\u00eda a d\u00eda, que lleven desgaste. Frontera lo aguantar\u00e1 sin problema. ideal para entre tiempo o inviernos suaves.<\/span><\/p>\n<p>&nbsp;<\/p>\n<p>La composici\u00f3n de este hilo es 100% Oveja de Portland,\u00a0 vais a encontrar 330 m cada 100 gr.<\/p>\n<p>Los colores son te\u00f1idos de manera manual en la misma granja, por lo tanto puede haber variaciones de ovillo a ovillo.<\/p>","protected":false},"excerpt":{"rendered":"<p>  [&#8230;]<\/p>\n","protected":false},"featured_media":3330,"comment_status":"closed","ping_status":"closed","template":"","meta":[],"product_brand":[],"product_cat":[223],"product_tag":[],"class_list":{"0":"post-1690","1":"product","2":"type-product","3":"status-publish","4":"has-post-thumbnail","6":"product_cat-los-sincronistas","8":"first","9":"instock","10":"shipping-taxable","11":"purchasable","12":"product-type-variable"},"yoast_head":"<!-- This site is optimized with the Yoast SEO plugin v27.2 - https:\/\/yoast.com\/product\/yoast-seo-wordpress\/ -->\n<title>Frontera - Alpacas El Camino<\/title>\n<meta name=\"description\" content=\"La lana de oveja Portland es especial, ya que al momento de recuperar la raza se ha sido fiel a su forma mas primaria, no cambiando su forma original.\" \/>\n<meta name=\"robots\" content=\"index, follow, max-snippet:-1, max-image-preview:large, max-video-preview:-1\" \/>\n<link rel=\"canonical\" href=\"https:\/\/alpacaselcamino.com\/en\/product\/frontera\/\" \/>\n<meta property=\"og:locale\" content=\"en_GB\" \/>\n<meta property=\"og:type\" content=\"article\" \/>\n<meta property=\"og:title\" content=\"Frontera - Alpacas El Camino\" \/>\n<meta property=\"og:description\" content=\"La lana de oveja Portland es especial, ya que al momento de recuperar la raza se ha sido fiel a su forma mas primaria, no cambiando su forma original.\" \/>\n<meta property=\"og:url\" content=\"https:\/\/alpacaselcamino.com\/en\/product\/frontera\/\" \/>\n<meta property=\"og:site_name\" content=\"Alpacas El Camino\" \/>\n<meta property=\"article:modified_time\" content=\"2026-04-04T18:02:04+00:00\" \/>\n<meta property=\"og:image\" content=\"https:\/\/alpacaselcamino.com\/wp-content\/uploads\/2023\/03\/8-e1761504509504.png\" \/>\n\t<meta property=\"og:image:width\" content=\"1742\" \/>\n\t<meta property=\"og:image:height\" content=\"1203\" \/>\n\t<meta property=\"og:image:type\" content=\"image\/png\" \/>\n<meta name=\"twitter:card\" content=\"summary_large_image\" \/>\n<meta name=\"twitter:label1\" content=\"Estimated reading time\" \/>\n\t<meta name=\"twitter:data1\" content=\"2 minutes\" \/>\n<script type=\"application\/ld+json\" class=\"yoast-schema-graph\">{\"@context\":\"https:\/\/schema.org\",\"@graph\":[{\"@type\":\"WebPage\",\"@id\":\"https:\/\/alpacaselcamino.com\/producto\/frontera\/\",\"url\":\"https:\/\/alpacaselcamino.com\/producto\/frontera\/\",\"name\":\"Frontera - Alpacas El Camino\",\"isPartOf\":{\"@id\":\"https:\/\/alpacaselcamino.com\/#website\"},\"primaryImageOfPage\":{\"@id\":\"https:\/\/alpacaselcamino.com\/producto\/frontera\/#primaryimage\"},\"image\":{\"@id\":\"https:\/\/alpacaselcamino.com\/producto\/frontera\/#primaryimage\"},\"thumbnailUrl\":\"https:\/\/alpacaselcamino.com\/wp-content\/uploads\/2023\/03\/8-e1761504509504.png\",\"datePublished\":\"2023-03-13T18:50:37+00:00\",\"dateModified\":\"2026-04-04T18:02:04+00:00\",\"description\":\"La lana de oveja Portland es especial, ya que al momento de recuperar la raza se ha sido fiel a su forma mas primaria, no cambiando su forma original.\",\"breadcrumb\":{\"@id\":\"https:\/\/alpacaselcamino.com\/producto\/frontera\/#breadcrumb\"},\"inLanguage\":\"en-GB\",\"potentialAction\":[{\"@type\":\"ReadAction\",\"target\":[\"https:\/\/alpacaselcamino.com\/producto\/frontera\/\"]}]},{\"@type\":\"ImageObject\",\"inLanguage\":\"en-GB\",\"@id\":\"https:\/\/alpacaselcamino.com\/producto\/frontera\/#primaryimage\",\"url\":\"https:\/\/alpacaselcamino.com\/wp-content\/uploads\/2023\/03\/8-e1761504509504.png\",\"contentUrl\":\"https:\/\/alpacaselcamino.com\/wp-content\/uploads\/2023\/03\/8-e1761504509504.png\",\"width\":1742,\"height\":1203},{\"@type\":\"BreadcrumbList\",\"@id\":\"https:\/\/alpacaselcamino.com\/producto\/frontera\/#breadcrumb\",\"itemListElement\":[{\"@type\":\"ListItem\",\"position\":1,\"name\":\"Portada\",\"item\":\"https:\/\/alpacaselcamino.com\/\"},{\"@type\":\"ListItem\",\"position\":2,\"name\":\"Tienda\",\"item\":\"https:\/\/alpacaselcamino.com\/tienda\/\"},{\"@type\":\"ListItem\",\"position\":3,\"name\":\"Frontera\"}]},{\"@type\":\"WebSite\",\"@id\":\"https:\/\/alpacaselcamino.com\/#website\",\"url\":\"https:\/\/alpacaselcamino.com\/\",\"name\":\"Alpacas El Camino\",\"description\":\"Ovillos de Alpaca y Cabra Mohair. Tambi\u00e9n huevos camperos y patos.\",\"publisher\":{\"@id\":\"https:\/\/alpacaselcamino.com\/#organization\"},\"potentialAction\":[{\"@type\":\"SearchAction\",\"target\":{\"@type\":\"EntryPoint\",\"urlTemplate\":\"https:\/\/alpacaselcamino.com\/?s={search_term_string}\"},\"query-input\":{\"@type\":\"PropertyValueSpecification\",\"valueRequired\":true,\"valueName\":\"search_term_string\"}}],\"inLanguage\":\"en-GB\"},{\"@type\":\"Organization\",\"@id\":\"https:\/\/alpacaselcamino.com\/#organization\",\"name\":\"Alpacas El Camino\",\"url\":\"https:\/\/alpacaselcamino.com\/\",\"logo\":{\"@type\":\"ImageObject\",\"inLanguage\":\"en-GB\",\"@id\":\"https:\/\/alpacaselcamino.com\/#\/schema\/logo\/image\/\",\"url\":\"https:\/\/alpacaselcamino.com\/wp-content\/uploads\/2022\/03\/Alpacas-El-Camino-2022-Logo.svg\",\"contentUrl\":\"https:\/\/alpacaselcamino.com\/wp-content\/uploads\/2022\/03\/Alpacas-El-Camino-2022-Logo.svg\",\"width\":290,\"height\":340,\"caption\":\"Alpacas El Camino\"},\"image\":{\"@id\":\"https:\/\/alpacaselcamino.com\/#\/schema\/logo\/image\/\"}}]}<\/script>\n<!-- \/ Yoast SEO plugin. -->","yoast_head_json":{"title":"Frontera - Alpacas El Camino","description":"La lana de oveja Portland es especial, ya que al momento de recuperar la raza se ha sido fiel a su forma mas primaria, no cambiando su forma original.","robots":{"index":"index","follow":"follow","max-snippet":"max-snippet:-1","max-image-preview":"max-image-preview:large","max-video-preview":"max-video-preview:-1"},"canonical":"https:\/\/alpacaselcamino.com\/en\/product\/frontera\/","og_locale":"en_GB","og_type":"article","og_title":"Frontera - Alpacas El Camino","og_description":"La lana de oveja Portland es especial, ya que al momento de recuperar la raza se ha sido fiel a su forma mas primaria, no cambiando su forma original.","og_url":"https:\/\/alpacaselcamino.com\/en\/product\/frontera\/","og_site_name":"Alpacas El Camino","article_modified_time":"2026-04-04T18:02:04+00:00","og_image":[{"width":1742,"height":1203,"url":"https:\/\/alpacaselcamino.com\/wp-content\/uploads\/2023\/03\/8-e1761504509504.png","type":"image\/png"}],"twitter_card":"summary_large_image","twitter_misc":{"Estimated reading time":"2 minutes"},"schema":{"@context":"https:\/\/schema.org","@graph":[{"@type":"WebPage","@id":"https:\/\/alpacaselcamino.com\/producto\/frontera\/","url":"https:\/\/alpacaselcamino.com\/producto\/frontera\/","name":"Frontera - Alpacas El Camino","isPartOf":{"@id":"https:\/\/alpacaselcamino.com\/#website"},"primaryImageOfPage":{"@id":"https:\/\/alpacaselcamino.com\/producto\/frontera\/#primaryimage"},"image":{"@id":"https:\/\/alpacaselcamino.com\/producto\/frontera\/#primaryimage"},"thumbnailUrl":"https:\/\/alpacaselcamino.com\/wp-content\/uploads\/2023\/03\/8-e1761504509504.png","datePublished":"2023-03-13T18:50:37+00:00","dateModified":"2026-04-04T18:02:04+00:00","description":"La lana de oveja Portland es especial, ya que al momento de recuperar la raza se ha sido fiel a su forma mas primaria, no cambiando su forma original.","breadcrumb":{"@id":"https:\/\/alpacaselcamino.com\/producto\/frontera\/#breadcrumb"},"inLanguage":"en-GB","potentialAction":[{"@type":"ReadAction","target":["https:\/\/alpacaselcamino.com\/producto\/frontera\/"]}]},{"@type":"ImageObject","inLanguage":"en-GB","@id":"https:\/\/alpacaselcamino.com\/producto\/frontera\/#primaryimage","url":"https:\/\/alpacaselcamino.com\/wp-content\/uploads\/2023\/03\/8-e1761504509504.png","contentUrl":"https:\/\/alpacaselcamino.com\/wp-content\/uploads\/2023\/03\/8-e1761504509504.png","width":1742,"height":1203},{"@type":"BreadcrumbList","@id":"https:\/\/alpacaselcamino.com\/producto\/frontera\/#breadcrumb","itemListElement":[{"@type":"ListItem","position":1,"name":"Portada","item":"https:\/\/alpacaselcamino.com\/"},{"@type":"ListItem","position":2,"name":"Tienda","item":"https:\/\/alpacaselcamino.com\/tienda\/"},{"@type":"ListItem","position":3,"name":"Frontera"}]},{"@type":"WebSite","@id":"https:\/\/alpacaselcamino.com\/#website","url":"https:\/\/alpacaselcamino.com\/","name":"Alpacas El Camino","description":"Ovillos de Alpaca y Cabra Mohair. Tambi\u00e9n huevos camperos y patos.","publisher":{"@id":"https:\/\/alpacaselcamino.com\/#organization"},"potentialAction":[{"@type":"SearchAction","target":{"@type":"EntryPoint","urlTemplate":"https:\/\/alpacaselcamino.com\/?s={search_term_string}"},"query-input":{"@type":"PropertyValueSpecification","valueRequired":true,"valueName":"search_term_string"}}],"inLanguage":"en-GB"},{"@type":"Organization","@id":"https:\/\/alpacaselcamino.com\/#organization","name":"Alpacas El Camino","url":"https:\/\/alpacaselcamino.com\/","logo":{"@type":"ImageObject","inLanguage":"en-GB","@id":"https:\/\/alpacaselcamino.com\/#\/schema\/logo\/image\/","url":"https:\/\/alpacaselcamino.com\/wp-content\/uploads\/2022\/03\/Alpacas-El-Camino-2022-Logo.svg","contentUrl":"https:\/\/alpacaselcamino.com\/wp-content\/uploads\/2022\/03\/Alpacas-El-Camino-2022-Logo.svg","width":290,"height":340,"caption":"Alpacas El Camino"},"image":{"@id":"https:\/\/alpacaselcamino.com\/#\/schema\/logo\/image\/"}}]}},"_links":{"self":[{"href":"https:\/\/alpacaselcamino.com\/en\/wp-json\/wp\/v2\/product\/1690","targetHints":{"allow":["GET"]}}],"collection":[{"href":"https:\/\/alpacaselcamino.com\/en\/wp-json\/wp\/v2\/product"}],"about":[{"href":"https:\/\/alpacaselcamino.com\/en\/wp-json\/wp\/v2\/types\/product"}],"replies":[{"embeddable":true,"href":"https:\/\/alpacaselcamino.com\/en\/wp-json\/wp\/v2\/comments?post=1690"}],"wp:featuredmedia":[{"embeddable":true,"href":"https:\/\/alpacaselcamino.com\/en\/wp-json\/wp\/v2\/media\/3330"}],"wp:attachment":[{"href":"https:\/\/alpacaselcamino.com\/en\/wp-json\/wp\/v2\/media?parent=1690"}],"wp:term":[{"taxonomy":"product_brand","embeddable":true,"href":"https:\/\/alpacaselcamino.com\/en\/wp-json\/wp\/v2\/product_brand?post=1690"},{"taxonomy":"product_cat","embeddable":true,"href":"https:\/\/alpacaselcamino.com\/en\/wp-json\/wp\/v2\/product_cat?post=1690"},{"taxonomy":"product_tag","embeddable":true,"href":"https:\/\/alpacaselcamino.com\/en\/wp-json\/wp\/v2\/product_tag?post=1690"}],"curies":[{"name":"wp","href":"https:\/\/api.w.org\/{rel}","templated":true}]}}