{"id":840,"date":"2022-04-09T14:33:47","date_gmt":"2022-04-09T14:33:47","guid":{"rendered":"https:\/\/2022.alpacaselcamino.com\/?page_id=840"},"modified":"2022-04-18T09:39:10","modified_gmt":"2022-04-18T09:39:10","slug":"politica-de-privacidad","status":"publish","type":"page","link":"https:\/\/alpacaselcamino.com\/en\/politica-de-privacidad\/","title":{"rendered":"Privacy Policy"},"content":{"rendered":"<h2>Privacy Policy<\/h2>\n<p>El titular del Sitio Web https:\/\/alpacaselcamino.com\/ es Arsenio Diego Fern\u00e1ndez con DNI 21140946J, as\u00ed como el responsable del tratamiento de los datos personales suministrados por sus usuarios.<\/p>\n<p>El tratamiento de datos personales que se realiza a trav\u00e9s de este Sitio Web observa lo dispuesto en el Reglamento (UE) 2016\/679, General de Protecci\u00f3n de Datos, en la Ley Org\u00e1nica 3\/2018, de 5 de diciembre, de Protecci\u00f3n de Datos de Car\u00e1cter Personal y con las medidas de seguridad t\u00e9cnicas y organizativas para garantizar un nivel de seguridad adecuado al riesgo del tratamiento.<\/p>\n<h3><strong>Informaci\u00f3n sobre protecci\u00f3n de datos<\/strong><\/h3>\n<p>Si el usuario decide solicitar informaci\u00f3n en nuestro Sitio Web, se solicitar\u00e1n los datos estrictamente necesarios para conseguir la finalidad a la que est\u00e1 destinado nuestro Sitio Web, que es la informaci\u00f3n y promoci\u00f3n de nuestros servicios, todos ellos disponibles en nuestro Sitio Web. En ning\u00fan caso se utilizar\u00e1n para fines distintos a los que voluntariamente se han introducido en la Web.<\/p>\n<p>Los datos personales que el usuario nos facilite ser\u00e1n tratados, habiendo sido informado previamente de las finalidades del tratamiento y dem\u00e1s informaci\u00f3n mediante el bot\u00f3n \u00abAceptar\u00bb.<\/p>\n<p>Aquellos que voluntariamente faciliten sus datos al titular de la Web por cualquiera de los medios siempre establecidos al efecto, han tenido a su disposici\u00f3n de forma transparente y clara, al haber pulsado la casilla correspondiente, los siguientes aspectos:<\/p>\n<p>1.1 El Responsable del tratamiento es Arsenio Diego Fern\u00e1ndez con DNI 21140946J., con domicilio en Barrio Camino 26, 39640 Villacarriedo (Cantabria).<\/p>\n<p>1.2 La FINALIDAD del tratamiento es la siguiente:<\/p>\n<p>la gesti\u00f3n de la solicitud, petici\u00f3n o consulta, y el mantenimiento de las relaciones entre la Web y sus usuarios.<br \/>Autorizaci\u00f3n inequ\u00edvoca para que los datos facilitados puedan ser utilizados para enviarle, por cualquier medio de comunicaci\u00f3n, incluidos los electr\u00f3nicos, comunicaciones comerciales, con informaci\u00f3n de inter\u00e9s, y comunicaciones recordatorias, si ha marcado la casilla correspondiente o ha manifestado, por cualquier medio, su autorizaci\u00f3n inequ\u00edvoca.<br \/>contratar alguno de los productos o servicios concretos<br \/>informaci\u00f3n para el uso de cookies con fines concretos y espec\u00edficos siempre informados en esta pol\u00edtica de privacidad.<br \/>1.3 La BASE JUR\u00cdDICA del tratamiento se basa en la relaci\u00f3n establecida, en el cumplimiento de las obligaciones legales y en su consentimiento inequ\u00edvoco si lo ha prestado. Le informamos que puede revocar su consentimiento en cualquier momento, a trav\u00e9s de un medio f\u00e1cil y sencillo. En el caso de las personas de contacto de una persona jur\u00eddica, la base legal para el tratamiento es el inter\u00e9s leg\u00edtimo de esta entidad en mantener relaciones con dicha persona jur\u00eddica.<\/p>\n<p>1.4 Le informamos que el PLAZO DE CONSERVACI\u00d3N de sus datos ser\u00e1 el de la vigencia del contrato y despu\u00e9s de su finalizaci\u00f3n, en el caso en que as\u00ed lo determine la ley, mientras dure la obligaci\u00f3n de conservaci\u00f3n y, en su caso, durante el plazo de prescripci\u00f3n de las acciones correspondientes. CONSERVAREMOS sus datos si la base legal es el consentimiento si no revoca su autorizaci\u00f3n, y una vez revocada, se fijar\u00e1 seg\u00fan el criterio de agotamiento de los plazos de prescripci\u00f3n de las acciones.<\/p>\n<p>1.5 DESTINATARIOS: no se prev\u00e9n destinatarios de sus datos, salvo obligaci\u00f3n legal.<\/p>\n<p>1.6 Garantizamos sus DERECHOS de acceso, rectificaci\u00f3n o supresi\u00f3n de sus datos, as\u00ed como su derecho de limitaci\u00f3n o portabilidad, de acuerdo con el resto de informaci\u00f3n ofrecida en esta Pol\u00edtica de Privacidad.<\/p>\n<h3><strong>Informaci\u00f3n sobre los usuarios<\/strong><\/h3>\n<p>Registramos sus datos de IP (Protocolo de Internet) asignados al abonado titular de la l\u00ednea telef\u00f3nica en el momento de la conexi\u00f3n con esta web, a efectos de seguridad y colaboraci\u00f3n con la Justicia. Los datos ser\u00e1n conservados por el proveedor de servicios durante el tiempo establecido por la legislaci\u00f3n vigente.<\/p>\n<p>Derechos de Acceso, Rectificaci\u00f3n, Oposici\u00f3n, Supresi\u00f3n, Limitaci\u00f3n, salvo que sean objeto de decisiones automatizadas y Portabilidad<\/p>\n<p>En cualquier momento, el usuario tiene derecho a acceder a su informaci\u00f3n, a rectificarla si sus datos son err\u00f3neos, a oponerse a cualquier tipo de tratamiento asociado al mantenimiento de la relaci\u00f3n contractual, a revocar el consentimiento otorgado, a solicitar la limitaci\u00f3n o supresi\u00f3n de su tratamiento, a no ser objeto de decisiones automatizadas, y a darse de baja de los servicios de <strong>ALPACAS EL CAMINO<\/strong>.<\/p>\n<p>Estos derechos pueden hacerse efectivos previa acreditaci\u00f3n de la personalidad en las formas y plazos establecidos en el Reglamento General de Protecci\u00f3n de Datos, mediante escrito dirigido a la direcci\u00f3n postal que aparece en el Aviso Legal de la Web.<\/p>\n<p>El tratamiento de los datos personales y el env\u00edo de comunicaciones por medios electr\u00f3nicos, en su caso, se ajustan a la normativa establecida en el Reglamento General de Protecci\u00f3n de Datos, en la Ley Org\u00e1nica 3\/2018, de 5 de diciembre, de Protecci\u00f3n de Datos de Car\u00e1cter Personal y en la Ley 34\/2002, de 11 de julio, de Servicios de la Sociedad de la Informaci\u00f3n y de Comercio Electr\u00f3nico.<\/p>\n<p>Informaci\u00f3n restante sobre la protecci\u00f3n de datos.<br \/>La siguiente informaci\u00f3n es una informaci\u00f3n ampliada sobre la protecci\u00f3n de datos:<\/p>\n<p>En caso de ser cliente:<\/p>\n<p>Informaci\u00f3n sobre la protecci\u00f3n de datos. El responsable del tratamiento es: <strong>ALPACAS EL CAMINO<\/strong> Los datos personales ser\u00e1n tratados con la finalidad de GESTI\u00d3N DE CLIENTES, ASESORAMIENTO OPERATIVO, INTERMEDIACI\u00d3N FINANCIERA, GESTI\u00d3N DEL PUESTO VIRTUAL, FACTURACI\u00d3N Y MANTENIMIENTO.<\/p>\n<p>La base legal del tratamiento es el contrato celebrado, el cumplimiento de una obligaci\u00f3n legal, el inter\u00e9s leg\u00edtimo en el caso de personas de contacto de personas jur\u00eddicas y el consentimiento, en su caso, revocable en cualquier momento.<\/p>\n<p>El criterio establecido para la conservaci\u00f3n de sus datos es la prescripci\u00f3n de acciones. Si la base del tratamiento fue el consentimiento, los datos se conservar\u00e1n hasta la revocaci\u00f3n del consentimiento o la oposici\u00f3n al tratamiento y, posteriormente, durante el plazo de presentaci\u00f3n de reclamaciones.<\/p>\n<p>Los destinatarios de sus datos son la administraci\u00f3n tributaria y las entidades bancarias, en su caso.<\/p>\n<p>Tiene a su disposici\u00f3n el ejercicio de los derechos de acceso, incluyendo el derecho a obtener una copia de los datos personales objeto de tratamiento, rectificaci\u00f3n, oposici\u00f3n, supresi\u00f3n o borrado, en su caso, portabilidad y limitaci\u00f3n del tratamiento, dirigi\u00e9ndose por escrito al responsable del tratamiento a la siguiente direcci\u00f3n de email: <a href=\"mailto:info@alpacaselcamino.com\"><strong>info@alpacaselcamino.com<\/strong><\/a><\/p>\n<p>2- Acuerdo de tratamiento de datos.<\/p>\n<p>En el caso de la prestaci\u00f3n de un servicio para el que se traten datos personales del cliente o Contratante, la Propiedad actuar\u00e1 como responsable del tratamiento, siendo el cliente o contratante el encargado del tratamiento, que ha decidido elegir a este RESPONSABLE porque \u00e9ste ofrece las garant\u00edas suficientes para aplicar las medidas t\u00e9cnicas y organizativas adecuadas a los datos facilitados, garantizando que el tratamiento encargado cumple con el Reglamento (UE) 2016\/679, de Protecci\u00f3n de Datos (RGPD). En este sentido, el responsable del tratamiento facilitar\u00e1 los datos que haya obtenido de forma l\u00edcita, y el encargado del tratamiento se compromete a lo siguiente:<\/p>\n<p>2.1- S\u00f3lo tratar\u00e1 los datos de acuerdo con las instrucciones del RESPONSABLE DEL TRATAMIENTO, y para los fines de esta propuesta o contrato, no comunic\u00e1ndolos a ning\u00fan tercero, ni siquiera para su conservaci\u00f3n. El tratamiento de los datos personales es necesario para la prestaci\u00f3n del servicio. El tipo de datos personales pueden ser datos de transacciones de TPV y datos derivados de las mismas, facilitados por el RESPONSABLE, y las categor\u00edas de datos personales pueden referirse a los clientes o usuarios (Datos de identificaci\u00f3n, contacto, tel\u00e9fono m\u00f3vil, medio de pago utilizado y transacci\u00f3n). Las operaciones de tratamiento son: recogida, registro, consulta, env\u00edo, modificaci\u00f3n, cesi\u00f3n, conservaci\u00f3n, borrado y destrucci\u00f3n.<\/p>\n<p>2.2- Se compromete a garantizar que las personas que forman parte de la estructura del RESPONSABLE DE DATOS y que tratan los datos se han comprometido a cumplir las normas de confidencialidad, y el RESPONSABLE se compromete a adoptar las medidas de seguridad necesarias y a garantizar los derechos de los afectados, de acuerdo con lo establecido en el Art. 32 del RGPD, debiendo establecer las siguientes medidas<\/p>\n<p>la seudonimizaci\u00f3n y encriptaci\u00f3n de los datos personales;<br \/>la capacidad de garantizar la confidencialidad, integridad, disponibilidad y resiliencia permanente de los sistemas y servicios de tratamiento;<br \/>la capacidad de restablecer r\u00e1pidamente la disponibilidad y el acceso a los datos personales en caso de incidente f\u00edsico o t\u00e9cnico;<br \/>habr\u00e1n establecido un proceso de verificaci\u00f3n, evaluaci\u00f3n y valoraci\u00f3n peri\u00f3dica de la eficacia de las medidas t\u00e9cnicas y organizativas para garantizar la seguridad del tratamiento<br \/>pondr\u00e1 a disposici\u00f3n del responsable toda la informaci\u00f3n necesaria para demostrar el cumplimiento de las obligaciones establecidas en el RGPD, as\u00ed como para permitir y contribuir a la realizaci\u00f3n de auditor\u00edas, incluidas las inspecciones, por parte del responsable o de otro auditor autorizado por dicho responsable<br \/>Asistir al responsable, cuando sea posible, para facilitar la respuesta a los derechos ejercidos por los interesados y ayudarle en el cumplimiento de las medidas de seguridad de los art\u00edculos 32 y 36 del RGPD, teniendo en cuenta la naturaleza del tratamiento y la informaci\u00f3n de que dispone el responsable.<br \/>Deber\u00e1 adoptar todos los dem\u00e1s requisitos del art\u00edculo 28 del GDPR.<\/p>\n<p>2.3- Una vez cumplida la prestaci\u00f3n contractual, los datos personales deber\u00e1n ser destruidos o devueltos al RESPONSABLE, a su elecci\u00f3n, lo que deber\u00e1 hacerse constar, salvo que exista alguna disposici\u00f3n legal que obligue a su conservaci\u00f3n. Los datos, en su caso, deber\u00e1n ser devueltos en la misma forma en que fueron obtenidos y en el plazo de dos meses desde la efectiva finalizaci\u00f3n de la prestaci\u00f3n, sin que el RESPONSABLE dificulte su recepci\u00f3n. Cuando puedan surgir responsabilidades entre el RESPONSABLE y el ENCARGADO, el RESPONSABLE podr\u00e1 mantener los datos debidamente bloqueados. El RESPONSABLE DEL TRATAMIENTO dar\u00e1 traslado al RESPONSABLE en caso de recibir una solicitud de ejercicio de derechos por parte de un titular de los datos y lo har\u00e1 en el plazo de tres d\u00edas h\u00e1biles desde la recepci\u00f3n de la solicitud y en la misma forma en que habitualmente se comunican RESPONSABLE y RESPONSABLE, teniendo preferencia los medios electr\u00f3nicos. No corresponde al RESPONSABLE responder y atender las solicitudes de estos derechos.<\/p>\n<p>2.4- Si el ENCARGADO DEL TRATAMIENTO destina los datos a otra finalidad, los comunica o utiliza incumpliendo el presente contrato, tambi\u00e9n ser\u00e1 responsable del tratamiento. Si el ENCARGADO DEL TRATAMIENTO decide subcontratar todo o parte de este servicio, deber\u00e1 contar con la autorizaci\u00f3n previa y por escrito del RESPONSABLE. Una vez autorizada la subcontrataci\u00f3n, el SUBPROCESADOR del tratamiento deber\u00e1 someterse a las mismas condiciones y en la misma forma escrita que el RESPONSABLE, respondiendo ante el RESPONSABLE en caso de incumplimiento del SUBPROCESADOR.<\/p>\n<p>2.5- El secreto profesional es obligatorio con respecto a los datos personales objeto del tratamiento y debe mantenerse en secreto durante el tratamiento y tras la finalizaci\u00f3n del mismo. Se garantiza que las personas autorizadas para el tratamiento de los datos personales objeto de este contrato, se han comprometido expresamente a respetar la confidencialidad y el deber de secreto, compromiso que ha sido documentado y est\u00e1 a disposici\u00f3n del RESPONSABLE.<\/p>\n<p>2.6- Los tratamientos a los que el RESPONSABLE acceder\u00e1 como consecuencia de este contrato son todos los necesarios para cumplir con el objeto del mismo. El RESPONSABLE autoriza al RESPONSABLE a ceder los datos objeto de tratamiento que sean necesarios a los terceros referidos en este contrato o expresamente indicados por el RESPONSABLE, para dar cumplimiento a lo establecido en el presente contrato.<\/p>\n<p>En caso de ser proveedor:<\/p>\n<p>Informaci\u00f3n sobre la protecci\u00f3n de datos. El responsable del tratamiento es: <strong>ALPACAS EL CAMINO<\/strong> Los datos personales ser\u00e1n tratados con la finalidad de gestionar los proveedores y los pagos. El criterio establecido para la conservaci\u00f3n de sus datos es la prescripci\u00f3n de acciones.<\/p>\n<p>La base legal del tratamiento es el contrato celebrado, el cumplimiento de obligaciones legales, el inter\u00e9s leg\u00edtimo en el caso de personas de contacto de personas jur\u00eddicas.<\/p>\n<p>Los destinatarios de sus datos son la administraci\u00f3n tributaria y las entidades bancarias, en su caso.<\/p>\n<p>Tiene a su disposici\u00f3n el ejercicio de los derechos de acceso, incluyendo el derecho a obtener una copia de los datos personales objeto de tratamiento, rectificaci\u00f3n, oposici\u00f3n, supresi\u00f3n o borrado, portabilidad y limitaci\u00f3n del tratamiento, dirigi\u00e9ndose por escrito al responsable del tratamiento a la siguiente direcci\u00f3n de correo electr\u00f3nico de atenci\u00f3n al cliente es <a href=\"mailto:info@alpacaselcamino.com\"><strong>info@alpacaselcamino.com<\/strong><\/a>. Tienes derecho a presentar una reclamaci\u00f3n ante la autoridad de control\u00bb.<\/p>\n<p>En caso de ser usuario de las redes sociales de esta entidad:<\/p>\n<p>Informaci\u00f3n sobre la protecci\u00f3n de datos. Los datos de tu perfil y todos los que nos proporciones pasan a formar parte de un tratamiento de datos y ser\u00e1s mantenido como persona interesada en nuestra empresa. Debe saber y cuando se haga amigo o seguidor del perfil o cuenta de la empresa que los datos que tiene abiertos podr\u00e1n ser tratados por nosotros con la finalidad de informar sobre la misma o sobre los servicios que pueda prestar. Tus datos tambi\u00e9n podr\u00e1n ser consultados por otros miembros que se hayan hecho amigos o agregados de esta empresa, siendo t\u00fa quien puede decidir tu grado de privacidad en la red social. El responsable del tratamiento es: <strong>ALPACAS EL CAMINO<\/strong>. La base legal es el consentimiento, que usted asume una vez que ha decidido formar parte de la cuenta, consentimiento que puede revocar en cualquier momento. Sus datos no ser\u00e1n conservados una vez que haya decidido no formar parte de la red, cuenta o perfil de esta entidad.\u00a0<\/p>","protected":false},"excerpt":{"rendered":"<p>  [&#8230;]<\/p>\n","protected":false},"author":1,"featured_media":0,"parent":0,"menu_order":0,"comment_status":"closed","ping_status":"closed","template":"","meta":{"footnotes":""},"class_list":["post-840","page","type-page","status-publish","hentry"],"yoast_head":"<!-- This site is optimized with the Yoast SEO plugin v27.2 - https:\/\/yoast.com\/product\/yoast-seo-wordpress\/ -->\n<title>Pol\u00edtica de Privacidad - Alpacas El Camino<\/title>\n<meta name=\"robots\" content=\"noindex, nofollow\" \/>\n<meta property=\"og:locale\" content=\"en_GB\" \/>\n<meta property=\"og:type\" content=\"article\" \/>\n<meta property=\"og:title\" content=\"Pol\u00edtica de Privacidad - Alpacas El Camino\" \/>\n<meta property=\"og:description\" content=\"[...]\" \/>\n<meta property=\"og:url\" content=\"https:\/\/alpacaselcamino.com\/en\/politica-de-privacidad\/\" \/>\n<meta property=\"og:site_name\" content=\"Alpacas El Camino\" \/>\n<meta property=\"article:modified_time\" content=\"2022-04-18T09:39:10+00:00\" \/>\n<meta name=\"twitter:card\" content=\"summary_large_image\" \/>\n<meta name=\"twitter:label1\" content=\"Estimated reading time\" \/>\n\t<meta name=\"twitter:data1\" content=\"11 minutes\" \/>\n<script type=\"application\/ld+json\" class=\"yoast-schema-graph\">{\"@context\":\"https:\/\/schema.org\",\"@graph\":[{\"@type\":\"WebPage\",\"@id\":\"https:\/\/alpacaselcamino.com\/politica-de-privacidad\/\",\"url\":\"https:\/\/alpacaselcamino.com\/politica-de-privacidad\/\",\"name\":\"Pol\u00edtica de Privacidad - Alpacas El Camino\",\"isPartOf\":{\"@id\":\"https:\/\/alpacaselcamino.com\/#website\"},\"datePublished\":\"2022-04-09T14:33:47+00:00\",\"dateModified\":\"2022-04-18T09:39:10+00:00\",\"breadcrumb\":{\"@id\":\"https:\/\/alpacaselcamino.com\/politica-de-privacidad\/#breadcrumb\"},\"inLanguage\":\"en-GB\",\"potentialAction\":[{\"@type\":\"ReadAction\",\"target\":[\"https:\/\/alpacaselcamino.com\/politica-de-privacidad\/\"]}]},{\"@type\":\"BreadcrumbList\",\"@id\":\"https:\/\/alpacaselcamino.com\/politica-de-privacidad\/#breadcrumb\",\"itemListElement\":[{\"@type\":\"ListItem\",\"position\":1,\"name\":\"Portada\",\"item\":\"https:\/\/alpacaselcamino.com\/\"},{\"@type\":\"ListItem\",\"position\":2,\"name\":\"Pol\u00edtica de Privacidad\"}]},{\"@type\":\"WebSite\",\"@id\":\"https:\/\/alpacaselcamino.com\/#website\",\"url\":\"https:\/\/alpacaselcamino.com\/\",\"name\":\"Alpacas El Camino\",\"description\":\"Ovillos de Alpaca y Cabra Mohair. Tambi\u00e9n huevos camperos y patos.\",\"publisher\":{\"@id\":\"https:\/\/alpacaselcamino.com\/#organization\"},\"potentialAction\":[{\"@type\":\"SearchAction\",\"target\":{\"@type\":\"EntryPoint\",\"urlTemplate\":\"https:\/\/alpacaselcamino.com\/?s={search_term_string}\"},\"query-input\":{\"@type\":\"PropertyValueSpecification\",\"valueRequired\":true,\"valueName\":\"search_term_string\"}}],\"inLanguage\":\"en-GB\"},{\"@type\":\"Organization\",\"@id\":\"https:\/\/alpacaselcamino.com\/#organization\",\"name\":\"Alpacas El Camino\",\"url\":\"https:\/\/alpacaselcamino.com\/\",\"logo\":{\"@type\":\"ImageObject\",\"inLanguage\":\"en-GB\",\"@id\":\"https:\/\/alpacaselcamino.com\/#\/schema\/logo\/image\/\",\"url\":\"https:\/\/alpacaselcamino.com\/wp-content\/uploads\/2022\/03\/Alpacas-El-Camino-2022-Logo.svg\",\"contentUrl\":\"https:\/\/alpacaselcamino.com\/wp-content\/uploads\/2022\/03\/Alpacas-El-Camino-2022-Logo.svg\",\"width\":290,\"height\":340,\"caption\":\"Alpacas El Camino\"},\"image\":{\"@id\":\"https:\/\/alpacaselcamino.com\/#\/schema\/logo\/image\/\"}}]}<\/script>\n<!-- \/ Yoast SEO plugin. -->","yoast_head_json":{"title":"Pol\u00edtica de Privacidad - Alpacas El Camino","robots":{"index":"noindex","follow":"nofollow"},"og_locale":"en_GB","og_type":"article","og_title":"Pol\u00edtica de Privacidad - Alpacas El Camino","og_description":"[...]","og_url":"https:\/\/alpacaselcamino.com\/en\/politica-de-privacidad\/","og_site_name":"Alpacas El Camino","article_modified_time":"2022-04-18T09:39:10+00:00","twitter_card":"summary_large_image","twitter_misc":{"Estimated reading time":"11 minutes"},"schema":{"@context":"https:\/\/schema.org","@graph":[{"@type":"WebPage","@id":"https:\/\/alpacaselcamino.com\/politica-de-privacidad\/","url":"https:\/\/alpacaselcamino.com\/politica-de-privacidad\/","name":"Pol\u00edtica de Privacidad - Alpacas El Camino","isPartOf":{"@id":"https:\/\/alpacaselcamino.com\/#website"},"datePublished":"2022-04-09T14:33:47+00:00","dateModified":"2022-04-18T09:39:10+00:00","breadcrumb":{"@id":"https:\/\/alpacaselcamino.com\/politica-de-privacidad\/#breadcrumb"},"inLanguage":"en-GB","potentialAction":[{"@type":"ReadAction","target":["https:\/\/alpacaselcamino.com\/politica-de-privacidad\/"]}]},{"@type":"BreadcrumbList","@id":"https:\/\/alpacaselcamino.com\/politica-de-privacidad\/#breadcrumb","itemListElement":[{"@type":"ListItem","position":1,"name":"Portada","item":"https:\/\/alpacaselcamino.com\/"},{"@type":"ListItem","position":2,"name":"Pol\u00edtica de Privacidad"}]},{"@type":"WebSite","@id":"https:\/\/alpacaselcamino.com\/#website","url":"https:\/\/alpacaselcamino.com\/","name":"Alpacas El Camino","description":"Ovillos de Alpaca y Cabra Mohair. Tambi\u00e9n huevos camperos y patos.","publisher":{"@id":"https:\/\/alpacaselcamino.com\/#organization"},"potentialAction":[{"@type":"SearchAction","target":{"@type":"EntryPoint","urlTemplate":"https:\/\/alpacaselcamino.com\/?s={search_term_string}"},"query-input":{"@type":"PropertyValueSpecification","valueRequired":true,"valueName":"search_term_string"}}],"inLanguage":"en-GB"},{"@type":"Organization","@id":"https:\/\/alpacaselcamino.com\/#organization","name":"Alpacas El Camino","url":"https:\/\/alpacaselcamino.com\/","logo":{"@type":"ImageObject","inLanguage":"en-GB","@id":"https:\/\/alpacaselcamino.com\/#\/schema\/logo\/image\/","url":"https:\/\/alpacaselcamino.com\/wp-content\/uploads\/2022\/03\/Alpacas-El-Camino-2022-Logo.svg","contentUrl":"https:\/\/alpacaselcamino.com\/wp-content\/uploads\/2022\/03\/Alpacas-El-Camino-2022-Logo.svg","width":290,"height":340,"caption":"Alpacas El Camino"},"image":{"@id":"https:\/\/alpacaselcamino.com\/#\/schema\/logo\/image\/"}}]}},"_links":{"self":[{"href":"https:\/\/alpacaselcamino.com\/en\/wp-json\/wp\/v2\/pages\/840","targetHints":{"allow":["GET"]}}],"collection":[{"href":"https:\/\/alpacaselcamino.com\/en\/wp-json\/wp\/v2\/pages"}],"about":[{"href":"https:\/\/alpacaselcamino.com\/en\/wp-json\/wp\/v2\/types\/page"}],"author":[{"embeddable":true,"href":"https:\/\/alpacaselcamino.com\/en\/wp-json\/wp\/v2\/users\/1"}],"replies":[{"embeddable":true,"href":"https:\/\/alpacaselcamino.com\/en\/wp-json\/wp\/v2\/comments?post=840"}],"version-history":[{"count":8,"href":"https:\/\/alpacaselcamino.com\/en\/wp-json\/wp\/v2\/pages\/840\/revisions"}],"predecessor-version":[{"id":1065,"href":"https:\/\/alpacaselcamino.com\/en\/wp-json\/wp\/v2\/pages\/840\/revisions\/1065"}],"wp:attachment":[{"href":"https:\/\/alpacaselcamino.com\/en\/wp-json\/wp\/v2\/media?parent=840"}],"curies":[{"name":"wp","href":"https:\/\/api.w.org\/{rel}","templated":true}]}}