{"id":835,"date":"2022-04-09T14:27:15","date_gmt":"2022-04-09T14:27:15","guid":{"rendered":"https:\/\/2022.alpacaselcamino.com\/?page_id=835"},"modified":"2022-04-16T08:52:11","modified_gmt":"2022-04-16T08:52:11","slug":"politica-de-devoluciones","status":"publish","type":"page","link":"https:\/\/alpacaselcamino.com\/en\/politica-de-devoluciones\/","title":{"rendered":"Returno policy"},"content":{"rendered":"<style>\/*! elementor - v3.5.6 - 28-02-2022 *\/<br \/>\n.elementor-heading-title{padding:0;margin:0;line-height:1}.elementor-widget-heading .elementor-heading-title[class*=elementor-size-]>a{color:inherit;font-size:inherit;line-height:inherit}.elementor-widget-heading .elementor-heading-title.elementor-size-small{font-size:15px}.elementor-widget-heading .elementor-heading-title.elementor-size-medium{font-size:19px}.elementor-widget-heading .elementor-heading-title.elementor-size-large{font-size:29px}.elementor-widget-heading .elementor-heading-title.elementor-size-xl{font-size:39px}.elementor-widget-heading .elementor-heading-title.elementor-size-xxl{font-size:59px}<\/style>\n<h2>Pol\u00edtica de Devoluciones<\/h2>\n<h3><strong>Env\u00edo<\/strong><\/h3>\n<p><strong>\u2013 \u00bfCu\u00e1nto tiempo tardar\u00e1 en llegar mi pedido?<\/strong><\/p>\n<p>El plazo de entrega de los pedidos es de 24-72 horas laborables desde que se realiza el pedido.<\/p>\n<p><strong>\u2013 \u00bfCu\u00e1les son los gastos de env\u00edo?<\/strong><\/p>\n<p>El env\u00edo cuesta 7 euros y s\u00f3lo se realizan dentro de la pen\u00ednsula.<\/p>\n<p><strong>\u2013 \u00bfQu\u00e9 hago si mi pedido no llega?<\/strong><\/p>\n<p>Si transcurridas 72 horas desde la confirmaci\u00f3n de su pedido no lo ha recibido, p\u00f3ngase en contacto con nosotros a trav\u00e9s del correo electr\u00f3nico <strong><a style=\"color: #000000; text-decoration: underline;\" href=\"mailto:info@alpacaselcamino.com\">info@alpacaselcamino.com<\/a><\/strong><\/p>\n<h3><strong>Reembolsos<\/strong><\/h3>\n<p><strong>\u2013 \u00bfC\u00f3mo puedo hacer un reembolso?<\/strong><\/p>\n<p>Si no est\u00e1 satisfecho con uno de nuestros productos, puede hacerlo rellenando el <strong><a style=\"color: #000000; text-decoration: underline;\" href=\"\/contacto\">formulario de contacto<\/a><\/strong> o envi\u00e1ndonos un email a <strong><a style=\"color: #000000; text-decoration: underline;\" href=\"mailto:info@alpacaselcamino.com\">info@alpacaselcamino.com<\/a><\/strong>. Si desea devolver o cambiar un producto dentro de los 30 d\u00edas naturales a partir de la fecha de recepci\u00f3n.<\/p>\n<p>Es posible que el producto adquirido no haya cumplido con sus expectativas. No te preocupes, puedes ejercer tu derecho de desistimiento en un plazo de 30 d\u00edas naturales desde la recepci\u00f3n del pedido. El importe correspondiente al producto(s) devuelto(s) ser\u00e1 reembolsado en un plazo aproximado de 48 horas.<\/p>\n<h3>Cancelaci\u00f3n<\/h3>\n<p>Si no est\u00e1 seguro de su compra puede cancelar su pedido sin problemas, siempre y cuando no haya sido enviado (en este caso se podr\u00eda ejercer el derecho de desistimiento). Puedes hacerlo enviando un correo electr\u00f3nico a <strong><a href=\"mailto:info@alpacaselcamino.com\">info@alpacaselcamino.com<\/a><\/strong>. El abono del importe pagado se realizar\u00e1 a trav\u00e9s del mismo m\u00e9todo que utilizaste al realizar el pago.<\/p>\n<p>En el caso de anular o no aceptar un pedido confirmado sobre productos expresamente adquiridos para el cliente,&nbsp;<strong>ALPACAS EL CAMINO<\/strong>, podr\u00e1 exigir el pago de una indemnizaci\u00f3n m\u00ednima del 50% del precio de compra-venta, en concepto de indemnizaci\u00f3n por da\u00f1os y perjuicios, as\u00ed como todos los gastos de almacenamiento.<\/p>\n<h3><strong>Pago<\/strong><\/h3>\n<p><strong>-\u00bfC\u00f3mo se realiza el pago?<\/strong><\/p>\n<p>El pago se realizar\u00e1 mediante PayPal, el cual pone a tu disposici\u00f3n la opci\u00f3n de pagar directamente con una cuenta de PayPal o utilizando las tarjetas de cr\u00e9dito aceptadas.<\/p>\n","protected":false},"excerpt":{"rendered":"<p>  [&#8230;]<\/p>\n","protected":false},"author":1,"featured_media":0,"parent":0,"menu_order":0,"comment_status":"closed","ping_status":"closed","template":"","meta":{"footnotes":""},"class_list":["post-835","page","type-page","status-publish","hentry"],"yoast_head":"<!-- This site is optimized with the Yoast SEO plugin v27.2 - https:\/\/yoast.com\/product\/yoast-seo-wordpress\/ -->\n<title>Pol\u00edtica de Devoluciones - Alpacas El Camino<\/title>\n<meta name=\"robots\" content=\"noindex, nofollow\" \/>\n<meta property=\"og:locale\" content=\"en_GB\" \/>\n<meta property=\"og:type\" content=\"article\" \/>\n<meta property=\"og:title\" content=\"Pol\u00edtica de Devoluciones - Alpacas El Camino\" \/>\n<meta property=\"og:description\" content=\"[...]\" \/>\n<meta property=\"og:url\" content=\"https:\/\/alpacaselcamino.com\/en\/politica-de-devoluciones\/\" \/>\n<meta property=\"og:site_name\" content=\"Alpacas El Camino\" \/>\n<meta property=\"article:modified_time\" content=\"2022-04-16T08:52:11+00:00\" \/>\n<meta name=\"twitter:card\" content=\"summary_large_image\" \/>\n<meta name=\"twitter:label1\" content=\"Estimated reading time\" \/>\n\t<meta name=\"twitter:data1\" content=\"2 minutes\" \/>\n<script type=\"application\/ld+json\" class=\"yoast-schema-graph\">{\"@context\":\"https:\/\/schema.org\",\"@graph\":[{\"@type\":\"WebPage\",\"@id\":\"https:\/\/alpacaselcamino.com\/politica-de-devoluciones\/\",\"url\":\"https:\/\/alpacaselcamino.com\/politica-de-devoluciones\/\",\"name\":\"Pol\u00edtica de Devoluciones - Alpacas El Camino\",\"isPartOf\":{\"@id\":\"https:\/\/alpacaselcamino.com\/#website\"},\"datePublished\":\"2022-04-09T14:27:15+00:00\",\"dateModified\":\"2022-04-16T08:52:11+00:00\",\"breadcrumb\":{\"@id\":\"https:\/\/alpacaselcamino.com\/politica-de-devoluciones\/#breadcrumb\"},\"inLanguage\":\"en-GB\",\"potentialAction\":[{\"@type\":\"ReadAction\",\"target\":[\"https:\/\/alpacaselcamino.com\/politica-de-devoluciones\/\"]}]},{\"@type\":\"BreadcrumbList\",\"@id\":\"https:\/\/alpacaselcamino.com\/politica-de-devoluciones\/#breadcrumb\",\"itemListElement\":[{\"@type\":\"ListItem\",\"position\":1,\"name\":\"Portada\",\"item\":\"https:\/\/alpacaselcamino.com\/\"},{\"@type\":\"ListItem\",\"position\":2,\"name\":\"Pol\u00edtica de Devoluciones\"}]},{\"@type\":\"WebSite\",\"@id\":\"https:\/\/alpacaselcamino.com\/#website\",\"url\":\"https:\/\/alpacaselcamino.com\/\",\"name\":\"Alpacas El Camino\",\"description\":\"Ovillos de Alpaca y Cabra Mohair. Tambi\u00e9n huevos camperos y patos.\",\"publisher\":{\"@id\":\"https:\/\/alpacaselcamino.com\/#organization\"},\"potentialAction\":[{\"@type\":\"SearchAction\",\"target\":{\"@type\":\"EntryPoint\",\"urlTemplate\":\"https:\/\/alpacaselcamino.com\/?s={search_term_string}\"},\"query-input\":{\"@type\":\"PropertyValueSpecification\",\"valueRequired\":true,\"valueName\":\"search_term_string\"}}],\"inLanguage\":\"en-GB\"},{\"@type\":\"Organization\",\"@id\":\"https:\/\/alpacaselcamino.com\/#organization\",\"name\":\"Alpacas El Camino\",\"url\":\"https:\/\/alpacaselcamino.com\/\",\"logo\":{\"@type\":\"ImageObject\",\"inLanguage\":\"en-GB\",\"@id\":\"https:\/\/alpacaselcamino.com\/#\/schema\/logo\/image\/\",\"url\":\"https:\/\/alpacaselcamino.com\/wp-content\/uploads\/2022\/03\/Alpacas-El-Camino-2022-Logo.svg\",\"contentUrl\":\"https:\/\/alpacaselcamino.com\/wp-content\/uploads\/2022\/03\/Alpacas-El-Camino-2022-Logo.svg\",\"width\":290,\"height\":340,\"caption\":\"Alpacas El Camino\"},\"image\":{\"@id\":\"https:\/\/alpacaselcamino.com\/#\/schema\/logo\/image\/\"}}]}<\/script>\n<!-- \/ Yoast SEO plugin. -->","yoast_head_json":{"title":"Pol\u00edtica de Devoluciones - Alpacas El Camino","robots":{"index":"noindex","follow":"nofollow"},"og_locale":"en_GB","og_type":"article","og_title":"Pol\u00edtica de Devoluciones - Alpacas El Camino","og_description":"[...]","og_url":"https:\/\/alpacaselcamino.com\/en\/politica-de-devoluciones\/","og_site_name":"Alpacas El Camino","article_modified_time":"2022-04-16T08:52:11+00:00","twitter_card":"summary_large_image","twitter_misc":{"Estimated reading time":"2 minutes"},"schema":{"@context":"https:\/\/schema.org","@graph":[{"@type":"WebPage","@id":"https:\/\/alpacaselcamino.com\/politica-de-devoluciones\/","url":"https:\/\/alpacaselcamino.com\/politica-de-devoluciones\/","name":"Pol\u00edtica de Devoluciones - Alpacas El Camino","isPartOf":{"@id":"https:\/\/alpacaselcamino.com\/#website"},"datePublished":"2022-04-09T14:27:15+00:00","dateModified":"2022-04-16T08:52:11+00:00","breadcrumb":{"@id":"https:\/\/alpacaselcamino.com\/politica-de-devoluciones\/#breadcrumb"},"inLanguage":"en-GB","potentialAction":[{"@type":"ReadAction","target":["https:\/\/alpacaselcamino.com\/politica-de-devoluciones\/"]}]},{"@type":"BreadcrumbList","@id":"https:\/\/alpacaselcamino.com\/politica-de-devoluciones\/#breadcrumb","itemListElement":[{"@type":"ListItem","position":1,"name":"Portada","item":"https:\/\/alpacaselcamino.com\/"},{"@type":"ListItem","position":2,"name":"Pol\u00edtica de Devoluciones"}]},{"@type":"WebSite","@id":"https:\/\/alpacaselcamino.com\/#website","url":"https:\/\/alpacaselcamino.com\/","name":"Alpacas El Camino","description":"Ovillos de Alpaca y Cabra Mohair. Tambi\u00e9n huevos camperos y patos.","publisher":{"@id":"https:\/\/alpacaselcamino.com\/#organization"},"potentialAction":[{"@type":"SearchAction","target":{"@type":"EntryPoint","urlTemplate":"https:\/\/alpacaselcamino.com\/?s={search_term_string}"},"query-input":{"@type":"PropertyValueSpecification","valueRequired":true,"valueName":"search_term_string"}}],"inLanguage":"en-GB"},{"@type":"Organization","@id":"https:\/\/alpacaselcamino.com\/#organization","name":"Alpacas El Camino","url":"https:\/\/alpacaselcamino.com\/","logo":{"@type":"ImageObject","inLanguage":"en-GB","@id":"https:\/\/alpacaselcamino.com\/#\/schema\/logo\/image\/","url":"https:\/\/alpacaselcamino.com\/wp-content\/uploads\/2022\/03\/Alpacas-El-Camino-2022-Logo.svg","contentUrl":"https:\/\/alpacaselcamino.com\/wp-content\/uploads\/2022\/03\/Alpacas-El-Camino-2022-Logo.svg","width":290,"height":340,"caption":"Alpacas El Camino"},"image":{"@id":"https:\/\/alpacaselcamino.com\/#\/schema\/logo\/image\/"}}]}},"_links":{"self":[{"href":"https:\/\/alpacaselcamino.com\/en\/wp-json\/wp\/v2\/pages\/835","targetHints":{"allow":["GET"]}}],"collection":[{"href":"https:\/\/alpacaselcamino.com\/en\/wp-json\/wp\/v2\/pages"}],"about":[{"href":"https:\/\/alpacaselcamino.com\/en\/wp-json\/wp\/v2\/types\/page"}],"author":[{"embeddable":true,"href":"https:\/\/alpacaselcamino.com\/en\/wp-json\/wp\/v2\/users\/1"}],"replies":[{"embeddable":true,"href":"https:\/\/alpacaselcamino.com\/en\/wp-json\/wp\/v2\/comments?post=835"}],"version-history":[{"count":5,"href":"https:\/\/alpacaselcamino.com\/en\/wp-json\/wp\/v2\/pages\/835\/revisions"}],"predecessor-version":[{"id":896,"href":"https:\/\/alpacaselcamino.com\/en\/wp-json\/wp\/v2\/pages\/835\/revisions\/896"}],"wp:attachment":[{"href":"https:\/\/alpacaselcamino.com\/en\/wp-json\/wp\/v2\/media?parent=835"}],"curies":[{"name":"wp","href":"https:\/\/api.w.org\/{rel}","templated":true}]}}