{"id":827,"date":"2022-04-09T14:20:45","date_gmt":"2022-04-09T14:20:45","guid":{"rendered":"https:\/\/2022.alpacaselcamino.com\/?page_id=827"},"modified":"2025-09-30T12:03:50","modified_gmt":"2025-09-30T12:03:50","slug":"terminos-y-condiciones","status":"publish","type":"page","link":"https:\/\/alpacaselcamino.com\/en\/terminos-y-condiciones\/","title":{"rendered":"Terms and conditions"},"content":{"rendered":"<div class=\"fusion-fullwidth fullwidth-box fusion-builder-row-1 fusion-flex-container has-pattern-background has-mask-background nonhundred-percent-fullwidth non-hundred-percent-height-scrolling\" style=\"--awb-border-radius-top-left:0px;--awb-border-radius-top-right:0px;--awb-border-radius-bottom-right:0px;--awb-border-radius-bottom-left:0px;--awb-flex-wrap:wrap;\" ><div class=\"fusion-builder-row fusion-row fusion-flex-align-items-flex-start fusion-flex-content-wrap\" style=\"max-width:1144px;margin-left: calc(-4% \/ 2 );margin-right: calc(-4% \/ 2 );\"><div class=\"fusion-layout-column fusion_builder_column fusion-builder-column-0 fusion_builder_column_1_1 1_1 fusion-flex-column\" style=\"--awb-bg-size:cover;--awb-width-large:100%;--awb-margin-top-large:18.5%;--awb-spacing-right-large:1.92%;--awb-margin-bottom-large:0px;--awb-spacing-left-large:1.92%;--awb-width-medium:100%;--awb-spacing-right-medium:1.92%;--awb-spacing-left-medium:1.92%;--awb-width-small:100%;--awb-spacing-right-small:1.92%;--awb-spacing-left-small:1.92%;\"><div class=\"fusion-column-wrapper fusion-flex-justify-content-flex-start fusion-content-layout-column\"><div class=\"fusion-text fusion-text-1\"><h2>Terms and conditions<\/h2>\n<h3><strong>Identidad del propietario del sitio web<\/strong><\/h3>\n<p>El presente aviso e informaci\u00f3n legal regula el uso del servicio web de Internet bajo el siguiente nombre de dominio:&nbsp;<strong>https:\/\/alpacaselcamino.com<\/strong><\/p>\n<p>La Web es propiedad de Arsenio Diego Fern\u00e1ndez con DNI 21140946J<strong>,<\/strong>&nbsp;quien se reserva la facultad de efectuar, en cualquier momento y sin previo aviso, modificaciones de la informaci\u00f3n contenida en su Web o en su configuraci\u00f3n y presentaci\u00f3n. El propietario posee todos los derechos de autor sobre todos los contenidos de la Web, ya sea por derecho propio o por cesiones o acuerdos con terceros.<\/p>\n<p>Al acceder a esta web, incluyendo todas sus p\u00e1ginas, se acepta que&nbsp;<strong>ALPACAS EL CAMINO<\/strong>&nbsp;no ser\u00e1 responsable de ninguna consecuencia, da\u00f1o o perjuicio que pudieran derivarse de dicho acceso o uso de la informaci\u00f3n de dicha web o del acceso a otras materias en Internet a trav\u00e9s de las conexiones con esta web. Tampoco ser\u00e1 responsable, y el usuario lo acepta, de los errores o problemas inform\u00e1ticos causados por virus, gusanos, software malicioso u otros ataques de ingenier\u00eda social (phishing, pharming, troyanos, etc.) que terceros puedan haber localizado maliciosamente en nuestros servidores, durante el margen de tiempo que transcurra hasta que se apliquen las medidas de protecci\u00f3n reactivas de que dispone esta entidad. Si el usuario advierte errores en el funcionamiento o comportamientos extra\u00f1os del sitio, puede enviar un correo electr\u00f3nico a la direcci\u00f3n indicada anteriormente. Se proh\u00edbe el acceso a los contenidos de este sitio web mediante sistemas mecanizados distintos a los de las personas f\u00edsicas, ya que pueden causar un perjuicio al titular del sitio web al no poder medir objetivamente las audiencias.<\/p>\n<h3><strong>Condiciones de uso de la Web:<\/strong><\/h3>\n<p>Los contenidos e informaci\u00f3n facilitados a trav\u00e9s de&nbsp;<strong>https:\/\/alpacaselcamino.com<\/strong>&nbsp;cumplen con la legislaci\u00f3n vigente y son propiedad de&nbsp;<strong>ALPACAS EL CAMINO<\/strong>&nbsp;o adquiridos o explotados con t\u00edtulos leg\u00edtimos.<\/p>\n<p>El titular de la Web puede ofrecer a trav\u00e9s de la misma, servicios o productos que podr\u00e1n encontrarse sometidos a unas condiciones propias que, seg\u00fan los casos, sustituyen, completan y\/o modifican las presentes Condiciones, y sobre las cuales se informar\u00e1 al Usuario en cada caso concreto.<\/p>\n<p>La utilizaci\u00f3n de la Web atribuye la condici\u00f3n de usuario de la misma e implica la aceptaci\u00f3n plena y sin reservas de todas y cada una de las disposiciones incluidas en este Aviso Legal en la versi\u00f3n publicada por <strong>ALPACAS EL CAMINO.<\/strong><\/p>\n<p>. en el momento en que el Usuario acceda a la Web. En consecuencia, el Usuario debe leer atentamente el presente Aviso Legal en cada una de las ocasiones en que se proponga utilizar la Web, ya que puede sufrir modificaciones.<\/p>\n<p>El Usuario se compromete a utilizar la Web, los contenidos y servicios de conformidad con la Ley, el presente Aviso Legal, la pol\u00edtica de privacidad, las buenas costumbres y el orden p\u00fablico. Del mismo modo, el Usuario se compromete a no utilizar la Web, ni los servicios que se prestan a trav\u00e9s de ella con fines o efectos il\u00edcitos o contrarios al contenido del presente Aviso Legal, lesivos de los intereses o derechos de terceros, o que de cualquier forma puedan da\u00f1ar, inutilizar o deteriorar la Web o sus servicios, o impedir el normal disfrute de la Web por otros Usuarios.<\/p>\n<p>Asimismo, el Usuario se compromete expresamente a no destruir, alterar, inutilizar o, de cualquier otra forma, da\u00f1ar los datos, programas o documentos electr\u00f3nicos y dem\u00e1s que se encuentren en esta Web.<\/p>\n<p>El Usuario se compromete a no introducir programas, virus, macros, controles o cualquier otro dispositivo l\u00f3gico o secuencia de caracteres que causen o sean susceptibles de causar cualquier tipo de alteraci\u00f3n en los sistemas inform\u00e1ticos del titular del Sitio Web o de terceros.<\/p>\n<p>El Usuario acepta y declara conocer el presente Aviso Legal y Pol\u00edtica de Privacidad. En caso contrario, el usuario deber\u00e1 abandonar el Sitio Web en este momento.<\/p>\n<p>La actividad no est\u00e1 sujeta a ning\u00fan r\u00e9gimen de autorizaci\u00f3n administrativa previa, ni adherida a c\u00f3digos de conducta, salvo la buena fe, la costumbre y el C\u00f3digo Civil. El titular no presta servicios de intermediaci\u00f3n o alojamiento.<\/p>\n<h3><strong>Publicidad<\/strong><\/h3>\n<p>El Sitio Web puede albergar contenidos publicitarios o estar patrocinado. Los anunciantes y patrocinadores son los \u00fanicos responsables de que el material remitido para su inclusi\u00f3n en la Web cumpla con las leyes y consentimientos que puedan ser de aplicaci\u00f3n en cada caso. El titular de la Web no ser\u00e1 responsable de cualquier error, inexactitud o irregularidad que puedan contener los contenidos publicitarios o de patrocinio. Tampoco ser\u00e1 responsable de los da\u00f1os a la sensibilidad que el material publicitario o de otro tipo pueda causar a los usuarios o visitantes de la Web. Para informaci\u00f3n sobre los menores, consulte la Pol\u00edtica de Privacidad.<\/p>\n<h3><strong>Propiedad intelectual e industrial<\/strong><\/h3>\n<p>Todos los contenidos de la Web, salvo que se indique lo contrario, son propiedad exclusiva del titular de la Web o de terceros y, con car\u00e1cter enunciativo, que no limitativo, el dise\u00f1o gr\u00e1fico, c\u00f3digo fuente, logos, textos, gr\u00e1ficos, ilustraciones, fotograf\u00edas, y dem\u00e1s elementos que aparecen en la Web.<\/p>\n<p>Igualmente, todos los nombres comerciales, marcas o signos distintivos de cualquier clase contenidos en la Web est\u00e1n protegidos por ley.<\/p>\n<p>El titular de la Web no concede ning\u00fan tipo de licencia o autorizaci\u00f3n de uso personal al Usuario o visitante sobre sus derechos de propiedad intelectual e industrial o sobre cualquier otro derecho relacionado con su Web y los servicios ofrecidos en la misma.<\/p>\n<p>Todos los derechos est\u00e1n reservados. El Usuario o visitante reconoce que la reproducci\u00f3n, distribuci\u00f3n, comercializaci\u00f3n, transformaci\u00f3n y, en general, cualquier otra forma de explotaci\u00f3n, por cualquier procedimiento, de todo o parte de los contenidos de esta Web constituye una infracci\u00f3n de los derechos de propiedad intelectual y\/o industrial del titular de la Web o del propietario de la misma, y un delito del C\u00f3digo Penal, y est\u00e1 prohibida.<\/p>\n<h3><strong>Responsabilidad por el uso del Sitio Web<\/strong><\/h3>\n<p>El Usuario es el \u00fanico responsable de las infracciones en que pueda incurrir o de los perjuicios que pueda causar por la utilizaci\u00f3n de la Web o de sus contenidos, quedando el titular de la Web, sus socios, proveedores, colaboradores, empleados y representantes, exentos de cualquier clase de responsabilidad que pudiera derivarse de las acciones del Usuario.<\/p>\n<p>El titular de la Web emplear\u00e1 todos los esfuerzos y medios razonables para facilitar informaci\u00f3n actualizada y fehaciente en la Web; no obstante, el titular de la Web no asume ninguna garant\u00eda en relaci\u00f3n con la ausencia de errores, o de posibles inexactitudes y\/u omisiones en ninguno de los contenidos accesibles a trav\u00e9s de esta Web.<\/p>\n<p>El Usuario es el \u00fanico responsable frente a cualquier reclamaci\u00f3n o acci\u00f3n legal, judicial o extrajudicial, iniciada por terceras personas contra el titular de la Web basada en la utilizaci\u00f3n por el Usuario de la Web o sus contenidos. En su caso, el Usuario asumir\u00e1 cuantos gastos, costes e indemnizaciones sean irrogados al titular de la Web con motivo de tales reclamaciones o acciones legales.<\/p>\n<h3><strong>Responsabilidad por el funcionamiento de la Web<\/strong><\/h3>\n<p>El titular de la Web excluye toda responsabilidad que pudiera derivarse de interferencias, omisiones, interrupciones, virus inform\u00e1ticos, aver\u00edas telef\u00f3nicas o desconexiones en el funcionamiento operativo del sistema electr\u00f3nico, motivadas por causas ajenas al titular de la Web.<\/p>\n<p>Asimismo, el titular de la Web tambi\u00e9n excluye cualquier responsabilidad que pudiera derivarse por retrasos o bloqueos en el funcionamiento operativo de este sistema electr\u00f3nico causado por deficiencias o sobrecarga en las l\u00edneas telef\u00f3nicas o en Internet, as\u00ed como de da\u00f1os causados por terceras personas mediante intromisiones ileg\u00edtimas fuera del control del titular de la Web.<\/p>\n<p>El titular de la Web est\u00e1 facultado para suspender temporalmente, y sin previo aviso, la accesibilidad a la Web con motivo de operaciones de mantenimiento, reparaci\u00f3n, actualizaci\u00f3n o mejora.<\/p>\n<h3><strong>Responsabilidad de los enlaces o links<\/strong><\/h3>\n<p>El titular de la Web queda exento de cualquier responsabilidad respecto a la informaci\u00f3n que se halle fuera de la misma, ya que la funci\u00f3n de los links que aparecen es \u00fanicamente la de informar al Usuario sobre la existencia de otras fuentes de informaci\u00f3n sobre un tema o publicidad concretos.<\/p>\n<h3><strong>Pol\u00edtica de datos personales obtenidos a trav\u00e9s de la Web<\/strong><\/h3>\n<p>Sin perjuicio de lo dispuesto en lo indicado en cada uno de los formularios de la Web, cuando el Usuario facilita sus datos personales, est\u00e1 autorizando expresamente al titular de la Web al tratamiento de sus datos personales para las finalidades indicadas en el mismo. El titular de la Web tratar\u00e1 los datos con las finalidades que hayan sido previamente informadas de forma clara y transparente, con una base legal debidamente identificada e informada, y operar\u00e1 con ellos, adoptando las medidas de seguridad t\u00e9cnicas y organizativas adecuadas a los riesgos previamente identificados, cumpliendo con El Reglamento (UE) 2016\/679, general de protecci\u00f3n de datos.<\/p>\n<p>El Usuario o su representante podr\u00e1n ejercer sus derechos de acceso, incluyendo el derecho a obtener una copia de los datos personales objeto de tratamiento, rectificaci\u00f3n, oposici\u00f3n, cancelaci\u00f3n o supresi\u00f3n, en su caso, portabilidad y limitaci\u00f3n del tratamiento que le asisten, mediante solicitud escrita y firmada dirigida a la direcci\u00f3n indicada en el apartado \u201cPol\u00edtica de Privacidad\u201d de esta web.<\/p>\n<p>Asimismo, se le informa de que los datos de IP (Internet Protocol) del abonado desde el que se conecta a nuestra p\u00e1gina se conservar\u00e1n durante los plazos establecidos en la legislaci\u00f3n vigente, transcurridos los cuales se eliminar\u00e1n autom\u00e1ticamente, a efectos de seguridad y colaboraci\u00f3n. con la Justicia.<\/p>\n<h3><strong>Modificaciones de las condiciones de uso<\/strong><\/h3>\n<p>El titular de la web se reserva el derecho a modificar, desarrollar o actualizar en cualquier momento y sin previo aviso, las condiciones de uso de esta web. El Usuario quedar\u00e1 autom\u00e1ticamente vinculado por las condiciones de uso que se encuentren vigentes en el momento en que acceda a la Web, por lo que deber\u00e1 leer&nbsp;peri\u00f3dicamente las presentes condiciones de uso.<\/p>\n<h2 data-start=\"199\" data-end=\"243\">T\u00e9rminos y condiciones para las visitas guiadas a la granja<\/h2>\n<ol data-start=\"245\" data-end=\"1957\">\n<li data-start=\"245\" data-end=\"455\">\n<p data-start=\"248\" data-end=\"275\"><strong data-start=\"248\" data-end=\"273\">Reserva y pago previo<\/strong><\/p>\n<p>Para visitar la granja es necesario realizar una reserva online y efectuar un pago previo de <strong data-start=\"374\" data-end=\"394\">15 \u20ac por persona<\/strong>.<br \/>Sin el pago confirmado, la reserva no ser\u00e1 v\u00e1lida.<\/li>\n<li data-start=\"457\" data-end=\"678\">\n<p data-start=\"460\" data-end=\"486\"><strong data-start=\"460\" data-end=\"484\">Horarios disponibles<\/strong><\/p>\n<p>Las visitas se realizan exclusivamente a las <strong data-start=\"537\" data-end=\"548\">12:00 h<\/strong> y a las <strong data-start=\"557\" data-end=\"568\">16:00 h<\/strong>.<br \/>Rogamos puntualidad. En caso de retraso, la visita no podr\u00e1 alargarse y podr\u00eda darse por cancelada.<\/li>\n<li data-start=\"680\" data-end=\"923\">\n<p data-start=\"683\" data-end=\"712\"><strong data-start=\"683\" data-end=\"710\">Cancelaciones y cambios<\/strong><\/p>\n<p>Las cancelaciones con <strong data-start=\"740\" data-end=\"775\">al menos 48 horas de antelaci\u00f3n<\/strong> podr\u00e1n reagendarse sin coste.<br \/>Si la cancelaci\u00f3n se realiza con menos de 48 horas o el cliente no se presenta, el pago no ser\u00e1 reembolsado.<\/li>\n<li data-start=\"925\" data-end=\"1171\">\n<p data-start=\"928\" data-end=\"971\"><strong data-start=\"928\" data-end=\"969\">Modificaciones por parte de la granja<\/strong><\/p>\n<p>En caso de condiciones meteorol\u00f3gicas adversas u otras causas de fuerza mayor, la granja podr\u00e1 reprogramar la visita. En tal caso, se ofrecer\u00e1 una nueva fecha o la devoluci\u00f3n \u00edntegra del pago.<\/li>\n<li data-start=\"1173\" data-end=\"1632\">\n<p data-start=\"1176\" data-end=\"1217\"><strong data-start=\"1176\" data-end=\"1215\">Respeto a los animales y al entorno<\/strong><\/p>\n<p>La granja es un espacio de convivencia con animales, que deben ser tratados con respeto en todo momento.<br \/>Est\u00e1 prohibido gritar, golpear vallas, dar comida no autorizada o molestar a los animales de cualquier forma.<br \/>Se ruega seguir siempre las indicaciones del personal de la granja.<br \/>No se permitir\u00e1 el acceso a quienes no cumplan estas normas de comportamiento, sin derecho a reembolso.<\/li>\n<li data-start=\"1634\" data-end=\"1834\">\n<p data-start=\"1637\" data-end=\"1662\"><strong data-start=\"1637\" data-end=\"1660\">Protecci\u00f3n de datos<\/strong><\/p>\n<p>Los datos personales facilitados se utilizar\u00e1n \u00fanicamente para la gesti\u00f3n de la reserva y la facturaci\u00f3n, cumpliendo con la normativa de protecci\u00f3n de datos (RGPD).<\/li>\n<li data-start=\"1836\" data-end=\"1957\">\n<p data-start=\"1839\" data-end=\"1855\"><strong data-start=\"1839\" data-end=\"1853\">Aceptaci\u00f3n<\/strong><\/p>\n<p>Al realizar el pago y la reserva, el cliente acepta expresamente estos t\u00e9rminos y condiciones.<\/li>\n<\/ol>\n<hr data-start=\"1959\" data-end=\"1962\">\n<h3><strong>Resoluci\u00f3n de conflictos y jurisdicci\u00f3n competente<\/strong><\/h3>\n<p>Todas las controversias que puedan surgir en relaci\u00f3n con la aplicaci\u00f3n de este aviso legal, se dirimir\u00e1n ante los Juzgados y Tribunales que correspondan seg\u00fan la legislaci\u00f3n vigente. Si no se trata de consumidores, se resolver\u00e1n en los Juzgados y Tribunales del domicilio del titular de la Web o del domicilio del consumidor si el destinatario del servicio tuviera tal condici\u00f3n.<\/p>\n<\/div><\/div><\/div><\/div><\/div>","protected":false},"excerpt":{"rendered":"","protected":false},"author":1,"featured_media":0,"parent":0,"menu_order":0,"comment_status":"closed","ping_status":"closed","template":"100-width.php","meta":{"footnotes":""},"class_list":["post-827","page","type-page","status-publish","hentry"],"yoast_head":"<!-- This site is optimized with the Yoast SEO plugin v27.2 - https:\/\/yoast.com\/product\/yoast-seo-wordpress\/ -->\n<title>T\u00e9rminos y Condiciones - Alpacas El Camino<\/title>\n<meta name=\"robots\" content=\"noindex, nofollow\" \/>\n<meta property=\"og:locale\" content=\"en_GB\" \/>\n<meta property=\"og:type\" content=\"article\" \/>\n<meta property=\"og:title\" content=\"T\u00e9rminos y Condiciones - Alpacas El Camino\" \/>\n<meta property=\"og:url\" content=\"https:\/\/alpacaselcamino.com\/en\/terminos-y-condiciones\/\" \/>\n<meta property=\"og:site_name\" content=\"Alpacas El Camino\" \/>\n<meta property=\"article:modified_time\" content=\"2025-09-30T12:03:50+00:00\" \/>\n<meta name=\"twitter:card\" content=\"summary_large_image\" \/>\n<meta name=\"twitter:label1\" content=\"Estimated reading time\" \/>\n\t<meta name=\"twitter:data1\" content=\"8 minutes\" \/>\n<script type=\"application\/ld+json\" class=\"yoast-schema-graph\">{\"@context\":\"https:\/\/schema.org\",\"@graph\":[{\"@type\":\"WebPage\",\"@id\":\"https:\/\/alpacaselcamino.com\/terminos-y-condiciones\/\",\"url\":\"https:\/\/alpacaselcamino.com\/terminos-y-condiciones\/\",\"name\":\"T\u00e9rminos y Condiciones - Alpacas El Camino\",\"isPartOf\":{\"@id\":\"https:\/\/alpacaselcamino.com\/#website\"},\"datePublished\":\"2022-04-09T14:20:45+00:00\",\"dateModified\":\"2025-09-30T12:03:50+00:00\",\"breadcrumb\":{\"@id\":\"https:\/\/alpacaselcamino.com\/terminos-y-condiciones\/#breadcrumb\"},\"inLanguage\":\"en-GB\",\"potentialAction\":[{\"@type\":\"ReadAction\",\"target\":[\"https:\/\/alpacaselcamino.com\/terminos-y-condiciones\/\"]}]},{\"@type\":\"BreadcrumbList\",\"@id\":\"https:\/\/alpacaselcamino.com\/terminos-y-condiciones\/#breadcrumb\",\"itemListElement\":[{\"@type\":\"ListItem\",\"position\":1,\"name\":\"Portada\",\"item\":\"https:\/\/alpacaselcamino.com\/\"},{\"@type\":\"ListItem\",\"position\":2,\"name\":\"T\u00e9rminos y Condiciones\"}]},{\"@type\":\"WebSite\",\"@id\":\"https:\/\/alpacaselcamino.com\/#website\",\"url\":\"https:\/\/alpacaselcamino.com\/\",\"name\":\"Alpacas El Camino\",\"description\":\"Ovillos de Alpaca y Cabra Mohair. Tambi\u00e9n huevos camperos y patos.\",\"publisher\":{\"@id\":\"https:\/\/alpacaselcamino.com\/#organization\"},\"potentialAction\":[{\"@type\":\"SearchAction\",\"target\":{\"@type\":\"EntryPoint\",\"urlTemplate\":\"https:\/\/alpacaselcamino.com\/?s={search_term_string}\"},\"query-input\":{\"@type\":\"PropertyValueSpecification\",\"valueRequired\":true,\"valueName\":\"search_term_string\"}}],\"inLanguage\":\"en-GB\"},{\"@type\":\"Organization\",\"@id\":\"https:\/\/alpacaselcamino.com\/#organization\",\"name\":\"Alpacas El Camino\",\"url\":\"https:\/\/alpacaselcamino.com\/\",\"logo\":{\"@type\":\"ImageObject\",\"inLanguage\":\"en-GB\",\"@id\":\"https:\/\/alpacaselcamino.com\/#\/schema\/logo\/image\/\",\"url\":\"https:\/\/alpacaselcamino.com\/wp-content\/uploads\/2022\/03\/Alpacas-El-Camino-2022-Logo.svg\",\"contentUrl\":\"https:\/\/alpacaselcamino.com\/wp-content\/uploads\/2022\/03\/Alpacas-El-Camino-2022-Logo.svg\",\"width\":290,\"height\":340,\"caption\":\"Alpacas El Camino\"},\"image\":{\"@id\":\"https:\/\/alpacaselcamino.com\/#\/schema\/logo\/image\/\"}}]}<\/script>\n<!-- \/ Yoast SEO plugin. -->","yoast_head_json":{"title":"T\u00e9rminos y Condiciones - Alpacas El Camino","robots":{"index":"noindex","follow":"nofollow"},"og_locale":"en_GB","og_type":"article","og_title":"T\u00e9rminos y Condiciones - Alpacas El Camino","og_url":"https:\/\/alpacaselcamino.com\/en\/terminos-y-condiciones\/","og_site_name":"Alpacas El Camino","article_modified_time":"2025-09-30T12:03:50+00:00","twitter_card":"summary_large_image","twitter_misc":{"Estimated reading time":"8 minutes"},"schema":{"@context":"https:\/\/schema.org","@graph":[{"@type":"WebPage","@id":"https:\/\/alpacaselcamino.com\/terminos-y-condiciones\/","url":"https:\/\/alpacaselcamino.com\/terminos-y-condiciones\/","name":"T\u00e9rminos y Condiciones - Alpacas El Camino","isPartOf":{"@id":"https:\/\/alpacaselcamino.com\/#website"},"datePublished":"2022-04-09T14:20:45+00:00","dateModified":"2025-09-30T12:03:50+00:00","breadcrumb":{"@id":"https:\/\/alpacaselcamino.com\/terminos-y-condiciones\/#breadcrumb"},"inLanguage":"en-GB","potentialAction":[{"@type":"ReadAction","target":["https:\/\/alpacaselcamino.com\/terminos-y-condiciones\/"]}]},{"@type":"BreadcrumbList","@id":"https:\/\/alpacaselcamino.com\/terminos-y-condiciones\/#breadcrumb","itemListElement":[{"@type":"ListItem","position":1,"name":"Portada","item":"https:\/\/alpacaselcamino.com\/"},{"@type":"ListItem","position":2,"name":"T\u00e9rminos y Condiciones"}]},{"@type":"WebSite","@id":"https:\/\/alpacaselcamino.com\/#website","url":"https:\/\/alpacaselcamino.com\/","name":"Alpacas El Camino","description":"Ovillos de Alpaca y Cabra Mohair. Tambi\u00e9n huevos camperos y patos.","publisher":{"@id":"https:\/\/alpacaselcamino.com\/#organization"},"potentialAction":[{"@type":"SearchAction","target":{"@type":"EntryPoint","urlTemplate":"https:\/\/alpacaselcamino.com\/?s={search_term_string}"},"query-input":{"@type":"PropertyValueSpecification","valueRequired":true,"valueName":"search_term_string"}}],"inLanguage":"en-GB"},{"@type":"Organization","@id":"https:\/\/alpacaselcamino.com\/#organization","name":"Alpacas El Camino","url":"https:\/\/alpacaselcamino.com\/","logo":{"@type":"ImageObject","inLanguage":"en-GB","@id":"https:\/\/alpacaselcamino.com\/#\/schema\/logo\/image\/","url":"https:\/\/alpacaselcamino.com\/wp-content\/uploads\/2022\/03\/Alpacas-El-Camino-2022-Logo.svg","contentUrl":"https:\/\/alpacaselcamino.com\/wp-content\/uploads\/2022\/03\/Alpacas-El-Camino-2022-Logo.svg","width":290,"height":340,"caption":"Alpacas El Camino"},"image":{"@id":"https:\/\/alpacaselcamino.com\/#\/schema\/logo\/image\/"}}]}},"_links":{"self":[{"href":"https:\/\/alpacaselcamino.com\/en\/wp-json\/wp\/v2\/pages\/827","targetHints":{"allow":["GET"]}}],"collection":[{"href":"https:\/\/alpacaselcamino.com\/en\/wp-json\/wp\/v2\/pages"}],"about":[{"href":"https:\/\/alpacaselcamino.com\/en\/wp-json\/wp\/v2\/types\/page"}],"author":[{"embeddable":true,"href":"https:\/\/alpacaselcamino.com\/en\/wp-json\/wp\/v2\/users\/1"}],"replies":[{"embeddable":true,"href":"https:\/\/alpacaselcamino.com\/en\/wp-json\/wp\/v2\/comments?post=827"}],"version-history":[{"count":15,"href":"https:\/\/alpacaselcamino.com\/en\/wp-json\/wp\/v2\/pages\/827\/revisions"}],"predecessor-version":[{"id":3266,"href":"https:\/\/alpacaselcamino.com\/en\/wp-json\/wp\/v2\/pages\/827\/revisions\/3266"}],"wp:attachment":[{"href":"https:\/\/alpacaselcamino.com\/en\/wp-json\/wp\/v2\/media?parent=827"}],"curies":[{"name":"wp","href":"https:\/\/api.w.org\/{rel}","templated":true}]}}