{"id":702,"date":"2022-04-09T00:23:45","date_gmt":"2022-04-09T00:23:45","guid":{"rendered":"https:\/\/2022.alpacaselcamino.com\/?page_id=702"},"modified":"2022-04-16T08:52:22","modified_gmt":"2022-04-16T08:52:22","slug":"politica-de-cookies","status":"publish","type":"page","link":"https:\/\/alpacaselcamino.com\/en\/politica-de-cookies\/","title":{"rendered":"Cookies policy"},"content":{"rendered":"<style>\/*! elementor - v3.5.6 - 28-02-2022 *\/<br \/>\n.elementor-heading-title{padding:0;margin:0;line-height:1}.elementor-widget-heading .elementor-heading-title[class*=elementor-size-]>a{color:inherit;font-size:inherit;line-height:inherit}.elementor-widget-heading .elementor-heading-title.elementor-size-small{font-size:15px}.elementor-widget-heading .elementor-heading-title.elementor-size-medium{font-size:19px}.elementor-widget-heading .elementor-heading-title.elementor-size-large{font-size:29px}.elementor-widget-heading .elementor-heading-title.elementor-size-xl{font-size:39px}.elementor-widget-heading .elementor-heading-title.elementor-size-xxl{font-size:59px}<\/style>\n<h2>Pol\u00edtica de Cookies<\/h2>\n<p>Una cookie es un peque\u00f1o archivo de texto que se almacena en su navegador cuando visita casi cualquier p\u00e1gina web. Su utilidad es que la web sea capaz de recordar su visita cuando vuelva a navegar por esa p\u00e1gina. Las cookies suelen almacenar informaci\u00f3n t\u00e9cnica, preferencias personales, personalizaci\u00f3n de contenidos, estad\u00edsticas de uso, enlaces a redes sociales, acceso a cuentas de usuario, etc. El objetivo de la cookie es adaptar el contenido de la web a su perfil y necesidades, sin cookies los servicios ofrecidos por cualquier p\u00e1gina se ver\u00edan mermados notablemente. Si desea consultar m\u00e1s informaci\u00f3n sobre qu\u00e9 son las cookies, qu\u00e9 almacenan, c\u00f3mo eliminarlas, desactivarlas, etc., le rogamos se dirija a este enlace.<\/p>\n<h3><strong>Cookies utilizadas en este sitio web<\/strong><\/h3>\n<p>Siguiendo las directrices de la Agencia Espa\u00f1ola de Protecci\u00f3n de Datos procedemos a detallar el uso de cookies que hace esta web con el fin de informarle con la m\u00e1xima exactitud posible.<\/p>\n<p>Este sitio web utiliza las siguientes cookies propias:<\/p>\n<p>Cookies de sesi\u00f3n, para garantizar que los usuarios que escriben comentarios en el blog son humanos y no aplicaciones automatizadas. De esta forma se combate el spam.<\/p>\n<p>Este sitio web utiliza las siguientes cookies de terceros:<\/p>\n<p>Google Analytics: Almacena cookies para poder elaborar estad\u00edsticas sobre el tr\u00e1fico y volumen de visitas de esta web. Al utilizar este sitio web est\u00e1 consintiendo el tratamiento de informaci\u00f3n acerca de usted por Google. Por tanto, el ejercicio de cualquier derecho en este sentido deber\u00e1 hacerlo comunicando directamente con Google.<\/p>\n<p>Redes sociales: Cada red social utiliza sus propias cookies para que usted pueda hacer clic en botones como Me gusta o Compartir.<\/p>\n<h3><strong>Desactivaci\u00f3n o eliminaci\u00f3n de las cookies<\/strong><\/h3>\n<p>En cualquier momento puede ejercer su derecho a desactivar o eliminar las cookies de este sitio web. Estas acciones se realizan de forma diferente en funci\u00f3n del navegador que utilices. Aqu\u00ed te dejamos una gu\u00eda r\u00e1pida para los navegadores m\u00e1s populares.<\/p>\n<h3><strong>Notas adicionales<\/strong><\/h3>\n<p>Ni esta web ni sus representantes legales se hacen responsables ni del contenido ni de la veracidad de las pol\u00edticas de privacidad que puedan tener los terceros mencionados en esta pol\u00edtica de cookies.<\/p>\n<p>Los navegadores web son las herramientas encargadas de almacenar las cookies y desde este lugar debe efectuar su derecho a eliminaci\u00f3n o desactivaci\u00f3n de las mismas. Ni esta web ni sus representantes legales pueden garantizar la correcta o incorrecta manipulaci\u00f3n de las cookies por parte de los mencionados navegadores.<\/p>\n<p>En algunos casos es necesario instalar cookies para que el navegador no olvide su decisi\u00f3n de no aceptaci\u00f3n de las mismas.<\/p>\n<p>En el caso de las cookies de Google Analytics, esta empresa almacena las cookies en servidores ubicados en Estados Unidos y se compromete a no compartirlas con terceros, excepto en los casos en que sea necesario para el funcionamiento del sistema o cuando la ley obligue a tal efecto. Seg\u00fan Google, no guarda su direcci\u00f3n IP. Google Inc. es una empresa adherida al Acuerdo de Puerto Seguro que garantiza que todos los datos transferidos ser\u00e1n tratados con un nivel de protecci\u00f3n acorde a la normativa europea. Puedes consultar la informaci\u00f3n detallada al respecto en este enlace. Si desea informaci\u00f3n sobre el uso que Google da a las cookies le adjuntamos este otro enlace.<\/p>\n<p>Para cualquier duda o consulta acerca de esta pol\u00edtica de cookies no dude en comunicarse con nosotros a trav\u00e9s de la secci\u00f3n de contacto.<\/p>\n<h3><strong>Desactivaci\u00f3n o eliminaci\u00f3n de cookies:<\/strong><\/h3>\n<p>\u2022 Microsoft Internet Explorer o Microsoft Edge:&nbsp;<a href=\"http:\/\/windows.microsoft.com\/es-es\/windows-vista\/Block-or-allow-cookies\">http:\/\/windows.microsoft.com\/es-es\/windows-vista\/Block-or-allow-cookies<\/a><br \/>\n\u2022 Mozilla Firefox:&nbsp;<a href=\"http:\/\/support.mozilla.org\/es\/kb\/impedir-que-los-sitios-web-guarden-sus-preferencia\">http:\/\/support.mozilla.org\/es\/kb\/impedir-que-los-sitios-web-guarden-sus-preferencia<\/a><br \/>\n\u2022 Chrome:&nbsp;<a href=\"https:\/\/support.google.com\/accounts\/answer\/61416?hl=es\">https:\/\/support.google.com\/accounts\/answer\/61416?hl=es<\/a><br \/>\n\u2022 Safari:&nbsp;<a href=\"http:\/\/safari.helpmax.net\/es\/privacidad-y-seguridad\/como-gestionar-las-cookies\/\">http:\/\/safari.helpmax.net\/es\/privacidad-y-seguridad\/como-gestionar-las-cookies\/<\/a><br \/>\n\u2022 Opera:&nbsp;<a href=\"http:\/\/help.opera.com\/Linux\/10.60\/es-ES\/cookies.html\">http:\/\/help.opera.com\/Linux\/10.60\/es-ES\/cookies.html<\/a><\/p>\n","protected":false},"excerpt":{"rendered":"<p>  [&#8230;]<\/p>\n","protected":false},"author":1,"featured_media":0,"parent":0,"menu_order":0,"comment_status":"closed","ping_status":"closed","template":"","meta":{"footnotes":""},"class_list":["post-702","page","type-page","status-publish","hentry"],"yoast_head":"<!-- This site is optimized with the Yoast SEO plugin v27.2 - https:\/\/yoast.com\/product\/yoast-seo-wordpress\/ -->\n<title>Pol\u00edtica de Cookies - Alpacas El Camino<\/title>\n<meta name=\"robots\" content=\"noindex, nofollow\" \/>\n<meta property=\"og:locale\" content=\"en_GB\" \/>\n<meta property=\"og:type\" content=\"article\" \/>\n<meta property=\"og:title\" content=\"Pol\u00edtica de Cookies - Alpacas El Camino\" \/>\n<meta property=\"og:description\" content=\"[...]\" \/>\n<meta property=\"og:url\" content=\"https:\/\/alpacaselcamino.com\/en\/politica-de-cookies\/\" \/>\n<meta property=\"og:site_name\" content=\"Alpacas El Camino\" \/>\n<meta property=\"article:modified_time\" content=\"2022-04-16T08:52:22+00:00\" \/>\n<meta name=\"twitter:card\" content=\"summary_large_image\" \/>\n<meta name=\"twitter:label1\" content=\"Estimated reading time\" \/>\n\t<meta name=\"twitter:data1\" content=\"3 minutes\" \/>\n<script type=\"application\/ld+json\" class=\"yoast-schema-graph\">{\"@context\":\"https:\/\/schema.org\",\"@graph\":[{\"@type\":\"WebPage\",\"@id\":\"https:\/\/alpacaselcamino.com\/politica-de-cookies\/\",\"url\":\"https:\/\/alpacaselcamino.com\/politica-de-cookies\/\",\"name\":\"Pol\u00edtica de Cookies - Alpacas El Camino\",\"isPartOf\":{\"@id\":\"https:\/\/alpacaselcamino.com\/#website\"},\"datePublished\":\"2022-04-09T00:23:45+00:00\",\"dateModified\":\"2022-04-16T08:52:22+00:00\",\"breadcrumb\":{\"@id\":\"https:\/\/alpacaselcamino.com\/politica-de-cookies\/#breadcrumb\"},\"inLanguage\":\"en-GB\",\"potentialAction\":[{\"@type\":\"ReadAction\",\"target\":[\"https:\/\/alpacaselcamino.com\/politica-de-cookies\/\"]}]},{\"@type\":\"BreadcrumbList\",\"@id\":\"https:\/\/alpacaselcamino.com\/politica-de-cookies\/#breadcrumb\",\"itemListElement\":[{\"@type\":\"ListItem\",\"position\":1,\"name\":\"Portada\",\"item\":\"https:\/\/alpacaselcamino.com\/\"},{\"@type\":\"ListItem\",\"position\":2,\"name\":\"Pol\u00edtica de Cookies\"}]},{\"@type\":\"WebSite\",\"@id\":\"https:\/\/alpacaselcamino.com\/#website\",\"url\":\"https:\/\/alpacaselcamino.com\/\",\"name\":\"Alpacas El Camino\",\"description\":\"Ovillos de Alpaca y Cabra Mohair. Tambi\u00e9n huevos camperos y patos.\",\"publisher\":{\"@id\":\"https:\/\/alpacaselcamino.com\/#organization\"},\"potentialAction\":[{\"@type\":\"SearchAction\",\"target\":{\"@type\":\"EntryPoint\",\"urlTemplate\":\"https:\/\/alpacaselcamino.com\/?s={search_term_string}\"},\"query-input\":{\"@type\":\"PropertyValueSpecification\",\"valueRequired\":true,\"valueName\":\"search_term_string\"}}],\"inLanguage\":\"en-GB\"},{\"@type\":\"Organization\",\"@id\":\"https:\/\/alpacaselcamino.com\/#organization\",\"name\":\"Alpacas El Camino\",\"url\":\"https:\/\/alpacaselcamino.com\/\",\"logo\":{\"@type\":\"ImageObject\",\"inLanguage\":\"en-GB\",\"@id\":\"https:\/\/alpacaselcamino.com\/#\/schema\/logo\/image\/\",\"url\":\"https:\/\/alpacaselcamino.com\/wp-content\/uploads\/2022\/03\/Alpacas-El-Camino-2022-Logo.svg\",\"contentUrl\":\"https:\/\/alpacaselcamino.com\/wp-content\/uploads\/2022\/03\/Alpacas-El-Camino-2022-Logo.svg\",\"width\":290,\"height\":340,\"caption\":\"Alpacas El Camino\"},\"image\":{\"@id\":\"https:\/\/alpacaselcamino.com\/#\/schema\/logo\/image\/\"}}]}<\/script>\n<!-- \/ Yoast SEO plugin. -->","yoast_head_json":{"title":"Pol\u00edtica de Cookies - Alpacas El Camino","robots":{"index":"noindex","follow":"nofollow"},"og_locale":"en_GB","og_type":"article","og_title":"Pol\u00edtica de Cookies - Alpacas El Camino","og_description":"[...]","og_url":"https:\/\/alpacaselcamino.com\/en\/politica-de-cookies\/","og_site_name":"Alpacas El Camino","article_modified_time":"2022-04-16T08:52:22+00:00","twitter_card":"summary_large_image","twitter_misc":{"Estimated reading time":"3 minutes"},"schema":{"@context":"https:\/\/schema.org","@graph":[{"@type":"WebPage","@id":"https:\/\/alpacaselcamino.com\/politica-de-cookies\/","url":"https:\/\/alpacaselcamino.com\/politica-de-cookies\/","name":"Pol\u00edtica de Cookies - Alpacas El Camino","isPartOf":{"@id":"https:\/\/alpacaselcamino.com\/#website"},"datePublished":"2022-04-09T00:23:45+00:00","dateModified":"2022-04-16T08:52:22+00:00","breadcrumb":{"@id":"https:\/\/alpacaselcamino.com\/politica-de-cookies\/#breadcrumb"},"inLanguage":"en-GB","potentialAction":[{"@type":"ReadAction","target":["https:\/\/alpacaselcamino.com\/politica-de-cookies\/"]}]},{"@type":"BreadcrumbList","@id":"https:\/\/alpacaselcamino.com\/politica-de-cookies\/#breadcrumb","itemListElement":[{"@type":"ListItem","position":1,"name":"Portada","item":"https:\/\/alpacaselcamino.com\/"},{"@type":"ListItem","position":2,"name":"Pol\u00edtica de Cookies"}]},{"@type":"WebSite","@id":"https:\/\/alpacaselcamino.com\/#website","url":"https:\/\/alpacaselcamino.com\/","name":"Alpacas El Camino","description":"Ovillos de Alpaca y Cabra Mohair. Tambi\u00e9n huevos camperos y patos.","publisher":{"@id":"https:\/\/alpacaselcamino.com\/#organization"},"potentialAction":[{"@type":"SearchAction","target":{"@type":"EntryPoint","urlTemplate":"https:\/\/alpacaselcamino.com\/?s={search_term_string}"},"query-input":{"@type":"PropertyValueSpecification","valueRequired":true,"valueName":"search_term_string"}}],"inLanguage":"en-GB"},{"@type":"Organization","@id":"https:\/\/alpacaselcamino.com\/#organization","name":"Alpacas El Camino","url":"https:\/\/alpacaselcamino.com\/","logo":{"@type":"ImageObject","inLanguage":"en-GB","@id":"https:\/\/alpacaselcamino.com\/#\/schema\/logo\/image\/","url":"https:\/\/alpacaselcamino.com\/wp-content\/uploads\/2022\/03\/Alpacas-El-Camino-2022-Logo.svg","contentUrl":"https:\/\/alpacaselcamino.com\/wp-content\/uploads\/2022\/03\/Alpacas-El-Camino-2022-Logo.svg","width":290,"height":340,"caption":"Alpacas El Camino"},"image":{"@id":"https:\/\/alpacaselcamino.com\/#\/schema\/logo\/image\/"}}]}},"_links":{"self":[{"href":"https:\/\/alpacaselcamino.com\/en\/wp-json\/wp\/v2\/pages\/702","targetHints":{"allow":["GET"]}}],"collection":[{"href":"https:\/\/alpacaselcamino.com\/en\/wp-json\/wp\/v2\/pages"}],"about":[{"href":"https:\/\/alpacaselcamino.com\/en\/wp-json\/wp\/v2\/types\/page"}],"author":[{"embeddable":true,"href":"https:\/\/alpacaselcamino.com\/en\/wp-json\/wp\/v2\/users\/1"}],"replies":[{"embeddable":true,"href":"https:\/\/alpacaselcamino.com\/en\/wp-json\/wp\/v2\/comments?post=702"}],"version-history":[{"count":5,"href":"https:\/\/alpacaselcamino.com\/en\/wp-json\/wp\/v2\/pages\/702\/revisions"}],"predecessor-version":[{"id":897,"href":"https:\/\/alpacaselcamino.com\/en\/wp-json\/wp\/v2\/pages\/702\/revisions\/897"}],"wp:attachment":[{"href":"https:\/\/alpacaselcamino.com\/en\/wp-json\/wp\/v2\/media?parent=702"}],"curies":[{"name":"wp","href":"https:\/\/api.w.org\/{rel}","templated":true}]}}