{"id":1296,"date":"2022-09-24T21:12:31","date_gmt":"2022-09-24T21:12:31","guid":{"rendered":"https:\/\/alpacaselcamino.com\/?page_id=1296"},"modified":"2024-11-28T12:39:17","modified_gmt":"2024-11-28T12:39:17","slug":"tienda-ovillos","status":"publish","type":"page","link":"https:\/\/alpacaselcamino.com\/en\/tienda-ovillos\/","title":{"rendered":"Tienda Ovillos"},"content":{"rendered":"<h1>Yarn Balls<\/h1>\n<h2>\u00bfQu\u00e9 colecci\u00f3n de <b>El Camino<\/b> te gustar\u00eda conocer?<\/h2>\n<p style=\"text-align: center;\"><strong>Del Reba\u00f1o<\/strong>, <strong>Los Sincronistas<\/strong> y <strong>Bot\u00e1nica<\/strong> ofrecen hilos \u00fanicos y sostenibles. La primera colecci\u00f3n proviene de nuestras alpacas y cabras, con colores naturales y tonalidades c\u00e1lidas. <strong>Los Sincronistas<\/strong> son hilos de reba\u00f1os que, aunque no est\u00e1n en El Camino, siguen nuestros mismos principios \u00e9ticos. Por \u00faltimo, <strong>Bot\u00e1nica<\/strong> ofrece lana te\u00f1ida de manera natural con plantas, respetando el medioambiente y apoyando a comercios locales.<\/p>\n<p>\t\t\t\t\t\t\t\t\t\t\t\t\t\t<a href=\"\/categoria-producto\/del-rebano\"><br \/>\n\t\t\t\t\t\t\t<img class=\"lazyload\" decoding=\"async\" width=\"768\" height=\"1024\" src=\"https:\/\/alpacaselcamino.com\/wp-content\/uploads\/2022\/09\/rebagno-768x1024.jpg\" data-orig-src=\"https:\/\/alpacaselcamino.com\/wp-content\/uploads\/2022\/09\/rebagno-768x1024.jpg\" alt=\"Hilos y ovillos\" srcset=\"data:image\/svg+xml,%3Csvg%20xmlns%3D%27http%3A%2F%2Fwww.w3.org%2F2000%2Fsvg%27%20width%3D%27768%27%20height%3D%271024%27%20viewBox%3D%270%200%20768%201024%27%3E%3Crect%20width%3D%27768%27%20height%3D%271024%27%20fill-opacity%3D%220%22%2F%3E%3C%2Fsvg%3E\" data-srcset=\"https:\/\/alpacaselcamino.com\/wp-content\/uploads\/2022\/09\/rebagno-768x1024.jpg 768w, https:\/\/alpacaselcamino.com\/wp-content\/uploads\/2022\/09\/rebagno-225x300.jpg 225w, https:\/\/alpacaselcamino.com\/wp-content\/uploads\/2022\/09\/rebagno-600x800.jpg 600w, https:\/\/alpacaselcamino.com\/wp-content\/uploads\/2022\/09\/rebagno.jpg 801w\" data-sizes=\"auto\" data-orig-sizes=\"(max-width: 768px) 100vw, 768px\" \/>\t\t\t\t\t\t\t\t<\/a><\/p>\n<h2><a href=\"\/categoria-producto\/del-rebano\">Del reba\u00f1o<\/a><\/h2>\n<p>\t\t\t\t\t<a href=\"\/categoria-producto\/del-rebano\"><br \/>\n\t\t\t\t\t\t\t\t\tVer m\u00e1s<br \/>\n\t\t\t\t\t<\/a><br \/>\n\t\t\t\t\t\t\t\t\t\t\t\t\t\t<a href=\"\/categoria-producto\/los-sincronistas\"><br \/>\n\t\t\t\t\t\t\t<img class=\"lazyload\" decoding=\"async\" width=\"768\" height=\"1024\" src=\"https:\/\/alpacaselcamino.com\/wp-content\/uploads\/2022\/11\/los-sincronistas-768x1024.jpg\" data-orig-src=\"https:\/\/alpacaselcamino.com\/wp-content\/uploads\/2022\/11\/los-sincronistas-768x1024.jpg\" alt=\"Los sincronistas\" srcset=\"data:image\/svg+xml,%3Csvg%20xmlns%3D%27http%3A%2F%2Fwww.w3.org%2F2000%2Fsvg%27%20width%3D%27768%27%20height%3D%271024%27%20viewBox%3D%270%200%20768%201024%27%3E%3Crect%20width%3D%27768%27%20height%3D%271024%27%20fill-opacity%3D%220%22%2F%3E%3C%2Fsvg%3E\" data-srcset=\"https:\/\/alpacaselcamino.com\/wp-content\/uploads\/2022\/11\/los-sincronistas-768x1024.jpg 768w, https:\/\/alpacaselcamino.com\/wp-content\/uploads\/2022\/11\/los-sincronistas-225x300.jpg 225w, https:\/\/alpacaselcamino.com\/wp-content\/uploads\/2022\/11\/los-sincronistas-600x800.jpg 600w, https:\/\/alpacaselcamino.com\/wp-content\/uploads\/2022\/11\/los-sincronistas-68x90.jpg 68w, https:\/\/alpacaselcamino.com\/wp-content\/uploads\/2022\/11\/los-sincronistas.jpg 801w\" data-sizes=\"auto\" data-orig-sizes=\"(max-width: 768px) 100vw, 768px\" \/>\t\t\t\t\t\t\t\t<\/a><\/p>\n<h2><a href=\"\/categoria-producto\/los-sincronistas\">Los Sincronistas<\/a><\/h2>\n<p>\t\t\t\t\t<a href=\"\/categoria-producto\/los-sincronistas\"><br \/>\n\t\t\t\t\t\t\t\t\tVer m\u00e1s<br \/>\n\t\t\t\t\t<\/a><br \/>\n\t\t\t\t\t\t\t\t\t\t\t\t\t\t<a href=\"\/categoria-producto\/botanica\"><br \/>\n\t\t\t\t\t\t\t<img class=\"lazyload\" decoding=\"async\" width=\"768\" height=\"1024\" src=\"https:\/\/alpacaselcamino.com\/wp-content\/uploads\/2022\/09\/botanica-768x1024.jpg\" data-orig-src=\"https:\/\/alpacaselcamino.com\/wp-content\/uploads\/2022\/09\/botanica-768x1024.jpg\" alt=\"Hilos de colores\" srcset=\"data:image\/svg+xml,%3Csvg%20xmlns%3D%27http%3A%2F%2Fwww.w3.org%2F2000%2Fsvg%27%20width%3D%27768%27%20height%3D%271024%27%20viewBox%3D%270%200%20768%201024%27%3E%3Crect%20width%3D%27768%27%20height%3D%271024%27%20fill-opacity%3D%220%22%2F%3E%3C%2Fsvg%3E\" data-srcset=\"https:\/\/alpacaselcamino.com\/wp-content\/uploads\/2022\/09\/botanica-768x1024.jpg 768w, https:\/\/alpacaselcamino.com\/wp-content\/uploads\/2022\/09\/botanica-225x300.jpg 225w, https:\/\/alpacaselcamino.com\/wp-content\/uploads\/2022\/09\/botanica-600x800.jpg 600w, https:\/\/alpacaselcamino.com\/wp-content\/uploads\/2022\/09\/botanica.jpg 801w\" data-sizes=\"auto\" data-orig-sizes=\"(max-width: 768px) 100vw, 768px\" \/>\t\t\t\t\t\t\t\t<\/a><\/p>\n<h2><a href=\"\/categoria-producto\/botanica\">Bot\u00e1nica<\/a><\/h2>\n<p>\t\t\t\t\t<a href=\"\/categoria-producto\/botanica\"><br \/>\n\t\t\t\t\t\t\t\t\tVer m\u00e1s<br \/>\n\t\t\t\t\t<\/a><br \/>\n\t\t\t\t\t<a href=\"\/tienda\"><br \/>\n\t\t\t\t\t\t\t\t\tVolver a la tienda<br \/>\n\t\t\t\t\t<\/a><\/p>","protected":false},"excerpt":{"rendered":"<p>  [&#8230;]<\/p>\n","protected":false},"author":1,"featured_media":0,"parent":0,"menu_order":0,"comment_status":"closed","ping_status":"closed","template":"","meta":{"footnotes":""},"class_list":["post-1296","page","type-page","status-publish","hentry"],"yoast_head":"<!-- This site is optimized with the Yoast SEO plugin v27.4 - https:\/\/yoast.com\/product\/yoast-seo-wordpress\/ -->\n<title>Tienda Ovillos - Alpacas El Camino<\/title>\n<meta name=\"robots\" content=\"index, follow, max-snippet:-1, max-image-preview:large, max-video-preview:-1\" \/>\n<link rel=\"canonical\" href=\"https:\/\/alpacaselcamino.com\/en\/tienda-ovillos\/\" \/>\n<meta property=\"og:locale\" content=\"en_GB\" \/>\n<meta property=\"og:type\" content=\"article\" \/>\n<meta property=\"og:title\" content=\"Tienda Ovillos - Alpacas El Camino\" \/>\n<meta property=\"og:description\" content=\"[...]\" \/>\n<meta property=\"og:url\" content=\"https:\/\/alpacaselcamino.com\/en\/tienda-ovillos\/\" \/>\n<meta property=\"og:site_name\" content=\"Alpacas El Camino\" \/>\n<meta property=\"article:modified_time\" content=\"2024-11-28T12:39:17+00:00\" \/>\n<meta property=\"og:image\" content=\"https:\/\/alpacaselcamino.com\/wp-content\/uploads\/2022\/09\/rebagno.jpg\" \/>\n\t<meta property=\"og:image:width\" content=\"801\" \/>\n\t<meta property=\"og:image:height\" content=\"1068\" \/>\n\t<meta property=\"og:image:type\" content=\"image\/jpeg\" \/>\n<meta name=\"twitter:card\" content=\"summary_large_image\" \/>\n<meta name=\"twitter:label1\" content=\"Estimated reading time\" \/>\n\t<meta name=\"twitter:data1\" content=\"1 minute\" \/>\n<script type=\"application\/ld+json\" class=\"yoast-schema-graph\">{\"@context\":\"https:\\\/\\\/schema.org\",\"@graph\":[{\"@type\":\"WebPage\",\"@id\":\"https:\\\/\\\/alpacaselcamino.com\\\/tienda-ovillos\\\/\",\"url\":\"https:\\\/\\\/alpacaselcamino.com\\\/tienda-ovillos\\\/\",\"name\":\"Tienda Ovillos - Alpacas El Camino\",\"isPartOf\":{\"@id\":\"https:\\\/\\\/alpacaselcamino.com\\\/#website\"},\"primaryImageOfPage\":{\"@id\":\"https:\\\/\\\/alpacaselcamino.com\\\/tienda-ovillos\\\/#primaryimage\"},\"image\":{\"@id\":\"https:\\\/\\\/alpacaselcamino.com\\\/tienda-ovillos\\\/#primaryimage\"},\"thumbnailUrl\":\"https:\\\/\\\/alpacaselcamino.com\\\/wp-content\\\/uploads\\\/2022\\\/09\\\/rebagno-768x1024.jpg\",\"datePublished\":\"2022-09-24T21:12:31+00:00\",\"dateModified\":\"2024-11-28T12:39:17+00:00\",\"breadcrumb\":{\"@id\":\"https:\\\/\\\/alpacaselcamino.com\\\/tienda-ovillos\\\/#breadcrumb\"},\"inLanguage\":\"en-GB\",\"potentialAction\":[{\"@type\":\"ReadAction\",\"target\":[\"https:\\\/\\\/alpacaselcamino.com\\\/tienda-ovillos\\\/\"]}]},{\"@type\":\"ImageObject\",\"inLanguage\":\"en-GB\",\"@id\":\"https:\\\/\\\/alpacaselcamino.com\\\/tienda-ovillos\\\/#primaryimage\",\"url\":\"https:\\\/\\\/alpacaselcamino.com\\\/wp-content\\\/uploads\\\/2022\\\/09\\\/rebagno-768x1024.jpg\",\"contentUrl\":\"https:\\\/\\\/alpacaselcamino.com\\\/wp-content\\\/uploads\\\/2022\\\/09\\\/rebagno-768x1024.jpg\"},{\"@type\":\"BreadcrumbList\",\"@id\":\"https:\\\/\\\/alpacaselcamino.com\\\/tienda-ovillos\\\/#breadcrumb\",\"itemListElement\":[{\"@type\":\"ListItem\",\"position\":1,\"name\":\"Portada\",\"item\":\"https:\\\/\\\/alpacaselcamino.com\\\/\"},{\"@type\":\"ListItem\",\"position\":2,\"name\":\"Tienda Ovillos\"}]},{\"@type\":\"WebSite\",\"@id\":\"https:\\\/\\\/alpacaselcamino.com\\\/#website\",\"url\":\"https:\\\/\\\/alpacaselcamino.com\\\/\",\"name\":\"Alpacas El Camino\",\"description\":\"Ovillos de Alpaca y Cabra Mohair. Tambi\u00e9n huevos camperos y patos.\",\"publisher\":{\"@id\":\"https:\\\/\\\/alpacaselcamino.com\\\/#organization\"},\"potentialAction\":[{\"@type\":\"SearchAction\",\"target\":{\"@type\":\"EntryPoint\",\"urlTemplate\":\"https:\\\/\\\/alpacaselcamino.com\\\/?s={search_term_string}\"},\"query-input\":{\"@type\":\"PropertyValueSpecification\",\"valueRequired\":true,\"valueName\":\"search_term_string\"}}],\"inLanguage\":\"en-GB\"},{\"@type\":\"Organization\",\"@id\":\"https:\\\/\\\/alpacaselcamino.com\\\/#organization\",\"name\":\"Alpacas El Camino\",\"url\":\"https:\\\/\\\/alpacaselcamino.com\\\/\",\"logo\":{\"@type\":\"ImageObject\",\"inLanguage\":\"en-GB\",\"@id\":\"https:\\\/\\\/alpacaselcamino.com\\\/#\\\/schema\\\/logo\\\/image\\\/\",\"url\":\"https:\\\/\\\/alpacaselcamino.com\\\/wp-content\\\/uploads\\\/2022\\\/03\\\/Alpacas-El-Camino-2022-Logo.svg\",\"contentUrl\":\"https:\\\/\\\/alpacaselcamino.com\\\/wp-content\\\/uploads\\\/2022\\\/03\\\/Alpacas-El-Camino-2022-Logo.svg\",\"width\":290,\"height\":340,\"caption\":\"Alpacas El Camino\"},\"image\":{\"@id\":\"https:\\\/\\\/alpacaselcamino.com\\\/#\\\/schema\\\/logo\\\/image\\\/\"}}]}<\/script>\n<!-- \/ Yoast SEO plugin. -->","yoast_head_json":{"title":"Tienda Ovillos - Alpacas El Camino","robots":{"index":"index","follow":"follow","max-snippet":"max-snippet:-1","max-image-preview":"max-image-preview:large","max-video-preview":"max-video-preview:-1"},"canonical":"https:\/\/alpacaselcamino.com\/en\/tienda-ovillos\/","og_locale":"en_GB","og_type":"article","og_title":"Tienda Ovillos - Alpacas El Camino","og_description":"[...]","og_url":"https:\/\/alpacaselcamino.com\/en\/tienda-ovillos\/","og_site_name":"Alpacas El Camino","article_modified_time":"2024-11-28T12:39:17+00:00","og_image":[{"width":801,"height":1068,"url":"https:\/\/alpacaselcamino.com\/wp-content\/uploads\/2022\/09\/rebagno.jpg","type":"image\/jpeg"}],"twitter_card":"summary_large_image","twitter_misc":{"Estimated reading time":"1 minute"},"schema":{"@context":"https:\/\/schema.org","@graph":[{"@type":"WebPage","@id":"https:\/\/alpacaselcamino.com\/tienda-ovillos\/","url":"https:\/\/alpacaselcamino.com\/tienda-ovillos\/","name":"Tienda Ovillos - Alpacas El Camino","isPartOf":{"@id":"https:\/\/alpacaselcamino.com\/#website"},"primaryImageOfPage":{"@id":"https:\/\/alpacaselcamino.com\/tienda-ovillos\/#primaryimage"},"image":{"@id":"https:\/\/alpacaselcamino.com\/tienda-ovillos\/#primaryimage"},"thumbnailUrl":"https:\/\/alpacaselcamino.com\/wp-content\/uploads\/2022\/09\/rebagno-768x1024.jpg","datePublished":"2022-09-24T21:12:31+00:00","dateModified":"2024-11-28T12:39:17+00:00","breadcrumb":{"@id":"https:\/\/alpacaselcamino.com\/tienda-ovillos\/#breadcrumb"},"inLanguage":"en-GB","potentialAction":[{"@type":"ReadAction","target":["https:\/\/alpacaselcamino.com\/tienda-ovillos\/"]}]},{"@type":"ImageObject","inLanguage":"en-GB","@id":"https:\/\/alpacaselcamino.com\/tienda-ovillos\/#primaryimage","url":"https:\/\/alpacaselcamino.com\/wp-content\/uploads\/2022\/09\/rebagno-768x1024.jpg","contentUrl":"https:\/\/alpacaselcamino.com\/wp-content\/uploads\/2022\/09\/rebagno-768x1024.jpg"},{"@type":"BreadcrumbList","@id":"https:\/\/alpacaselcamino.com\/tienda-ovillos\/#breadcrumb","itemListElement":[{"@type":"ListItem","position":1,"name":"Portada","item":"https:\/\/alpacaselcamino.com\/"},{"@type":"ListItem","position":2,"name":"Tienda Ovillos"}]},{"@type":"WebSite","@id":"https:\/\/alpacaselcamino.com\/#website","url":"https:\/\/alpacaselcamino.com\/","name":"Alpacas El Camino","description":"Ovillos de Alpaca y Cabra Mohair. Tambi\u00e9n huevos camperos y patos.","publisher":{"@id":"https:\/\/alpacaselcamino.com\/#organization"},"potentialAction":[{"@type":"SearchAction","target":{"@type":"EntryPoint","urlTemplate":"https:\/\/alpacaselcamino.com\/?s={search_term_string}"},"query-input":{"@type":"PropertyValueSpecification","valueRequired":true,"valueName":"search_term_string"}}],"inLanguage":"en-GB"},{"@type":"Organization","@id":"https:\/\/alpacaselcamino.com\/#organization","name":"Alpacas El Camino","url":"https:\/\/alpacaselcamino.com\/","logo":{"@type":"ImageObject","inLanguage":"en-GB","@id":"https:\/\/alpacaselcamino.com\/#\/schema\/logo\/image\/","url":"https:\/\/alpacaselcamino.com\/wp-content\/uploads\/2022\/03\/Alpacas-El-Camino-2022-Logo.svg","contentUrl":"https:\/\/alpacaselcamino.com\/wp-content\/uploads\/2022\/03\/Alpacas-El-Camino-2022-Logo.svg","width":290,"height":340,"caption":"Alpacas El Camino"},"image":{"@id":"https:\/\/alpacaselcamino.com\/#\/schema\/logo\/image\/"}}]}},"_links":{"self":[{"href":"https:\/\/alpacaselcamino.com\/en\/wp-json\/wp\/v2\/pages\/1296","targetHints":{"allow":["GET"]}}],"collection":[{"href":"https:\/\/alpacaselcamino.com\/en\/wp-json\/wp\/v2\/pages"}],"about":[{"href":"https:\/\/alpacaselcamino.com\/en\/wp-json\/wp\/v2\/types\/page"}],"author":[{"embeddable":true,"href":"https:\/\/alpacaselcamino.com\/en\/wp-json\/wp\/v2\/users\/1"}],"replies":[{"embeddable":true,"href":"https:\/\/alpacaselcamino.com\/en\/wp-json\/wp\/v2\/comments?post=1296"}],"version-history":[{"count":46,"href":"https:\/\/alpacaselcamino.com\/en\/wp-json\/wp\/v2\/pages\/1296\/revisions"}],"predecessor-version":[{"id":2110,"href":"https:\/\/alpacaselcamino.com\/en\/wp-json\/wp\/v2\/pages\/1296\/revisions\/2110"}],"wp:attachment":[{"href":"https:\/\/alpacaselcamino.com\/en\/wp-json\/wp\/v2\/media?parent=1296"}],"curies":[{"name":"wp","href":"https:\/\/api.w.org\/{rel}","templated":true}]}}