{"id":1132,"date":"2022-04-23T00:25:30","date_gmt":"2022-04-23T00:25:30","guid":{"rendered":"https:\/\/alpacaselcamino.com\/?page_id=1132"},"modified":"2024-12-19T10:47:09","modified_gmt":"2024-12-19T10:47:09","slug":"hereford","status":"publish","type":"page","link":"https:\/\/alpacaselcamino.com\/en\/hereford\/","title":{"rendered":"El Camino, Hereford"},"content":{"rendered":"<p><div class=\"fusion-fullwidth fullwidth-box fusion-builder-row-1 fusion-flex-container fusion-parallax-none nonhundred-percent-fullwidth non-hundred-percent-height-scrolling lazyload\" style=\"--awb-border-radius-top-left:0px;--awb-border-radius-top-right:0px;--awb-border-radius-bottom-right:0px;--awb-border-radius-bottom-left:0px;--awb-padding-top:30%;--awb-background-size:cover;--awb-flex-wrap:wrap;\" data-bg=\"https:\/\/alpacaselcamino.com\/wp-content\/uploads\/2022\/04\/turf-fitting.jpg\" ><div class=\"fusion-builder-row fusion-row fusion-flex-align-items-flex-start fusion-flex-content-wrap\" style=\"max-width:calc( 1100px + 0px );margin-left: calc(-0px \/ 2 );margin-right: calc(-0px \/ 2 );\"><div class=\"fusion-layout-column fusion_builder_column fusion-builder-column-0 fusion_builder_column_1_1 1_1 fusion-flex-column fusion-animated\" style=\"--awb-bg-size:cover;--awb-width-large:100%;--awb-margin-top-large:0px;--awb-spacing-right-large:0px;--awb-margin-bottom-large:0px;--awb-spacing-left-large:0px;--awb-width-medium:100%;--awb-spacing-right-medium:0px;--awb-spacing-left-medium:0px;--awb-width-small:100%;--awb-spacing-right-small:0px;--awb-spacing-left-small:0px;\" data-animationtype=\"fadeInDown\" data-animationduration=\"1.0\" data-animationoffset=\"top-into-view\"><div class=\"fusion-column-wrapper fusion-column-has-shadow fusion-flex-justify-content-flex-start fusion-content-layout-column\"><\/div><\/div><\/div><\/div><div class=\"fusion-fullwidth fullwidth-box fusion-builder-row-2 fusion-flex-container nonhundred-percent-fullwidth non-hundred-percent-height-scrolling\" style=\"--awb-border-radius-top-left:0px;--awb-border-radius-top-right:0px;--awb-border-radius-bottom-right:0px;--awb-border-radius-bottom-left:0px;--awb-padding-top:8%;--awb-padding-bottom:8%;--awb-background-color:var(--awb-color2);--awb-flex-wrap:wrap;\" ><div class=\"fusion-builder-row fusion-row fusion-flex-align-items-flex-start fusion-flex-content-wrap\" style=\"max-width:1144px;margin-left: calc(-4% \/ 2 );margin-right: calc(-4% \/ 2 );\"><div class=\"fusion-layout-column fusion_builder_column fusion-builder-column-1 fusion_builder_column_1_1 1_1 fusion-flex-column fusion-animated\" style=\"--awb-padding-bottom:18px;--awb-bg-size:cover;--awb-width-large:100%;--awb-margin-top-large:0px;--awb-spacing-right-large:1.92%;--awb-margin-bottom-large:0px;--awb-spacing-left-large:1.92%;--awb-width-medium:100%;--awb-spacing-right-medium:1.92%;--awb-spacing-left-medium:1.92%;--awb-width-small:100%;--awb-spacing-right-small:1.92%;--awb-spacing-left-small:1.92%;\" data-animationtype=\"fadeInDown\" data-animationduration=\"1.0\" data-animationoffset=\"top-into-view\"><div class=\"fusion-column-wrapper fusion-column-has-shadow fusion-flex-justify-content-flex-start fusion-content-layout-column\"><div class=\"fusion-title title fusion-title-1 fusion-sep-none fusion-title-center fusion-title-text fusion-title-size-two\" style=\"--awb-margin-top-small:0px;--awb-margin-right-small:0px;--awb-margin-bottom-small:20px;--awb-margin-left-small:0px;\"><h2 class=\"fusion-title-heading title-heading-center fusion-responsive-typography-calculated\" style=\"margin:0;--fontSize:40;line-height:1.5;\">El Camino, Hereford<\/h2><\/div><div class=\"fusion-image-element\" style=\"text-align:center;--awb-max-width:200px;--awb-caption-title-font-family:var(--h2_typography-font-family);--awb-caption-title-font-weight:var(--h2_typography-font-weight);--awb-caption-title-font-style:var(--h2_typography-font-style);--awb-caption-title-size:var(--h2_typography-font-size);--awb-caption-title-transform:var(--h2_typography-text-transform);--awb-caption-title-line-height:var(--h2_typography-line-height);--awb-caption-title-letter-spacing:var(--h2_typography-letter-spacing);\"><span class=\"fusion-imageframe imageframe-none imageframe-1 hover-type-none\"><img decoding=\"async\" width=\"4917\" height=\"4015\" alt=\"Hereford Logo\" title=\"LOGO_VACAS_BUENACALIDAD2\" src=\"https:\/\/alpacaselcamino.com\/wp-content\/uploads\/2022\/04\/LOGO_VACAS_BUENACALIDAD2.png\" data-orig-src=\"https:\/\/alpacaselcamino.com\/wp-content\/uploads\/2022\/04\/LOGO_VACAS_BUENACALIDAD2.png\" class=\"lazyload img-responsive wp-image-1127\" srcset=\"data:image\/svg+xml,%3Csvg%20xmlns%3D%27http%3A%2F%2Fwww.w3.org%2F2000%2Fsvg%27%20width%3D%274917%27%20height%3D%274015%27%20viewBox%3D%270%200%204917%204015%27%3E%3Crect%20width%3D%274917%27%20height%3D%274015%27%20fill-opacity%3D%220%22%2F%3E%3C%2Fsvg%3E\" data-srcset=\"https:\/\/alpacaselcamino.com\/wp-content\/uploads\/2022\/04\/LOGO_VACAS_BUENACALIDAD2-600x490.png 600w, https:\/\/alpacaselcamino.com\/wp-content\/uploads\/2022\/04\/LOGO_VACAS_BUENACALIDAD2.png 4917w\" data-sizes=\"auto\" data-orig-sizes=\"(max-width: 1024px) 100vw, (max-width: 640px) 100vw, 4917px\" \/><\/span><\/div><div class=\"fusion-text fusion-text-1\"><p style=\"text-align: center;\">La raza Hereford a diferencia de otras es un tipo de ganado que denominamos \u201cforrajero\u201d pero\u2026 \u00bfqu\u00e9 significa?<\/p>\n<\/div><\/div><\/div><div class=\"fusion-layout-column fusion_builder_column fusion-builder-column-2 fusion_builder_column_1_1 1_1 fusion-flex-column fusion-animated\" style=\"--awb-bg-size:cover;--awb-width-large:100%;--awb-margin-top-large:0px;--awb-spacing-right-large:1.92%;--awb-margin-bottom-large:40px;--awb-spacing-left-large:1.92%;--awb-width-medium:100%;--awb-spacing-right-medium:1.92%;--awb-spacing-left-medium:1.92%;--awb-width-small:100%;--awb-spacing-right-small:1.92%;--awb-spacing-left-small:1.92%;\" data-animationtype=\"fadeInLeft\" data-animationduration=\"1.0\" data-animationoffset=\"top-into-view\"><div class=\"fusion-column-wrapper fusion-column-has-shadow fusion-flex-justify-content-flex-start fusion-content-layout-column\"><div class=\"fusion-image-element\" style=\"--awb-caption-title-font-family:var(--h2_typography-font-family);--awb-caption-title-font-weight:var(--h2_typography-font-weight);--awb-caption-title-font-style:var(--h2_typography-font-style);--awb-caption-title-size:var(--h2_typography-font-size);--awb-caption-title-transform:var(--h2_typography-text-transform);--awb-caption-title-line-height:var(--h2_typography-line-height);--awb-caption-title-letter-spacing:var(--h2_typography-letter-spacing);\"><span class=\"fusion-imageframe imageframe-dropshadow imageframe-2 hover-type-none\" style=\"-webkit-box-shadow: 7px 7px 11px hsla(var(--awb-color7-h),var(--awb-color7-s),calc(var(--awb-color7-l) - 20%),calc(var(--awb-color7-a) - 85%));box-shadow: 7px 7px 11px hsla(var(--awb-color7-h),var(--awb-color7-s),calc(var(--awb-color7-l) - 20%),calc(var(--awb-color7-a) - 85%));\"><img decoding=\"async\" width=\"1200\" height=\"900\" alt=\"hereford\" title=\"El-camino-hereford-1\" src=\"https:\/\/alpacaselcamino.com\/wp-content\/uploads\/2022\/04\/El-camino-hereford-1-1.jpg\" data-orig-src=\"https:\/\/alpacaselcamino.com\/wp-content\/uploads\/2022\/04\/El-camino-hereford-1-1.jpg\" class=\"lazyload img-responsive wp-image-1156\" srcset=\"data:image\/svg+xml,%3Csvg%20xmlns%3D%27http%3A%2F%2Fwww.w3.org%2F2000%2Fsvg%27%20width%3D%271200%27%20height%3D%27900%27%20viewBox%3D%270%200%201200%20900%27%3E%3Crect%20width%3D%271200%27%20height%3D%27900%27%20fill-opacity%3D%220%22%2F%3E%3C%2Fsvg%3E\" data-srcset=\"https:\/\/alpacaselcamino.com\/wp-content\/uploads\/2022\/04\/El-camino-hereford-1-1-600x450.jpg 600w, https:\/\/alpacaselcamino.com\/wp-content\/uploads\/2022\/04\/El-camino-hereford-1-1.jpg 1200w\" data-sizes=\"auto\" data-orig-sizes=\"(max-width: 1024px) 100vw, (max-width: 640px) 100vw, 1200px\" \/><\/span><\/div><div class=\"fusion-separator fusion-full-width-sep\" style=\"align-self: center;margin-left: auto;margin-right: auto;margin-top:20px;width:100%;\"><\/div><div class=\"fusion-text fusion-text-2\"><p>Las razas forrajeras como la&nbsp;<strong>Hereford<\/strong>&nbsp;o la&nbsp;<strong>Angus<\/strong>&nbsp;son especiales, ya que no necesitan pienso en si para engordar, engordan de lo que van paciendo en los prados.<\/p>\n<p>Estas razas&nbsp;<strong>no se puede engordar de manera industrial<\/strong>, necesitan mucho espacio y terreno, de manera que al igual que en toda la ganader\u00eda extensiva se absorben en las praderas m\u00e1s CO2 del emitido, la ganader\u00eda extensiva ayuda en el secuestro de carbono de la atm\u00f3sfera.<\/p>\n<p>De manera que&nbsp;<strong>tienes un producto en el que de manera natural la grasa se ha infiltrado en la carne<\/strong>&nbsp;y aunque tarde m\u00e1s en madurar y estar listo,&nbsp;<strong>es un producto de calidad<\/strong>, beneficioso para el medio, respetuoso con el paisaje, sobre todo en Cantabria denominado paisaje mosaico.<\/p>\n<p>Al ser un modelo de crianza extensivo encontramos un&nbsp;<strong>nivel bajo de grasas saturadas<\/strong>&nbsp;en comparaci\u00f3n a otras razas de ganado. Adem\u00e1s de contar con una&nbsp;<strong>proporci\u00f3n adecuada de Omega 3, Omega 6, Hierro, Vitamina E y acido linoleico conjugado.<\/strong><\/p>\n<p>En&nbsp;<strong>El Camino<\/strong>&nbsp;tenemos un peque\u00f1o reba\u00f1o, en el que mimamos al m\u00e1ximo a nuestras vacas para tener terneros fuertes, sanos y que aporten un<strong>&nbsp;producto de calidad.<\/strong><\/p>\n<p><strong>Nos vamos abriendo por nuevos mercados<\/strong>&nbsp;y esperamos que un pedacito de<strong>&nbsp;El Camino<\/strong>&nbsp;os deleite en vuestras mesas en familia.<\/p>\n<\/div><\/div><\/div><div class=\"fusion-layout-column fusion_builder_column fusion-builder-column-3 fusion_builder_column_1_1 1_1 fusion-flex-column fusion-animated\" style=\"--awb-padding-top:20px;--awb-bg-size:cover;--awb-width-large:100%;--awb-margin-top-large:0px;--awb-spacing-right-large:1.92%;--awb-margin-bottom-large:0px;--awb-spacing-left-large:1.92%;--awb-width-medium:100%;--awb-spacing-right-medium:1.92%;--awb-spacing-left-medium:1.92%;--awb-width-small:100%;--awb-spacing-right-small:1.92%;--awb-spacing-left-small:1.92%;\" data-animationtype=\"fadeInUp\" data-animationduration=\"1.0\" data-animationoffset=\"top-into-view\"><div class=\"fusion-column-wrapper fusion-column-has-shadow fusion-flex-justify-content-flex-start fusion-content-layout-column\"><div style=\"text-align:center;\"><a class=\"fusion-button button-flat fusion-button-default-size button-default fusion-button-default button-1 fusion-button-default-span fusion-button-default-type\" target=\"_self\" href=\"https:\/\/alpacaselcamino.com\/contacto\/\"><span class=\"fusion-button-text awb-button__text awb-button__text--default\">CONTACTA CON NOSOTROS<\/span><\/a><\/div><\/div><\/div><\/div><\/div><div class=\"fusion-fullwidth fullwidth-box fusion-builder-row-3 fusion-flex-container fusion-parallax-none nonhundred-percent-fullwidth non-hundred-percent-height-scrolling lazyload\" style=\"--awb-border-radius-top-left:0px;--awb-border-radius-top-right:0px;--awb-border-radius-bottom-right:0px;--awb-border-radius-bottom-left:0px;--awb-padding-top:8%;--awb-padding-bottom:8%;--awb-background-size:cover;--awb-flex-wrap:wrap;\" data-bg=\"https:\/\/alpacaselcamino.com\/wp-content\/uploads\/2022\/04\/landscaper-aspects-background-scaled.jpg\" ><div class=\"fusion-builder-row fusion-row fusion-flex-align-items-flex-start fusion-flex-content-wrap\" style=\"max-width:1144px;margin-left: calc(-4% \/ 2 );margin-right: calc(-4% \/ 2 );\"><div class=\"fusion-layout-column fusion_builder_column fusion-builder-column-4 fusion_builder_column_1_1 1_1 fusion-flex-column fusion-animated\" style=\"--awb-bg-size:cover;--awb-width-large:100%;--awb-margin-top-large:0px;--awb-spacing-right-large:1.92%;--awb-margin-bottom-large:60px;--awb-spacing-left-large:1.92%;--awb-width-medium:100%;--awb-spacing-right-medium:1.92%;--awb-spacing-left-medium:1.92%;--awb-width-small:100%;--awb-spacing-right-small:1.92%;--awb-spacing-left-small:1.92%;\" data-animationtype=\"fadeInDown\" data-animationduration=\"1.0\" data-animationoffset=\"top-into-view\"><div class=\"fusion-column-wrapper fusion-column-has-shadow fusion-flex-justify-content-flex-start fusion-content-layout-column\"><\/div><\/div><div class=\"fusion-layout-column fusion_builder_column fusion-builder-column-5 fusion_builder_column_1_3 1_3 fusion-flex-column fusion-animated\" style=\"--awb-bg-size:cover;--awb-width-large:33.333333333333%;--awb-margin-top-large:0px;--awb-spacing-right-large:5.76%;--awb-margin-bottom-large:40px;--awb-spacing-left-large:5.76%;--awb-width-medium:100%;--awb-spacing-right-medium:1.92%;--awb-spacing-left-medium:1.92%;--awb-width-small:100%;--awb-spacing-right-small:1.92%;--awb-spacing-left-small:1.92%;\" data-animationtype=\"fadeInLeft\" data-animationduration=\"1.0\" data-animationoffset=\"top-into-view\"><div class=\"fusion-column-wrapper fusion-column-has-shadow fusion-flex-justify-content-flex-start fusion-content-layout-column\"><i class=\"fb-icon-element-1 fb-icon-element fontawesome-icon landscaper-leaf-solid circle-no\" style=\"--awb-font-size:60px;--awb-margin-top:0;--awb-margin-right:0;--awb-margin-bottom:0;--awb-margin-left:0;--awb-align-self:center;\"><\/i><\/div><\/div><div class=\"fusion-layout-column fusion_builder_column fusion-builder-column-6 fusion_builder_column_1_3 1_3 fusion-flex-column fusion-animated\" style=\"--awb-bg-size:cover;--awb-width-large:33.333333333333%;--awb-margin-top-large:0px;--awb-spacing-right-large:5.76%;--awb-margin-bottom-large:40px;--awb-spacing-left-large:5.76%;--awb-width-medium:100%;--awb-spacing-right-medium:1.92%;--awb-spacing-left-medium:1.92%;--awb-width-small:100%;--awb-spacing-right-small:1.92%;--awb-spacing-left-small:1.92%;\" data-animationtype=\"fadeInDown\" data-animationduration=\"1.0\" data-animationoffset=\"top-into-view\"><div class=\"fusion-column-wrapper fusion-column-has-shadow fusion-flex-justify-content-flex-start fusion-content-layout-column\"><i class=\"fb-icon-element-2 fb-icon-element fontawesome-icon landscaper-hand-holding-heart-solid circle-no\" style=\"--awb-font-size:60px;--awb-margin-top:0;--awb-margin-right:0;--awb-margin-bottom:0;--awb-margin-left:0;--awb-align-self:center;\"><\/i><\/div><\/div><div class=\"fusion-layout-column fusion_builder_column fusion-builder-column-7 fusion_builder_column_1_3 1_3 fusion-flex-column fusion-animated\" style=\"--awb-bg-size:cover;--awb-width-large:33.333333333333%;--awb-margin-top-large:0px;--awb-spacing-right-large:5.76%;--awb-margin-bottom-large:40px;--awb-spacing-left-large:5.76%;--awb-width-medium:100%;--awb-spacing-right-medium:1.92%;--awb-spacing-left-medium:1.92%;--awb-width-small:100%;--awb-spacing-right-small:1.92%;--awb-spacing-left-small:1.92%;\" data-animationtype=\"fadeInRight\" data-animationduration=\"1.0\" data-animationoffset=\"top-into-view\"><div class=\"fusion-column-wrapper fusion-column-has-shadow fusion-flex-justify-content-flex-start fusion-content-layout-column\"><i class=\"fb-icon-element-3 fb-icon-element fontawesome-icon landscaper-spa-solid circle-no\" style=\"--awb-font-size:60px;--awb-margin-top:0;--awb-margin-right:0;--awb-margin-bottom:0;--awb-margin-left:0;--awb-align-self:center;\"><\/i><\/div><\/div><\/div><\/div><\/p>","protected":false},"excerpt":{"rendered":"","protected":false},"author":1,"featured_media":0,"parent":0,"menu_order":0,"comment_status":"closed","ping_status":"closed","template":"100-width.php","meta":{"footnotes":""},"class_list":["post-1132","page","type-page","status-publish","hentry"],"yoast_head":"<!-- This site is optimized with the Yoast SEO plugin v27.3 - https:\/\/yoast.com\/product\/yoast-seo-wordpress\/ -->\n<title>El Camino, Hereford - Alpacas El Camino<\/title>\n<meta name=\"robots\" content=\"index, follow, max-snippet:-1, max-image-preview:large, max-video-preview:-1\" \/>\n<link rel=\"canonical\" href=\"https:\/\/alpacaselcamino.com\/en\/hereford\/\" \/>\n<meta property=\"og:locale\" content=\"en_GB\" \/>\n<meta property=\"og:type\" content=\"article\" \/>\n<meta property=\"og:title\" content=\"El Camino, Hereford - Alpacas El Camino\" \/>\n<meta property=\"og:url\" content=\"https:\/\/alpacaselcamino.com\/en\/hereford\/\" \/>\n<meta property=\"og:site_name\" content=\"Alpacas El Camino\" \/>\n<meta property=\"article:modified_time\" content=\"2024-12-19T10:47:09+00:00\" \/>\n<meta name=\"twitter:card\" content=\"summary_large_image\" \/>\n<script type=\"application\/ld+json\" class=\"yoast-schema-graph\">{\"@context\":\"https:\\\/\\\/schema.org\",\"@graph\":[{\"@type\":\"WebPage\",\"@id\":\"https:\\\/\\\/alpacaselcamino.com\\\/hereford\\\/\",\"url\":\"https:\\\/\\\/alpacaselcamino.com\\\/hereford\\\/\",\"name\":\"El Camino, Hereford - Alpacas El Camino\",\"isPartOf\":{\"@id\":\"https:\\\/\\\/alpacaselcamino.com\\\/#website\"},\"datePublished\":\"2022-04-23T00:25:30+00:00\",\"dateModified\":\"2024-12-19T10:47:09+00:00\",\"breadcrumb\":{\"@id\":\"https:\\\/\\\/alpacaselcamino.com\\\/hereford\\\/#breadcrumb\"},\"inLanguage\":\"en-GB\",\"potentialAction\":[{\"@type\":\"ReadAction\",\"target\":[\"https:\\\/\\\/alpacaselcamino.com\\\/hereford\\\/\"]}]},{\"@type\":\"BreadcrumbList\",\"@id\":\"https:\\\/\\\/alpacaselcamino.com\\\/hereford\\\/#breadcrumb\",\"itemListElement\":[{\"@type\":\"ListItem\",\"position\":1,\"name\":\"Portada\",\"item\":\"https:\\\/\\\/alpacaselcamino.com\\\/\"},{\"@type\":\"ListItem\",\"position\":2,\"name\":\"El Camino, Hereford\"}]},{\"@type\":\"WebSite\",\"@id\":\"https:\\\/\\\/alpacaselcamino.com\\\/#website\",\"url\":\"https:\\\/\\\/alpacaselcamino.com\\\/\",\"name\":\"Alpacas El Camino\",\"description\":\"Ovillos de Alpaca y Cabra Mohair. Tambi\u00e9n huevos camperos y patos.\",\"publisher\":{\"@id\":\"https:\\\/\\\/alpacaselcamino.com\\\/#organization\"},\"potentialAction\":[{\"@type\":\"SearchAction\",\"target\":{\"@type\":\"EntryPoint\",\"urlTemplate\":\"https:\\\/\\\/alpacaselcamino.com\\\/?s={search_term_string}\"},\"query-input\":{\"@type\":\"PropertyValueSpecification\",\"valueRequired\":true,\"valueName\":\"search_term_string\"}}],\"inLanguage\":\"en-GB\"},{\"@type\":\"Organization\",\"@id\":\"https:\\\/\\\/alpacaselcamino.com\\\/#organization\",\"name\":\"Alpacas El Camino\",\"url\":\"https:\\\/\\\/alpacaselcamino.com\\\/\",\"logo\":{\"@type\":\"ImageObject\",\"inLanguage\":\"en-GB\",\"@id\":\"https:\\\/\\\/alpacaselcamino.com\\\/#\\\/schema\\\/logo\\\/image\\\/\",\"url\":\"https:\\\/\\\/alpacaselcamino.com\\\/wp-content\\\/uploads\\\/2022\\\/03\\\/Alpacas-El-Camino-2022-Logo.svg\",\"contentUrl\":\"https:\\\/\\\/alpacaselcamino.com\\\/wp-content\\\/uploads\\\/2022\\\/03\\\/Alpacas-El-Camino-2022-Logo.svg\",\"width\":290,\"height\":340,\"caption\":\"Alpacas El Camino\"},\"image\":{\"@id\":\"https:\\\/\\\/alpacaselcamino.com\\\/#\\\/schema\\\/logo\\\/image\\\/\"}}]}<\/script>\n<!-- \/ Yoast SEO plugin. -->","yoast_head_json":{"title":"El Camino, Hereford - Alpacas El Camino","robots":{"index":"index","follow":"follow","max-snippet":"max-snippet:-1","max-image-preview":"max-image-preview:large","max-video-preview":"max-video-preview:-1"},"canonical":"https:\/\/alpacaselcamino.com\/en\/hereford\/","og_locale":"en_GB","og_type":"article","og_title":"El Camino, Hereford - Alpacas El Camino","og_url":"https:\/\/alpacaselcamino.com\/en\/hereford\/","og_site_name":"Alpacas El Camino","article_modified_time":"2024-12-19T10:47:09+00:00","twitter_card":"summary_large_image","schema":{"@context":"https:\/\/schema.org","@graph":[{"@type":"WebPage","@id":"https:\/\/alpacaselcamino.com\/hereford\/","url":"https:\/\/alpacaselcamino.com\/hereford\/","name":"El Camino, Hereford - Alpacas El Camino","isPartOf":{"@id":"https:\/\/alpacaselcamino.com\/#website"},"datePublished":"2022-04-23T00:25:30+00:00","dateModified":"2024-12-19T10:47:09+00:00","breadcrumb":{"@id":"https:\/\/alpacaselcamino.com\/hereford\/#breadcrumb"},"inLanguage":"en-GB","potentialAction":[{"@type":"ReadAction","target":["https:\/\/alpacaselcamino.com\/hereford\/"]}]},{"@type":"BreadcrumbList","@id":"https:\/\/alpacaselcamino.com\/hereford\/#breadcrumb","itemListElement":[{"@type":"ListItem","position":1,"name":"Portada","item":"https:\/\/alpacaselcamino.com\/"},{"@type":"ListItem","position":2,"name":"El Camino, Hereford"}]},{"@type":"WebSite","@id":"https:\/\/alpacaselcamino.com\/#website","url":"https:\/\/alpacaselcamino.com\/","name":"Alpacas El Camino","description":"Ovillos de Alpaca y Cabra Mohair. Tambi\u00e9n huevos camperos y patos.","publisher":{"@id":"https:\/\/alpacaselcamino.com\/#organization"},"potentialAction":[{"@type":"SearchAction","target":{"@type":"EntryPoint","urlTemplate":"https:\/\/alpacaselcamino.com\/?s={search_term_string}"},"query-input":{"@type":"PropertyValueSpecification","valueRequired":true,"valueName":"search_term_string"}}],"inLanguage":"en-GB"},{"@type":"Organization","@id":"https:\/\/alpacaselcamino.com\/#organization","name":"Alpacas El Camino","url":"https:\/\/alpacaselcamino.com\/","logo":{"@type":"ImageObject","inLanguage":"en-GB","@id":"https:\/\/alpacaselcamino.com\/#\/schema\/logo\/image\/","url":"https:\/\/alpacaselcamino.com\/wp-content\/uploads\/2022\/03\/Alpacas-El-Camino-2022-Logo.svg","contentUrl":"https:\/\/alpacaselcamino.com\/wp-content\/uploads\/2022\/03\/Alpacas-El-Camino-2022-Logo.svg","width":290,"height":340,"caption":"Alpacas El Camino"},"image":{"@id":"https:\/\/alpacaselcamino.com\/#\/schema\/logo\/image\/"}}]}},"_links":{"self":[{"href":"https:\/\/alpacaselcamino.com\/en\/wp-json\/wp\/v2\/pages\/1132","targetHints":{"allow":["GET"]}}],"collection":[{"href":"https:\/\/alpacaselcamino.com\/en\/wp-json\/wp\/v2\/pages"}],"about":[{"href":"https:\/\/alpacaselcamino.com\/en\/wp-json\/wp\/v2\/types\/page"}],"author":[{"embeddable":true,"href":"https:\/\/alpacaselcamino.com\/en\/wp-json\/wp\/v2\/users\/1"}],"replies":[{"embeddable":true,"href":"https:\/\/alpacaselcamino.com\/en\/wp-json\/wp\/v2\/comments?post=1132"}],"version-history":[{"count":26,"href":"https:\/\/alpacaselcamino.com\/en\/wp-json\/wp\/v2\/pages\/1132\/revisions"}],"predecessor-version":[{"id":2709,"href":"https:\/\/alpacaselcamino.com\/en\/wp-json\/wp\/v2\/pages\/1132\/revisions\/2709"}],"wp:attachment":[{"href":"https:\/\/alpacaselcamino.com\/en\/wp-json\/wp\/v2\/media?parent=1132"}],"curies":[{"name":"wp","href":"https:\/\/api.w.org\/{rel}","templated":true}]}}